{"id":3892,"date":"2025-10-14T15:56:54","date_gmt":"2025-10-14T15:56:54","guid":{"rendered":"https:\/\/www.barefootfeeling.com\/?post_type=product&#038;p=3892"},"modified":"2026-02-14T09:45:09","modified_gmt":"2026-02-14T09:45:09","slug":"groundies-all-terrain-high-2-0-black-barefoot-pohodni-cevlji","status":"publish","type":"product","link":"https:\/\/www.barefootfeeling.com\/de\/produkt\/groundies-all-terrain-high-2-0-black-barefoot-pohodni-cevlji\/","title":{"rendered":"GROUNDIES\u00ae All Terrain High 2.0 Black Barefoot Pohodni \u010devlji"},"content":{"rendered":"<h3 class=\"product__headline xsmall-order-1 medium-order-2\"><strong>GROUNDIES\u00ae All Terrain High 2.0 Black Barefoot Pohodni \u010devlji<\/strong><\/h3>\n<h4><strong>Lastnosti:<\/strong><\/h4>\n<ul>\n<li>veganski material<\/li>\n<li>ro\u010dno izdelano na Portugalskem<\/li>\n<li>vezalne cone na nartu za popolno stabilnost<\/li>\n<li>zanka za enostavno obuvanje<\/li>\n<li>ustreza srednje \u0161irokemu in o\u017ejemu stopalu<\/li>\n<li>pro\u017een podplat, odporen proti zdrsu in obrabi<\/li>\n<li>vodoodporne<\/li>\n<\/ul>\n<h4><strong>Opomba o velikosti: Ta model ustreza svoji velikosti.<\/strong><\/h4>\n<p><strong>\u010cevlji za teren \u2013\u00a0podplat GH2<\/strong><\/p>\n<table>\n<tbody>\n<tr>\n<td style=\"text-align: center;\" colspan=\"3\"><strong>Velikostna tabela All Terrain Low<\/strong><\/td>\n<\/tr>\n<tr>\n<td style=\"text-align: center;\"><strong>Velikost EU<\/strong><\/td>\n<td style=\"text-align: center;\"><strong>Notranja dol\u017eina (mm)<\/strong><\/td>\n<td style=\"text-align: center;\"><strong>Notranja \u0161irina (mm)<\/strong><\/td>\n<\/tr>\n<tr>\n<td><strong>36<\/strong><\/td>\n<td>234<\/td>\n<td>86<\/td>\n<\/tr>\n<tr>\n<td><strong>37<\/strong><\/td>\n<td>240<\/td>\n<td>87<\/td>\n<\/tr>\n<tr>\n<td><strong>38<\/strong><\/td>\n<td>246<\/td>\n<td>88<\/td>\n<\/tr>\n<tr>\n<td><strong>39<\/strong><\/td>\n<td>253<\/td>\n<td>90<\/td>\n<\/tr>\n<tr>\n<td><strong>40<\/strong><\/td>\n<td>260<\/td>\n<td>91<\/td>\n<\/tr>\n<tr>\n<td><strong>41<\/strong><\/td>\n<td>267<\/td>\n<td>93<\/td>\n<\/tr>\n<tr>\n<td><strong>42<\/strong><\/td>\n<td>273<\/td>\n<td>95<\/td>\n<\/tr>\n<tr>\n<td><strong>43<\/strong><\/td>\n<td>279<\/td>\n<td>97<\/td>\n<\/tr>\n<tr>\n<td><strong>44<\/strong><\/td>\n<td>286<\/td>\n<td>98<\/td>\n<\/tr>\n<tr>\n<td><strong>45<\/strong><\/td>\n<td>293<\/td>\n<td>100<\/td>\n<\/tr>\n<tr>\n<td><strong>46<\/strong><\/td>\n<td>300<\/td>\n<td>101<\/td>\n<\/tr>\n<tr>\n<td><strong>47<\/strong><\/td>\n<td>307<\/td>\n<td>102<\/td>\n<\/tr>\n<tr>\n<td><strong>48<\/strong><\/td>\n<td>314<\/td>\n<td>103<\/td>\n<\/tr>\n<\/tbody>\n<\/table>","protected":false},"excerpt":{"rendered":"<p>Groundies\u00a0<strong>All Terrain High 2.0<\/strong>\u00a0so popolna pohodni\u0161ka obutev za va\u0161e zunanje pustolov\u0161\u010dine. Zahvaljujo\u010d inovativnemu pohodni podplatu GH2 TrueSense\u00ae ponujajo odli\u010den oprijem, dovolj prostora za prste in maksimalno udobje.<\/p>\n<p>Zgornji material iz recikliranega poliestra ni le vodoodporen, ampak tudi zra\u010den, medtem ko mehka oblazinjenja v predelu gle\u017enja zagotavljajo udobje tudi med dolgimi pohodi.<\/p>\n<p>Premi\u0161ljene vezalne cone na nart zagotavljajo stabilnost in oporo v zahtevnem terenu. All Terrain High zdru\u017euje prednosti barefoot obutve z odpornostjo, ki jo bo cenil vsak ljubitelj zunanjih aktivnosti.<\/p>","protected":false},"featured_media":3905,"comment_status":"open","ping_status":"closed","template":"","meta":[],"product_brand":[],"product_cat":[29,30,32,20,25,22,82,52,53],"product_tag":[],"class_list":{"0":"post-3892","1":"product","2":"type-product","3":"status-publish","4":"has-post-thumbnail","6":"product_cat-moski","7":"product_cat-zenski","8":"product_cat-unisex","9":"product_cat-zima","10":"product_cat-sportni","11":"product_cat-visoki","12":"product_cat-groundies","13":"product_cat-ozka-noga","14":"product_cat-srednje-siroka-noga","16":"first","17":"instock","18":"shipping-taxable","19":"purchasable","20":"product-type-variable"},"_links":{"self":[{"href":"https:\/\/www.barefootfeeling.com\/de\/wp-json\/wp\/v2\/product\/3892","targetHints":{"allow":["GET"]}}],"collection":[{"href":"https:\/\/www.barefootfeeling.com\/de\/wp-json\/wp\/v2\/product"}],"about":[{"href":"https:\/\/www.barefootfeeling.com\/de\/wp-json\/wp\/v2\/types\/product"}],"replies":[{"embeddable":true,"href":"https:\/\/www.barefootfeeling.com\/de\/wp-json\/wp\/v2\/comments?post=3892"}],"wp:featuredmedia":[{"embeddable":true,"href":"https:\/\/www.barefootfeeling.com\/de\/wp-json\/wp\/v2\/media\/3905"}],"wp:attachment":[{"href":"https:\/\/www.barefootfeeling.com\/de\/wp-json\/wp\/v2\/media?parent=3892"}],"wp:term":[{"taxonomy":"product_brand","embeddable":true,"href":"https:\/\/www.barefootfeeling.com\/de\/wp-json\/wp\/v2\/product_brand?post=3892"},{"taxonomy":"product_cat","embeddable":true,"href":"https:\/\/www.barefootfeeling.com\/de\/wp-json\/wp\/v2\/product_cat?post=3892"},{"taxonomy":"product_tag","embeddable":true,"href":"https:\/\/www.barefootfeeling.com\/de\/wp-json\/wp\/v2\/product_tag?post=3892"}],"curies":[{"name":"wp","href":"https:\/\/api.w.org\/{rel}","templated":true}]}}