{"id":3877,"date":"2025-10-14T15:32:27","date_gmt":"2025-10-14T15:32:27","guid":{"rendered":"https:\/\/www.barefootfeeling.com\/?post_type=product&#038;p=3877"},"modified":"2026-01-27T15:34:39","modified_gmt":"2026-01-27T15:34:39","slug":"groundies-odessa-go1-black-zenski-barefoot-gleznarji","status":"publish","type":"product","link":"https:\/\/www.barefootfeeling.com\/de\/produkt\/groundies-odessa-go1-black-zenski-barefoot-gleznarji\/","title":{"rendered":"Groundies Odessa GO1 Black &#8211; \u017denski Barefoot Gle\u017enarji"},"content":{"rendered":"<h3><strong>Groundies Odessa GO1 Black \u017denski Barefoot Gle\u017enarji<\/strong><\/h3>\n<p>&nbsp;<\/p>\n<p><strong>Lastnosti<\/strong><\/p>\n<ul>\n<li>Zgornji del iz visokokakovostnega usnja<\/li>\n<li>Subtilni kontrastni elementi<\/li>\n<li>Zelo pro\u017een, nedrse\u010d in proti obrabi odporen podplat<\/li>\n<li>Oblikovano v Nem\u010diji. Izdelano na Portugalskem<\/li>\n<li>Ni\u010delni padec in nevtralen podplat<\/li>\n<li>Anatomska oblika in veliko prostora za prste<\/li>\n<\/ul>\n<h5><strong>Opomba o velikosti: Ta model ustreza velikosti.<\/strong><\/h5>\n<p>&nbsp;<\/p>\n<table class=\"table table-bordered\">\n<tbody>\n<tr>\n<td><b>Dol\u017eina<\/b><\/td>\n<td><b>\u0160irina<\/b><\/td>\n<td><b>EU<\/b><\/td>\n<td><b>UK<\/b><\/td>\n<td><b>US<\/b><\/td>\n<\/tr>\n<tr class=\"line\">\n<td>23,4 cm<\/td>\n<td>8,6 cm<\/td>\n<td>36<\/td>\n<td>3.5<\/td>\n<td>6<\/td>\n<\/tr>\n<tr class=\"line\">\n<td>24,0 cm<\/td>\n<td>8,7 cm<\/td>\n<td>37<\/td>\n<td>4.5<\/td>\n<td>7<\/td>\n<\/tr>\n<tr class=\"line\">\n<td>24,6 cm<\/td>\n<td>8,8 cm<\/td>\n<td>38<\/td>\n<td>5<\/td>\n<td>7.5<\/td>\n<\/tr>\n<tr class=\"line\">\n<td>25,3 cm<\/td>\n<td>9,0 cm<\/td>\n<td>39<\/td>\n<td>6<\/td>\n<td>8.5<\/td>\n<\/tr>\n<tr class=\"line\">\n<td>26,0 cm<\/td>\n<td>9,1 cm<\/td>\n<td>40<\/td>\n<td>6.5<\/td>\n<td>9<\/td>\n<\/tr>\n<tr class=\"line\">\n<td>26,7 cm<\/td>\n<td>9,3 cm<\/td>\n<td>41<\/td>\n<td>7.5<\/td>\n<td>10<\/td>\n<\/tr>\n<tr class=\"line\">\n<td>27,3 cm<\/td>\n<td>9,5 cm<\/td>\n<td>42<\/td>\n<td>8<\/td>\n<td>10.5<\/td>\n<\/tr>\n<tr class=\"line\">\n<td>27,9 cm<\/td>\n<td>9,7 cm<\/td>\n<td>43<\/td>\n<td>9<\/td>\n<td>11.5<\/td>\n<\/tr>\n<\/tbody>\n<\/table>","protected":false},"excerpt":{"rendered":"<p>\u010cudovit vsakdanji videz nizkih \u0161kornjev bo poudaril vsako obleko. Kot dodatek h krilu, obleki ali kavbojkam bodo polep\u0161ali sive hladne dni. Groundies Odessa so odli\u010dno izdelani, uporabljeni velur pa je videti res razko\u0161no. So vsestranski, a hkrati zelo edinstven kos v va\u0161i garderobi.<\/p>","protected":false},"featured_media":3886,"comment_status":"open","ping_status":"closed","template":"","meta":[],"product_brand":[],"product_cat":[30,20,24,22,82,52,53,56],"product_tag":[],"class_list":{"0":"post-3877","1":"product","2":"type-product","3":"status-publish","4":"has-post-thumbnail","6":"product_cat-zenski","7":"product_cat-zima","8":"product_cat-elegantni","9":"product_cat-visoki","10":"product_cat-groundies","11":"product_cat-ozka-noga","12":"product_cat-srednje-siroka-noga","13":"product_cat-izjemno-fleksibilen","15":"first","16":"instock","17":"sale","18":"shipping-taxable","19":"purchasable","20":"product-type-variable"},"_links":{"self":[{"href":"https:\/\/www.barefootfeeling.com\/de\/wp-json\/wp\/v2\/product\/3877","targetHints":{"allow":["GET"]}}],"collection":[{"href":"https:\/\/www.barefootfeeling.com\/de\/wp-json\/wp\/v2\/product"}],"about":[{"href":"https:\/\/www.barefootfeeling.com\/de\/wp-json\/wp\/v2\/types\/product"}],"replies":[{"embeddable":true,"href":"https:\/\/www.barefootfeeling.com\/de\/wp-json\/wp\/v2\/comments?post=3877"}],"wp:featuredmedia":[{"embeddable":true,"href":"https:\/\/www.barefootfeeling.com\/de\/wp-json\/wp\/v2\/media\/3886"}],"wp:attachment":[{"href":"https:\/\/www.barefootfeeling.com\/de\/wp-json\/wp\/v2\/media?parent=3877"}],"wp:term":[{"taxonomy":"product_brand","embeddable":true,"href":"https:\/\/www.barefootfeeling.com\/de\/wp-json\/wp\/v2\/product_brand?post=3877"},{"taxonomy":"product_cat","embeddable":true,"href":"https:\/\/www.barefootfeeling.com\/de\/wp-json\/wp\/v2\/product_cat?post=3877"},{"taxonomy":"product_tag","embeddable":true,"href":"https:\/\/www.barefootfeeling.com\/de\/wp-json\/wp\/v2\/product_tag?post=3877"}],"curies":[{"name":"wp","href":"https:\/\/api.w.org\/{rel}","templated":true}]}}