{"id":3863,"date":"2025-09-13T11:18:35","date_gmt":"2025-09-13T11:18:35","guid":{"rendered":"https:\/\/www.barefootfeeling.com\/?post_type=product&#038;p=3863"},"modified":"2026-01-27T15:29:41","modified_gmt":"2026-01-27T15:29:41","slug":"leguanito-nicebare","status":"publish","type":"product","link":"https:\/\/www.barefootfeeling.com\/de\/produkt\/leguanito-nicebare\/","title":{"rendered":"Leguanito nicebare"},"content":{"rendered":"<h3><strong>Leguanito nicebare \u2013 zimski otro\u0161ki bosonogi \u010devlji<\/strong><\/h3>\n<p>Mali medvedki se nam zdijo izjemno ljubki in privla\u010dni, \u0161e posebej takrat, ko s svojim ob\u010dutljivim tipom v \u0161apah raziskujejo svet. Prav to omogo\u010dajo na\u0161im otrokom novi, vodoodbojni leguanito \u201enicebare\u201c, nasledniki priljubljenih zimskih gle\u017enarjev \u201eicebare\u201c za odrasle. Otro\u0161ka stopala se lahko tako razvijajo in krepijo na naraven na\u010din z zdravim gibanjem in mi\u0161i\u010dno aktivnostjo \u2013 kot bi bila bosa. Mehka podloga zagotavlja udobje in prijetno toploto. In ne nazadnje: novi leguanito nicebare je tudi prilagodljiv \u2013 z ro\u010dnim pranjem se za kratek \u010das spremeni v majhnega rakuna.<\/p>\n<p><strong>Materiali<\/strong><\/p>\n<p>Zgornji material: 100% poliamid (vodoodbojen in zra\u010den)<\/p>\n<p>Notranji material: 100% poliester<\/p>\n<p>Vlo\u017eek: 100% mikrovlakna<\/p>\n<p>Nosilec vlo\u017eka: 50% viskoza, 50 % mikrovlakna<\/p>\n<p>Sohle: LIFOLIT\u00ae-lg<\/p>\n<p>Izdelani v Nem\u010diji.<\/p>\n<p><strong>Pflegehinweis<\/strong>: Pranje pri 30 \u00b0C v vre\u010dki za pranje (program za ob\u010dutljivo perilo). Uporabite pralno sredstvo za ob\u010dutljivo perilo, ne uporabljajte meh\u010dalca in pra\u0161ka. Perite lo\u010deno ali s podobnimi barvami. Ni primerno za su\u0161ilni stroj. Vezalke perite lo\u010deno z ro\u010dnim pranjem.<\/p>\n<h4><strong>Gr\u00f6\u00dfentabelle<\/strong><\/h4>\n<p>&nbsp;<\/p>\n<table class=\"product-sizing-table product-sizing-table-B\">\n<thead>\n<tr>\n<th class=\"col-size\">Gr\u00f6\u00dfe<\/th>\n<th class=\"col-length\">Dol\u017eina<\/th>\n<\/tr>\n<\/thead>\n<tbody>\n<tr>\n<td class=\"col-size\">23<\/td>\n<td class=\"col-length\" data-value=\"14,7\">14,5<\/td>\n<\/tr>\n<tr>\n<td class=\"col-size\">24<\/td>\n<td class=\"col-length\" data-value=\"15,3\">15<\/td>\n<\/tr>\n<tr>\n<td class=\"col-size\">25<\/td>\n<td class=\"col-length\" data-value=\"16\">15,5<\/td>\n<\/tr>\n<tr>\n<td class=\"col-size\">26<\/td>\n<td class=\"col-length\" data-value=\"16,7\">16<\/td>\n<\/tr>\n<tr>\n<td class=\"col-size\">27<\/td>\n<td class=\"col-length\" data-value=\"17,3\">16,5<\/td>\n<\/tr>\n<tr>\n<td class=\"col-size\">28<\/td>\n<td class=\"col-length\" data-value=\"18\">17<\/td>\n<\/tr>\n<\/tbody>\n<\/table>","protected":false},"excerpt":{"rendered":"<ul>\n<li>Zdrava otro\u0161ka stopala od samega za\u010detka<\/li>\n<li>Zra\u010dni, lahki in udobni<\/li>\n<li>Ro\u010dno izdelani v Nem\u010diji<\/li>\n<\/ul>","protected":false},"featured_media":3871,"comment_status":"open","ping_status":"closed","template":"","meta":[],"product_brand":[],"product_cat":[31,20,19,52,53,56],"product_tag":[],"class_list":{"0":"post-3863","1":"product","2":"type-product","3":"status-publish","4":"has-post-thumbnail","6":"product_cat-otroski","7":"product_cat-zima","8":"product_cat-leguano","9":"product_cat-ozka-noga","10":"product_cat-srednje-siroka-noga","11":"product_cat-izjemno-fleksibilen","13":"first","14":"instock","15":"sale","16":"shipping-taxable","17":"purchasable","18":"product-type-variable"},"_links":{"self":[{"href":"https:\/\/www.barefootfeeling.com\/de\/wp-json\/wp\/v2\/product\/3863","targetHints":{"allow":["GET"]}}],"collection":[{"href":"https:\/\/www.barefootfeeling.com\/de\/wp-json\/wp\/v2\/product"}],"about":[{"href":"https:\/\/www.barefootfeeling.com\/de\/wp-json\/wp\/v2\/types\/product"}],"replies":[{"embeddable":true,"href":"https:\/\/www.barefootfeeling.com\/de\/wp-json\/wp\/v2\/comments?post=3863"}],"wp:featuredmedia":[{"embeddable":true,"href":"https:\/\/www.barefootfeeling.com\/de\/wp-json\/wp\/v2\/media\/3871"}],"wp:attachment":[{"href":"https:\/\/www.barefootfeeling.com\/de\/wp-json\/wp\/v2\/media?parent=3863"}],"wp:term":[{"taxonomy":"product_brand","embeddable":true,"href":"https:\/\/www.barefootfeeling.com\/de\/wp-json\/wp\/v2\/product_brand?post=3863"},{"taxonomy":"product_cat","embeddable":true,"href":"https:\/\/www.barefootfeeling.com\/de\/wp-json\/wp\/v2\/product_cat?post=3863"},{"taxonomy":"product_tag","embeddable":true,"href":"https:\/\/www.barefootfeeling.com\/de\/wp-json\/wp\/v2\/product_tag?post=3863"}],"curies":[{"name":"wp","href":"https:\/\/api.w.org\/{rel}","templated":true}]}}