{"id":3851,"date":"2025-09-09T15:17:43","date_gmt":"2025-09-09T15:17:43","guid":{"rendered":"https:\/\/www.barefootfeeling.com\/?post_type=product&#038;p=3851"},"modified":"2025-12-02T14:59:19","modified_gmt":"2025-12-02T14:59:19","slug":"pokeboo-dezni-skornji-black-green","status":"publish","type":"product","link":"https:\/\/www.barefootfeeling.com\/de\/produkt\/pokeboo-dezni-skornji-black-green\/","title":{"rendered":"Pokeboo &#8211; de\u017eni \u0161kornji &#8211; black\/green"},"content":{"rendered":"<p><strong>Vodoodporni<\/strong><br \/>\nPokeboo de\u017eni \u0161kornji so narejeni iz naravne gume in imajo popolnoma vodoodporno zasnovo. So odli\u010dna izbira za vsak izziv na prostem.<\/p>\n<p><strong>Gumijasti<\/strong><br \/>\nGumijasti podplati zagotavljajo odli\u010den oprijem in prilagodljivost. Oja\u010dan zadnji del omogo\u010da uporabo na razli\u010dnih terenih. Tanek in izjemno fleksibilen podplat daje ob\u010dutek bosih nog.<\/p>\n<p><strong>Prakti\u010dni<\/strong><br \/>\nAm oberen Ende des Stiefels befindet sich ein Kordelzug, mit dem der Stiefel beim Tragen festgezogen werden kann, damit kein Wasser von oben eindringen kann.<\/p>\n<p><strong>Faltbar<\/strong><br \/>\n\u0160kornji se hitro in enostavno pospravijo v prilo\u017eeno torbico za prena\u0161anje, ki jo lahko kadarkoli vzamete s sabo &#8211; so namre\u010d zelo lahki &#8211; tehtajo le pribli\u017eno 500g.<\/p>\n<p><strong>Materiali<\/strong><\/p>\n<p><em>Zunanji<\/em>: naravna guma, sinteti\u010dna guma<\/p>\n<p><em>Notranjost<\/em>: najlon<\/p>\n<p><em>Vrvica<\/em>: najlon, naravna guma<\/p>\n<p>Narejeni na Tajskem.<\/p>\n<p>&nbsp;<\/p>\n<p><strong>Tabela velikosti<\/strong><\/p>\n<table class=\"product-sizing-table product-sizing-table-B\">\n<thead>\n<tr>\n<th class=\"col-size\">Gr\u00f6\u00dfe<\/th>\n<th class=\"col-width\">EUR<\/th>\n<th class=\"col-length\">cm<\/th>\n<\/tr>\n<\/thead>\n<tbody>\n<tr>\n<td class=\"col-size\">SS<\/td>\n<td class=\"col-width\" data-value=\"7\">35,5-36,5<\/td>\n<td class=\"col-length\" data-value=\"16,2\">22,5-23<\/td>\n<\/tr>\n<tr>\n<td class=\"col-size\">S<\/td>\n<td class=\"col-width\" data-value=\"7,1\">37-38<\/td>\n<td class=\"col-length\" data-value=\"16,8\">23,5-24<\/td>\n<\/tr>\n<tr>\n<td class=\"col-size\">M<\/td>\n<td class=\"col-width\" data-value=\"7,2\">38,5-39,5<\/td>\n<td class=\"col-length\" data-value=\"17,5\">24,5-25<\/td>\n<\/tr>\n<tr>\n<td class=\"col-size\">L<\/td>\n<td class=\"col-width\" data-value=\"7,4\">40-41<\/td>\n<td class=\"col-length\" data-value=\"18,3\">25,5-26<\/td>\n<\/tr>\n<tr>\n<td class=\"col-size\">LL<\/td>\n<td class=\"col-width\" data-value=\"7,5\">41,5-42,5<\/td>\n<td class=\"col-length\" data-value=\"18,9\">26,5-27<\/td>\n<\/tr>\n<tr>\n<td class=\"col-size\">3L<\/td>\n<td class=\"col-width\" data-value=\"7,7\">43-44<\/td>\n<td class=\"col-length\" data-value=\"19,6\">27,5-28<\/td>\n<\/tr>\n<tr>\n<td class=\"col-size\">4L<\/td>\n<td class=\"col-width\" data-value=\"7,9\">44,5-45,5<\/td>\n<td class=\"col-length\" data-value=\"20,2\">28,5-29<\/td>\n<\/tr>\n<tr>\n<td class=\"col-size\">5L<\/td>\n<td class=\"col-width\" data-value=\"8\">46-47<\/td>\n<td class=\"col-length\" data-value=\"20,9\">29,5-30<\/td>\n<\/tr>\n<\/tbody>\n<\/table>\n<p>&nbsp;<\/p>","protected":false},"excerpt":{"rendered":"<p>Die Regenstiefel von Pokeboo bieten eine hervorragende Leistung bei nassen Bedingungen. Die strapazierf\u00e4hige, rutschfeste Gummisohle bietet au\u00dfergew\u00f6hnliche Traktion und Stabilit\u00e4t und ist damit perfekt f\u00fcr regnerische Tage. Bleiben Sie trocken, bleiben Sie sicher und gehen Sie selbstbewusst mit Pokeboo-Regenstiefeln!<\/p>","protected":false},"featured_media":3860,"comment_status":"open","ping_status":"closed","template":"","meta":[],"product_brand":[],"product_cat":[29,30,32,22,33,50],"product_tag":[],"class_list":{"0":"post-3851","1":"product","2":"type-product","3":"status-publish","4":"has-post-thumbnail","6":"product_cat-moski","7":"product_cat-zenski","8":"product_cat-unisex","9":"product_cat-visoki","10":"product_cat-za-dez","11":"product_cat-pokeboo","13":"first","14":"instock","15":"shipping-taxable","16":"purchasable","17":"product-type-variable"},"_links":{"self":[{"href":"https:\/\/www.barefootfeeling.com\/de\/wp-json\/wp\/v2\/product\/3851","targetHints":{"allow":["GET"]}}],"collection":[{"href":"https:\/\/www.barefootfeeling.com\/de\/wp-json\/wp\/v2\/product"}],"about":[{"href":"https:\/\/www.barefootfeeling.com\/de\/wp-json\/wp\/v2\/types\/product"}],"replies":[{"embeddable":true,"href":"https:\/\/www.barefootfeeling.com\/de\/wp-json\/wp\/v2\/comments?post=3851"}],"wp:featuredmedia":[{"embeddable":true,"href":"https:\/\/www.barefootfeeling.com\/de\/wp-json\/wp\/v2\/media\/3860"}],"wp:attachment":[{"href":"https:\/\/www.barefootfeeling.com\/de\/wp-json\/wp\/v2\/media?parent=3851"}],"wp:term":[{"taxonomy":"product_brand","embeddable":true,"href":"https:\/\/www.barefootfeeling.com\/de\/wp-json\/wp\/v2\/product_brand?post=3851"},{"taxonomy":"product_cat","embeddable":true,"href":"https:\/\/www.barefootfeeling.com\/de\/wp-json\/wp\/v2\/product_cat?post=3851"},{"taxonomy":"product_tag","embeddable":true,"href":"https:\/\/www.barefootfeeling.com\/de\/wp-json\/wp\/v2\/product_tag?post=3851"}],"curies":[{"name":"wp","href":"https:\/\/api.w.org\/{rel}","templated":true}]}}