{"id":3769,"date":"2025-04-16T09:28:24","date_gmt":"2025-04-16T09:28:24","guid":{"rendered":"https:\/\/www.barefootfeeling.com\/?post_type=product&#038;p=3769"},"modified":"2025-08-22T15:58:50","modified_gmt":"2025-08-22T15:58:50","slug":"leguanito-speedy-blue","status":"publish","type":"product","link":"https:\/\/www.barefootfeeling.com\/de\/produkt\/leguanito-speedy-blue\/","title":{"rendered":"Leguanito Speedy &#8211; blue"},"content":{"rendered":"<h3><strong>Leguanito Speedy \u2013 otro\u0161ki bosonogi \u010devlji<\/strong><\/h3>\n<p>&nbsp;<\/p>\n<p><strong>Materiali<\/strong><\/p>\n<p>Zgornji material (mre\u017eica): 100% poliamid<\/p>\n<p>Notranji material: 90% poliester, 10% elastan<\/p>\n<p>Vlo\u017eek: 51% poliamid, 49% poliuretan<\/p>\n<p>Sohle: LIFOLIT\u00ae-lg<\/p>\n<p>Izdelani v Nem\u010diji.<\/p>\n<p><strong>Pflegehinweis<\/strong>: Bei 30 \u00b0C im W\u00e4schenetz waschen (Wollwaschgang oder Handw\u00e4sche). Wollwaschmittel, keinen Weichsp\u00fcler und kein Pulver verwenden. Separat oder mit \u00e4hnlichen Farben waschen. Nicht Trockner geeignet. Schn\u00fcrsenkel separat mit Handw\u00e4sche waschen. Eine regelm\u00e4\u00dfige Impr\u00e4gnierung sorgt daf\u00fcr, dass der Lotuseffekt aufrecht erhalten wird.<\/p>\n<h4><strong>Gr\u00f6\u00dfentabelle<\/strong><\/h4>\n<p>&nbsp;<\/p>\n<table class=\"product-sizing-table product-sizing-table-B\">\n<thead>\n<tr>\n<th class=\"col-size\">Gr\u00f6\u00dfe<\/th>\n<th class=\"col-length\">Dol\u017eina<\/th>\n<\/tr>\n<\/thead>\n<tbody>\n<tr>\n<td class=\"col-size\">23<\/td>\n<td class=\"col-length\" data-value=\"14,7\">14,7<\/td>\n<\/tr>\n<tr>\n<td class=\"col-size\">24<\/td>\n<td class=\"col-length\" data-value=\"15,3\">15,3<\/td>\n<\/tr>\n<tr>\n<td class=\"col-size\">25<\/td>\n<td class=\"col-length\" data-value=\"16\">16<\/td>\n<\/tr>\n<tr>\n<td class=\"col-size\">26<\/td>\n<td class=\"col-length\" data-value=\"16,7\">16,7<\/td>\n<\/tr>\n<tr>\n<td class=\"col-size\">27<\/td>\n<td class=\"col-length\" data-value=\"17,3\">17,3<\/td>\n<\/tr>\n<tr>\n<td class=\"col-size\">28<\/td>\n<td class=\"col-length\" data-value=\"18\">18<\/td>\n<\/tr>\n<tr>\n<td class=\"col-size\">29<\/td>\n<td class=\"col-length\" data-value=\"18,7\">18,7<\/td>\n<\/tr>\n<tr>\n<td class=\"col-size\">30<\/td>\n<td class=\"col-length\" data-value=\"19,3\">19,3<\/td>\n<\/tr>\n<tr>\n<td class=\"col-size\">31<\/td>\n<td class=\"col-length\" data-value=\"20\">20<\/td>\n<\/tr>\n<tr>\n<td class=\"col-size\">32<\/td>\n<td class=\"col-length\" data-value=\"20,7\">26,7<\/td>\n<\/tr>\n<tr>\n<td class=\"col-size\">33<\/td>\n<td class=\"col-length\" data-value=\"21,3\">21,3<\/td>\n<\/tr>\n<tr>\n<td class=\"col-size\">34<\/td>\n<td class=\"col-length\" data-value=\"22\">22<\/td>\n<\/tr>\n<\/tbody>\n<\/table>\n<p>&nbsp;<\/p>\n<p>&nbsp;<\/p>\n<p>&nbsp;<\/p>\n<p>&nbsp;<\/p>\n<p>&nbsp;<\/p>","protected":false},"excerpt":{"rendered":"<p>Leguanito Speedy &#8211; blue spremlja najmlaj\u0161e povsod: na igri\u0161\u010de, v vrtec, v \u0161olo in na vse sprehode. \u010cevlji so zelo vsestranski in z barvno kombinacijo odra\u017eajo otro\u0161ko energijo in veselje do \u017eivljenja. Fleksibilen podplat spodbuja naravno gibanje stopala in krepi mi\u0161ice. Zunanji material, ki je odporen proti obrabi, vendar zra\u010den, zagotavlja visoko udobje pri no\u0161enju.<\/p>\n<p>&nbsp;<\/p>\n<p>Sie haben Fragen? Unser Serviceteam steht Ihnen gerne zur Verf\u00fcgung. Sie erreichen uns \u00fcber info@barefootfeeling.com. <span style=\"color: #008000;\"><strong><a style=\"color: #008000;\" href=\"mailto:info@barefootfeeling.com\" target=\"_blank\" rel=\"noopener noreferrer\">info@barefootfeeling.com<\/a><\/strong><\/span>, z veseljem vam bomo pomagali.<\/p>","protected":false},"featured_media":3778,"comment_status":"open","ping_status":"closed","template":"","meta":[],"product_brand":[],"product_cat":[28,31,17,21,16,25,19,52,53,54,56],"product_tag":[],"class_list":{"0":"post-3769","1":"product","2":"type-product","3":"status-publish","4":"has-post-thumbnail","6":"product_cat-spol","7":"product_cat-otroski","8":"product_cat-letni-cas","9":"product_cat-poletje","10":"product_cat-tip","11":"product_cat-sportni","12":"product_cat-leguano","13":"product_cat-ozka-noga","14":"product_cat-srednje-siroka-noga","15":"product_cat-siroka-noga","16":"product_cat-izjemno-fleksibilen","18":"first","19":"instock","20":"shipping-taxable","21":"purchasable","22":"product-type-variable"},"_links":{"self":[{"href":"https:\/\/www.barefootfeeling.com\/de\/wp-json\/wp\/v2\/product\/3769","targetHints":{"allow":["GET"]}}],"collection":[{"href":"https:\/\/www.barefootfeeling.com\/de\/wp-json\/wp\/v2\/product"}],"about":[{"href":"https:\/\/www.barefootfeeling.com\/de\/wp-json\/wp\/v2\/types\/product"}],"replies":[{"embeddable":true,"href":"https:\/\/www.barefootfeeling.com\/de\/wp-json\/wp\/v2\/comments?post=3769"}],"wp:featuredmedia":[{"embeddable":true,"href":"https:\/\/www.barefootfeeling.com\/de\/wp-json\/wp\/v2\/media\/3778"}],"wp:attachment":[{"href":"https:\/\/www.barefootfeeling.com\/de\/wp-json\/wp\/v2\/media?parent=3769"}],"wp:term":[{"taxonomy":"product_brand","embeddable":true,"href":"https:\/\/www.barefootfeeling.com\/de\/wp-json\/wp\/v2\/product_brand?post=3769"},{"taxonomy":"product_cat","embeddable":true,"href":"https:\/\/www.barefootfeeling.com\/de\/wp-json\/wp\/v2\/product_cat?post=3769"},{"taxonomy":"product_tag","embeddable":true,"href":"https:\/\/www.barefootfeeling.com\/de\/wp-json\/wp\/v2\/product_tag?post=3769"}],"curies":[{"name":"wp","href":"https:\/\/api.w.org\/{rel}","templated":true}]}}