{"id":3727,"date":"2025-04-16T09:22:57","date_gmt":"2025-04-16T09:22:57","guid":{"rendered":"https:\/\/www.barefootfeeling.com\/?post_type=product&#038;p=3727"},"modified":"2026-02-21T10:18:21","modified_gmt":"2026-02-21T10:18:21","slug":"tikki-nido-pony","status":"publish","type":"product","link":"https:\/\/www.barefootfeeling.com\/de\/produkt\/tikki-nido-pony\/","title":{"rendered":"Tikki Nido &#8211; Pony"},"content":{"rendered":"<h3><strong>Tikki Nido \u2013 otro\u0161ki bosonogi sandali<\/strong><\/h3>\n<p>&nbsp;<\/p>\n<p><strong>Materiali in specifikacije<\/strong><\/p>\n<p>Vrhunsko kakovostno usnje<\/p>\n<p>0,8 mm debeli tekstilni vlo\u017eki<\/p>\n<p>Podplat iz naravne gume debeline 2 mm<\/p>\n<p>Izjemno lahki, tehtajo le pribli\u017eno 95 g.<\/p>\n<h6>* Zavrnitev odgovornosti: ker je ro\u010dno izdelan, se lahko velikosti razlikujejo do 2 mm<\/h6>\n<h4><strong>Gr\u00f6\u00dfentabelle<\/strong><\/h4>\n<table class=\"sizes-guide-table\" border=\"3\" align=\"center\">\n<tbody>\n<tr>\n<th>\u0160tevilka<\/th>\n<th>Dol\u017eina<\/th>\n<th>\u0160irina<\/th>\n<\/tr>\n<tr>\n<td>18<\/td>\n<td>12.0 cm<\/td>\n<td>5.6 cm<\/td>\n<\/tr>\n<tr>\n<td>19<\/td>\n<td>12.3 cm<\/td>\n<td>6.0 cm<\/td>\n<\/tr>\n<tr>\n<td>20<\/td>\n<td>13 cm<\/td>\n<td>6.1 cm<\/td>\n<\/tr>\n<tr>\n<td>21<\/td>\n<td>13.7 cm<\/td>\n<td>6.3 cm<\/td>\n<\/tr>\n<tr>\n<td>22<\/td>\n<td>14.5 cm<\/td>\n<td>6.5 cm<\/td>\n<\/tr>\n<tr>\n<td>23<\/td>\n<td>15.1 cm<\/td>\n<td>6.7 cm<\/td>\n<\/tr>\n<tr>\n<td>24<\/td>\n<td>15.8 cm<\/td>\n<td>6.9 cm<\/td>\n<\/tr>\n<tr>\n<td>25<\/td>\n<td>16.6 cm<\/td>\n<td>7.1 cm<\/td>\n<\/tr>\n<tr>\n<td>26<\/td>\n<td>17.3 cm<\/td>\n<td>7.3 cm<\/td>\n<\/tr>\n<tr>\n<td>27<\/td>\n<td>18 cm<\/td>\n<td>7.5 cm<\/td>\n<\/tr>\n<tr>\n<td>28<\/td>\n<td>18.6 cm<\/td>\n<td>7.7 cm<\/td>\n<\/tr>\n<tr>\n<td>29<\/td>\n<td>19.1 cm<\/td>\n<td>7.9 cm<\/td>\n<\/tr>\n<tr>\n<td>30<\/td>\n<td>19.8 cm<\/td>\n<td>8.1 cm<\/td>\n<\/tr>\n<tr>\n<td>31<\/td>\n<td>20.4 cm<\/td>\n<td>8.2 cm<\/td>\n<\/tr>\n<tr>\n<td>32<\/td>\n<td>21.1 cm<\/td>\n<td>8.3 cm<\/td>\n<\/tr>\n<\/tbody>\n<\/table>","protected":false},"excerpt":{"rendered":"<p>Bosonogi sandali za otroke Nido so s svojo premi\u0161ljeno zasnovo morda najpristnej\u0161i prikaz koncepta bosonoge hoje. Imajo popolnoma prilagodljiv podplat, tanek samo 2 mm, ki omogo\u010da naravno gibanje drobnih nog. V notranjosti je novi tekstilni vlo\u017eek debeline 0,8 mm, ki zmanj\u0161uje drsenje stopala in zmanj\u0161uje prekomerno potenje. So anatomsko oblikovani, nepodlo\u017eeno usnje pa se s\u010dasoma ne\u017eno raztegne, zato se bodo \u010devlji prilagodili otrokovi nogi.<\/p>\n<p>Sandali Tikki Nido so trpe\u017eni, vsestranski in popolni za no\u0161enje v zaprtih prostorih ali za dogodiv\u0161\u010dine na prostem. Da bi ohranili njihov najbolj\u0161i videz, priporo\u010damo, da jih \u010distite z namenskimi izdelki za nego usnja.<\/p>","protected":false},"featured_media":3714,"comment_status":"open","ping_status":"closed","template":"","meta":[],"product_brand":[],"product_cat":[28,31,17,21,16,23,24,26,25,18,57],"product_tag":[],"class_list":{"0":"post-3727","1":"product","2":"type-product","3":"status-publish","4":"has-post-thumbnail","6":"product_cat-spol","7":"product_cat-otroski","8":"product_cat-letni-cas","9":"product_cat-poletje","10":"product_cat-tip","11":"product_cat-copati","12":"product_cat-elegantni","13":"product_cat-sandali","14":"product_cat-sportni","15":"product_cat-znamka","16":"product_cat-tikki","18":"first","19":"instock","20":"shipping-taxable","21":"purchasable","22":"product-type-variable"},"_links":{"self":[{"href":"https:\/\/www.barefootfeeling.com\/de\/wp-json\/wp\/v2\/product\/3727","targetHints":{"allow":["GET"]}}],"collection":[{"href":"https:\/\/www.barefootfeeling.com\/de\/wp-json\/wp\/v2\/product"}],"about":[{"href":"https:\/\/www.barefootfeeling.com\/de\/wp-json\/wp\/v2\/types\/product"}],"replies":[{"embeddable":true,"href":"https:\/\/www.barefootfeeling.com\/de\/wp-json\/wp\/v2\/comments?post=3727"}],"wp:featuredmedia":[{"embeddable":true,"href":"https:\/\/www.barefootfeeling.com\/de\/wp-json\/wp\/v2\/media\/3714"}],"wp:attachment":[{"href":"https:\/\/www.barefootfeeling.com\/de\/wp-json\/wp\/v2\/media?parent=3727"}],"wp:term":[{"taxonomy":"product_brand","embeddable":true,"href":"https:\/\/www.barefootfeeling.com\/de\/wp-json\/wp\/v2\/product_brand?post=3727"},{"taxonomy":"product_cat","embeddable":true,"href":"https:\/\/www.barefootfeeling.com\/de\/wp-json\/wp\/v2\/product_cat?post=3727"},{"taxonomy":"product_tag","embeddable":true,"href":"https:\/\/www.barefootfeeling.com\/de\/wp-json\/wp\/v2\/product_tag?post=3727"}],"curies":[{"name":"wp","href":"https:\/\/api.w.org\/{rel}","templated":true}]}}