{"id":3661,"date":"2025-04-16T08:23:38","date_gmt":"2025-04-16T08:23:38","guid":{"rendered":"https:\/\/www.barefootfeeling.com\/?post_type=product&#038;p=3661"},"modified":"2025-04-16T08:26:24","modified_gmt":"2025-04-16T08:26:24","slug":"distancnik-za-prste","status":"publish","type":"product","link":"https:\/\/www.barefootfeeling.com\/de\/produkt\/distancnik-za-prste\/","title":{"rendered":"Distan\u010dnik za prste"},"content":{"rendered":"<p>Lo\u010devalnik prstov je idealna re\u0161itev za izbolj\u0161anje funkcionalnosti stopal.<\/p>\n<p>Tesni \u010devlji so pogost vir nelagodja in \u0161tevilnih zdravstvenih te\u017eav. Neustrezna obutev lahko privede do razli\u010dnih bolezni, tudi do slab\u0161e dr\u017ee telesa. Distan\u010dnik za lo\u010devanje prstov je re\u0161itev, zasnovana za izbolj\u0161anje udobja pri no\u0161enju \u010devljev, hkrati pa podpira zdravje stopal.<\/p>\n<p>&nbsp;<\/p>\n<p><strong>Te\u017eave, povezane z no\u0161enjem tesnih \u010devljev:<\/strong><\/p>\n<ul>\n<li>Stisnjeni prsti: Tesni \u010devlji lahko povzro\u010dijo, da se prsti stisnejo in postavijo v nenaraven na\u010din, kar lahko privede do deformacij stopal.<\/li>\n<li>Kurja o\u010desa in drgnjenje: slabo prilegajo\u010da se obutev pogosto povzro\u010di kurja o\u010desa in bole\u010de drgnjenje, kar ote\u017euje vsakodnevno delovanje.<\/li>\n<li>Te\u017eave s cirkulacijo: Tesni \u010devlji lahko omejijo pravilno cirkulacijo krvi v stopalih, kar lahko povzro\u010di mravljin\u010denje, bole\u010dino in mrzla stopala.<\/li>\n<li>Slaba dr\u017ea: Dolgotrajno no\u0161enje \u010devljev napa\u010dne velikosti vpliva na na\u0161o dr\u017eo, kar lahko povzro\u010di bole\u010dine v hrbtu in te\u017eave s hrbtenico.<\/li>\n<\/ul>\n<p><strong>Prednosti uporabe lo\u010devalnika za prste:<\/strong><\/p>\n<ul>\n<li>Izbolj\u0161ano udobje: Distan\u010dnik deluje kot mehka pregrada med prsti, odpravlja ob\u010dutek stiskanja in izbolj\u0161a splo\u0161no udobje stopal<\/li>\n<li>Za\u0161\u010dita pred odrgninami: Gelasta struktura distan\u010dnika odli\u010dno absorbira pritisk in \u0161\u010diti prste pred oti\u0161\u010danci in odrgninami.<\/li>\n<li>Podpora med vadbo na plo\u0161\u010dah Acupres Boards: Distan\u010dnik je prilagodljiv in vam omogo\u010da, da ga nosite tudi med izjemnimi aktivnostmi, kot je vadba stanja na \u017eebljih.<\/li>\n<li>Izbolj\u0161anje gibljivosti stopal: Redna uporaba distan\u010dnika pomaga sprostiti mi\u0161ice v stopalih, pove\u010dati njihovo gibljivost in zmanj\u0161ati napetost.<\/li>\n<li>Enostavna uporaba: Izdelek je enostaven za obuvanje in ga lahko nosite tako v \u010devljih, na delovnem mestu in doma, kar zagotavlja olaj\u0161anje va\u0161im stopalom, kjer koli \u017ee ste.<\/li>\n<\/ul>\n<p>S tem, ko skrbite za zdravje in udobje svojih stopal, poskrbite za svojo dr\u017eo ter svoje telesno in du\u0161evno zdravje.<\/p>","protected":false},"excerpt":{"rendered":"<p>Distan\u010dnik oziroma lo\u010devalnik za prste vam bo pomagal razbremeniti stopalo in re\u0161iti te\u017eave z zvitimi, prekrivajo\u010dimi se bole\u010dimi prsti. Je lahek, zelo u\u010dinkovit in varen za uporabo. Nadenite si jih na prste med sprehodom po hi\u0161i ali na poti v slu\u017ebo. Odli\u010dno deluje v kombinaciji s plo\u0161\u010dami Acupres Boards.<\/p>","protected":false},"featured_media":3680,"comment_status":"open","ping_status":"closed","template":"","meta":[],"product_brand":[],"product_cat":[83],"product_tag":[],"class_list":{"0":"post-3661","1":"product","2":"type-product","3":"status-publish","4":"has-post-thumbnail","6":"product_cat-dodatki","8":"first","9":"instock","10":"shipping-taxable","11":"purchasable","12":"product-type-simple"},"_links":{"self":[{"href":"https:\/\/www.barefootfeeling.com\/de\/wp-json\/wp\/v2\/product\/3661","targetHints":{"allow":["GET"]}}],"collection":[{"href":"https:\/\/www.barefootfeeling.com\/de\/wp-json\/wp\/v2\/product"}],"about":[{"href":"https:\/\/www.barefootfeeling.com\/de\/wp-json\/wp\/v2\/types\/product"}],"replies":[{"embeddable":true,"href":"https:\/\/www.barefootfeeling.com\/de\/wp-json\/wp\/v2\/comments?post=3661"}],"wp:featuredmedia":[{"embeddable":true,"href":"https:\/\/www.barefootfeeling.com\/de\/wp-json\/wp\/v2\/media\/3680"}],"wp:attachment":[{"href":"https:\/\/www.barefootfeeling.com\/de\/wp-json\/wp\/v2\/media?parent=3661"}],"wp:term":[{"taxonomy":"product_brand","embeddable":true,"href":"https:\/\/www.barefootfeeling.com\/de\/wp-json\/wp\/v2\/product_brand?post=3661"},{"taxonomy":"product_cat","embeddable":true,"href":"https:\/\/www.barefootfeeling.com\/de\/wp-json\/wp\/v2\/product_cat?post=3661"},{"taxonomy":"product_tag","embeddable":true,"href":"https:\/\/www.barefootfeeling.com\/de\/wp-json\/wp\/v2\/product_tag?post=3661"}],"curies":[{"name":"wp","href":"https:\/\/api.w.org\/{rel}","templated":true}]}}