{"id":3648,"date":"2025-04-09T09:55:36","date_gmt":"2025-04-09T09:55:36","guid":{"rendered":"https:\/\/www.barefootfeeling.com\/?post_type=product&#038;p=3648"},"modified":"2025-04-09T09:55:36","modified_gmt":"2025-04-09T09:55:36","slug":"akupresurna-podloga-za-masazo-stopal-flexi-acupres-boards","status":"publish","type":"product","link":"https:\/\/www.barefootfeeling.com\/de\/produkt\/akupresurna-podloga-za-masazo-stopal-flexi-acupres-boards\/","title":{"rendered":"Akupresurna podloga za masa\u017eo stopal &#8211; Flexi Acupres Boards"},"content":{"rendered":"<p>Akupresurne podloge Acupres Boards so na voljo v treh konfiguracijah konic:<\/p>\n<p>Raven 1 (8 mm):<br \/>\n&#8211; Spoznajte ob\u010dutek rahlega nelagodja in popolne sprostitve<br \/>\n&#8211; Na tej stopnji opazujte, kako se va\u0161e telo in um odzivata med masa\u017eo<\/p>\n<p>Raven 2 (10 mm):<br \/>\n&#8211; Na tej stopnji boste pridobili globljo sprostitev, izbolj\u0161ano stabilnost in bolj\u0161e razumevanje odzivov va\u0161ega telesa na stres in napetost<\/p>\n<p>Raven 3 (12 mm):<br \/>\n&#8211; Za napredne uporabnike! Ta stopnja dvigne delo z nelagodjem na vi\u0161jo raven<br \/>\n&#8211; Ta raven ponuja 328 konic, ki zagotavljajo intenzivne ob\u010dutke in izku\u0161nje<\/p>\n<p><strong>Ve\u010d o podlogah Flexi Acupres:<\/strong><\/p>\n<p>\u2705 Super lahka \u2013 vsaka deska tehta med 354 g in 650 g, zaradi \u010desar jih je enostavno prena\u0161ati kamor koli<br \/>\n\u2705 Fleksibilna \u2013 Prilagodijo se va\u0161emu telesu in vsaki povr\u0161ini ter zagotavljajo optimalno refleksno stimulacijo<br \/>\n\u2705 Elegantna \u2013 moderen, eleganten dizajn, ki dopolnjuje va\u0161 \u017eivljenjski slog<br \/>\n\u2705 Prenosna \u2013 Mere 30 cm x 12,5 cm se prilegajo v vsako torbo, nahrbtnik ali celo \u017eep<br \/>\n\u2705 Enostavna za uporabo \u2013 da lahko takoj ob\u010dutite\u00a0 olaj\u0161anje in sprostitev<\/p>\n<p><strong>Prednosti vadbe s podlogami Flexi Acupres:<\/strong><br \/>\nIzbolj\u0161ana pro\u017enost mi\u0161ic in fascij<br \/>\nIzbolj\u0161ana mobilnost<br \/>\nBolj\u0161a stabilnost<br \/>\nPove\u010dana osredoto\u010denost<br \/>\nLaj\u0161anje stresa in napetosti<br \/>\nIzbolj\u0161ana cirkulacija<br \/>\nVe\u010dja odlo\u010dnost in odpornost v nelagodju<\/p>\n<p><strong>Akupresura \u2013 kaj je in kako deluje?<\/strong><br \/>\nAkupresura je starodavna tehnika zdravljenja, ki ima korenine v tradicionalni kitajski medicini. Vklju\u010duje pritisk s prsti ali orodji na dolo\u010dene to\u010dke na telesu, imenovane akupresurne to\u010dke ali to\u010dke ashi, ki le\u017eijo vzdol\u017e energetskih linij, znanih kot meridiani. Ti meridiani povezujejo razli\u010dne organe in sisteme. Akupresura odpravlja blokade, pove\u010duje pretok \u017eivljenjske energije (\u010di) ter telesu vra\u010da naravno ravnovesje, harmonijo in samozdravilne sposobnosti.<\/p>\n<p>Ta praksa zmanj\u0161uje stres, izbolj\u0161uje razpolo\u017eenje in spodbuja sprostitev s spro\u0161\u010danjem endorfinov \u2013 naravnih telesnih olaj\u0161evalcev bole\u010din.<\/p>\n<p>* Varnostne smernice:<br \/>\nSvoje deske vedno shranjujte varno stran od otrok in hi\u0161nih ljubljen\u010dkov, da prepre\u010dite nenamerne po\u0161kodbe.<br \/>\nIzogibajte se uporabi, \u010de imate odprte rane, visoko vro\u010dino, epilepsijo, hipertenzijo ali ste nose\u010di.<br \/>\nPosvetujte se z zdravnikom, \u010de imate kroni\u010dne bolezni ali okrevate po nedavnem sr\u010dnem napadu, kapi ali operaciji.<br \/>\nAkupresura je praksa za bolj\u0161e zdravje, vendar je varnost vedno na prvem mestu.<\/p>","protected":false},"excerpt":{"rendered":"<p>Flexi Acupres Boards \u2013 akupresurne podloge za masa\u017eo stopal vam bodo pomagale sprostiti nakopi\u010deno napetost v telesu ter sprostiti in umiriti \u017eiv\u010dni sistem. Poleg tega pomaga pri spro\u0161\u010danju mi\u0161i\u010d in stimulaciji telesa za bolj\u0161e delovanje z akupresuro stopal in rok. Uporabljate jih lahko kjer koli \u017ee ste \u2013 v pisarni, doma, v telovadnici, na pla\u017ei ali v parku.<\/p>\n<p>Sprostitev, olaj\u0161anje in stimulacija v enem<\/p>","protected":false},"featured_media":3656,"comment_status":"open","ping_status":"closed","template":"","meta":[],"product_brand":[],"product_cat":[83],"product_tag":[],"class_list":{"0":"post-3648","1":"product","2":"type-product","3":"status-publish","4":"has-post-thumbnail","6":"product_cat-dodatki","8":"first","9":"instock","10":"shipping-taxable","11":"purchasable","12":"product-type-variable"},"_links":{"self":[{"href":"https:\/\/www.barefootfeeling.com\/de\/wp-json\/wp\/v2\/product\/3648","targetHints":{"allow":["GET"]}}],"collection":[{"href":"https:\/\/www.barefootfeeling.com\/de\/wp-json\/wp\/v2\/product"}],"about":[{"href":"https:\/\/www.barefootfeeling.com\/de\/wp-json\/wp\/v2\/types\/product"}],"replies":[{"embeddable":true,"href":"https:\/\/www.barefootfeeling.com\/de\/wp-json\/wp\/v2\/comments?post=3648"}],"wp:featuredmedia":[{"embeddable":true,"href":"https:\/\/www.barefootfeeling.com\/de\/wp-json\/wp\/v2\/media\/3656"}],"wp:attachment":[{"href":"https:\/\/www.barefootfeeling.com\/de\/wp-json\/wp\/v2\/media?parent=3648"}],"wp:term":[{"taxonomy":"product_brand","embeddable":true,"href":"https:\/\/www.barefootfeeling.com\/de\/wp-json\/wp\/v2\/product_brand?post=3648"},{"taxonomy":"product_cat","embeddable":true,"href":"https:\/\/www.barefootfeeling.com\/de\/wp-json\/wp\/v2\/product_cat?post=3648"},{"taxonomy":"product_tag","embeddable":true,"href":"https:\/\/www.barefootfeeling.com\/de\/wp-json\/wp\/v2\/product_tag?post=3648"}],"curies":[{"name":"wp","href":"https:\/\/api.w.org\/{rel}","templated":true}]}}