{"id":3579,"date":"2025-03-26T10:44:03","date_gmt":"2025-03-26T10:44:03","guid":{"rendered":"https:\/\/www.barefootfeeling.com\/?post_type=product&#038;p=3579"},"modified":"2026-04-14T15:45:26","modified_gmt":"2026-04-14T15:45:26","slug":"leguanito-aktiv-antracit","status":"publish","type":"product","link":"https:\/\/www.barefootfeeling.com\/de\/produkt\/leguanito-aktiv-antracit\/","title":{"rendered":"Leguanito Aktiv &#8211; antracit"},"content":{"rendered":"<h3><strong>Leguanito Aktiv \u2013 otro\u0161ki bosonogi \u010devlji<\/strong><\/h3>\n<p>&nbsp;<\/p>\n<p><strong>Materiali<\/strong><\/p>\n<p>Zunanji material: 90 % poliester, 10 % elastan<\/p>\n<p>Notranji material: 100 %\u00a0 mikrovlakna<\/p>\n<p>Vlo\u017eek: 100 % mikrovlakna<\/p>\n<p>Material vlo\u017eka: 50 % mikrovlakna, 50% viskoza<\/p>\n<p>Sohle: LIFOLIT\u00ae-lg<\/p>\n<p>Izdelani v Nem\u010diji.<\/p>\n<p><strong>Pflegehinweis<\/strong>: Bei 30 \u00b0C im W\u00e4schenetz waschen (Wollwaschgang oder Handw\u00e4sche). Wollwaschmittel, keinen Weichsp\u00fcler und kein Pulver verwenden. Separat oder mit \u00e4hnlichen Farben waschen. Nicht Trockner geeignet. Schn\u00fcrsenkel separat mit Handw\u00e4sche waschen. Eine regelm\u00e4\u00dfige Impr\u00e4gnierung sorgt daf\u00fcr, dass der Lotuseffekt aufrecht erhalten wird.<\/p>\n<h4><strong>Gr\u00f6\u00dfentabelle<\/strong><\/h4>\n<table class=\"product-sizing-table product-sizing-table-B\">\n<thead>\n<tr>\n<th class=\"col-size\">Gr\u00f6\u00dfe<\/th>\n<th class=\"col-length\">Dol\u017eina<\/th>\n<\/tr>\n<\/thead>\n<tbody>\n<tr>\n<td class=\"col-size\">23<\/td>\n<td class=\"col-length\" data-value=\"15,0\">15,0<\/td>\n<\/tr>\n<tr>\n<td class=\"col-size\">24<\/td>\n<td class=\"col-length\" data-value=\"15,6\">15,6<\/td>\n<\/tr>\n<tr>\n<td class=\"col-size\">25<\/td>\n<td class=\"col-length\" data-value=\"16,2\">16,2<\/td>\n<\/tr>\n<tr>\n<td class=\"col-size\">26<\/td>\n<td class=\"col-length\" data-value=\"16,9\">16,9<\/td>\n<\/tr>\n<tr>\n<td class=\"col-size\">27<\/td>\n<td class=\"col-length\" data-value=\"17,5\">17,5<\/td>\n<\/tr>\n<tr>\n<td class=\"col-size\">28<\/td>\n<td class=\"col-length\" data-value=\"18,1\">18,1<\/td>\n<\/tr>\n<tr>\n<td class=\"col-size\">29<\/td>\n<td class=\"col-length\" data-value=\"18,8\">18,8<\/td>\n<\/tr>\n<tr>\n<td class=\"col-size\">30<\/td>\n<td class=\"col-length\" data-value=\"19,4\">19,4<\/td>\n<\/tr>\n<tr>\n<td class=\"col-size\">31<\/td>\n<td class=\"col-length\" data-value=\"20,0\">20,0<\/td>\n<\/tr>\n<tr>\n<td class=\"col-size\">32<\/td>\n<td class=\"col-length\" data-value=\"20,7\">20,7<\/td>\n<\/tr>\n<tr>\n<td class=\"col-size\">33<\/td>\n<td class=\"col-length\" data-value=\"21,3\">21,3<\/td>\n<\/tr>\n<tr>\n<td class=\"col-size\">34<\/td>\n<td class=\"col-length\" data-value=\"21,9\">21,9<\/td>\n<\/tr>\n<\/tbody>\n<\/table>","protected":false},"excerpt":{"rendered":"<p>Unbeschwert spielen und toben: Diese praktischen Halbstiefel erm\u00f6glichen es Ihrem Kind, auch bei Schmuddelwetter Abenteuer zu erleben. Aufgrund des wasserabweisenden Obermaterials ist ein angenehmer Tragekomfort bei feuchtem Wetter kein Problem. Dieser Kinderschuh besteht aus strapazierf\u00e4higem Synthetik und ist mit reflektierenden Elementen versehen, die helfen, dass Ihre Kinder besser auf der Stra\u00dfe wahrgenommen werden k\u00f6nnen.<\/p>\n<p>Velikosti od\u00a0<strong>34<\/strong> naprej so v kategoriji odraslih &#8211; <a href=\"https:\/\/www.barefootfeeling.com\/de\/?s=aktiv&amp;post_type=product\">tukaj<\/a><\/p>\n<p>&nbsp;<\/p>\n<p>Sie haben Fragen? Unser Serviceteam steht Ihnen gerne zur Verf\u00fcgung. Sie erreichen uns \u00fcber info@barefootfeeling.com. <span style=\"color: #008000;\"><strong><a style=\"color: #008000;\" href=\"mailto:info@barefootfeeling.com\" target=\"_blank\" rel=\"noopener noreferrer\">info@barefootfeeling.com<\/a><\/strong><\/span>, z veseljem vam bomo pomagali.<\/p>","protected":false},"featured_media":3573,"comment_status":"open","ping_status":"closed","template":"","meta":[],"product_brand":[],"product_cat":[31,21,25,19,53,54,56],"product_tag":[],"class_list":{"0":"post-3579","1":"product","2":"type-product","3":"status-publish","4":"has-post-thumbnail","6":"product_cat-otroski","7":"product_cat-poletje","8":"product_cat-sportni","9":"product_cat-leguano","10":"product_cat-srednje-siroka-noga","11":"product_cat-siroka-noga","12":"product_cat-izjemno-fleksibilen","14":"first","15":"instock","16":"shipping-taxable","17":"purchasable","18":"product-type-variable"},"_links":{"self":[{"href":"https:\/\/www.barefootfeeling.com\/de\/wp-json\/wp\/v2\/product\/3579","targetHints":{"allow":["GET"]}}],"collection":[{"href":"https:\/\/www.barefootfeeling.com\/de\/wp-json\/wp\/v2\/product"}],"about":[{"href":"https:\/\/www.barefootfeeling.com\/de\/wp-json\/wp\/v2\/types\/product"}],"replies":[{"embeddable":true,"href":"https:\/\/www.barefootfeeling.com\/de\/wp-json\/wp\/v2\/comments?post=3579"}],"wp:featuredmedia":[{"embeddable":true,"href":"https:\/\/www.barefootfeeling.com\/de\/wp-json\/wp\/v2\/media\/3573"}],"wp:attachment":[{"href":"https:\/\/www.barefootfeeling.com\/de\/wp-json\/wp\/v2\/media?parent=3579"}],"wp:term":[{"taxonomy":"product_brand","embeddable":true,"href":"https:\/\/www.barefootfeeling.com\/de\/wp-json\/wp\/v2\/product_brand?post=3579"},{"taxonomy":"product_cat","embeddable":true,"href":"https:\/\/www.barefootfeeling.com\/de\/wp-json\/wp\/v2\/product_cat?post=3579"},{"taxonomy":"product_tag","embeddable":true,"href":"https:\/\/www.barefootfeeling.com\/de\/wp-json\/wp\/v2\/product_tag?post=3579"}],"curies":[{"name":"wp","href":"https:\/\/api.w.org\/{rel}","templated":true}]}}