{"id":3548,"date":"2025-03-26T09:24:06","date_gmt":"2025-03-26T09:24:06","guid":{"rendered":"https:\/\/www.barefootfeeling.com\/?post_type=product&#038;p=3548"},"modified":"2025-03-26T09:32:36","modified_gmt":"2025-03-26T09:32:36","slug":"leguanito-turkiz","status":"publish","type":"product","link":"https:\/\/www.barefootfeeling.com\/de\/produkt\/leguanito-turkiz\/","title":{"rendered":"Leguanito &#8211; turkiz"},"content":{"rendered":"<h3><strong>Leguanito - Kinder-Barfu\u00dfschuhe f\u00fcr gro\u00dfe Entdeckungen<\/strong><\/h3>\n<p>&nbsp;<\/p>\n<p><strong>Materiali<\/strong><\/p>\n<p>Zgornji material: 47% viskoza, 42% poliamid, 9% polipropilen, 2% elastan<\/p>\n<p>Sohle: LIFOLIT\u00ae-lg<\/p>\n<p>Izdelani v Nem\u010diji.<\/p>\n<p><strong>Pflegehinweis<\/strong>: Bei 30 \u00b0C im W\u00e4schenetz waschen (Wollwaschgang oder Handw\u00e4sche). Wollwaschmittel, keinen Weichsp\u00fcler und kein Pulver verwenden. Separat oder mit \u00e4hnlichen Farben waschen. Nicht Trockner geeignet. Schn\u00fcrsenkel separat mit Handw\u00e4sche waschen. Eine regelm\u00e4\u00dfige Impr\u00e4gnierung sorgt daf\u00fcr, dass der Lotuseffekt aufrecht erhalten wird.<\/p>\n<h4><strong>Gr\u00f6\u00dfentabelle<\/strong><\/h4>\n<table class=\"product-sizing-table product-sizing-table-B\">\n<thead>\n<tr>\n<th class=\"col-size\">Gr\u00f6\u00dfe<\/th>\n<th class=\"col-length\">Dol\u017eina<\/th>\n<\/tr>\n<\/thead>\n<tbody>\n<tr>\n<td class=\"col-size\">22-23<\/td>\n<td class=\"col-length\" data-value=\"12,5\">12,5<\/td>\n<\/tr>\n<tr>\n<td class=\"col-size\">24-25<\/td>\n<td class=\"col-length\" data-value=\"13,9\">23,6<\/td>\n<\/tr>\n<tr>\n<td class=\"col-size\">26-27<\/td>\n<td class=\"col-length\" data-value=\"15,3\">24,3<\/td>\n<\/tr>\n<tr>\n<td class=\"col-size\">28-29<\/td>\n<td class=\"col-length\" data-value=\"16,7\">24,9<\/td>\n<\/tr>\n<tr>\n<td class=\"col-size\">30-31<\/td>\n<td class=\"col-length\" data-value=\"18,1\">25,6<\/td>\n<\/tr>\n<tr>\n<td class=\"col-size\">32-33<\/td>\n<td class=\"col-length\" data-value=\"19,5\">26,3<\/td>\n<\/tr>\n<tr>\n<td class=\"col-size\">34-35<\/td>\n<td class=\"col-length\" data-value=\"20,9\">26,9<\/td>\n<\/tr>\n<\/tbody>\n<\/table>\n<p>&nbsp;<\/p>\n<p><strong>Wie w\u00e4hle ich die richtige Gr\u00f6\u00dfe?<\/strong><\/p>\n<p>Dieses Modell f\u00e4llt eine Nummer kleiner aus als \u00fcblich, also eine Nummer gr\u00f6\u00dfer bestellen.<\/p>\n<p>Bei einer Fu\u00dfgr\u00f6\u00dfe von 23 zum Beispiel liegt die richtige Gr\u00f6\u00dfe normalerweise bei 24-25.<\/p>\n<p>&nbsp;<\/p>\n<p>&nbsp;<\/p>\n<p>&nbsp;<\/p>","protected":false},"excerpt":{"rendered":"<p>Leguanito bosonogi \u010devlji za otroke so primerni za pustolov\u0161\u010dine od prvih poskusov korakov, tako notri kot tudi zunaj. Ponujajo za\u0161\u010dito, ne da bi omejevali svobodo gibanja malih stopal in na ta na\u010din se optimalno spodbuja naraven na\u010din hoje. So super udobni, izjemno pro\u017eni in podplat je odporen proti obremenitvam.<\/p>\n<p>&nbsp;<\/p>\n<p>Sie haben Fragen? Unser Serviceteam steht Ihnen gerne zur Verf\u00fcgung. Sie erreichen uns \u00fcber info@barefootfeeling.com. <span style=\"color: #008000;\"><strong><a style=\"color: #008000;\" href=\"mailto:info@barefootfeeling.com\" target=\"_blank\" rel=\"noopener noreferrer\">info@barefootfeeling.com<\/a><\/strong><\/span>, z veseljem vam bomo pomagali.<\/p>","protected":false},"featured_media":3558,"comment_status":"open","ping_status":"closed","template":"","meta":[],"product_brand":[],"product_cat":[31,21,23,25,19,52,53,54,56],"product_tag":[],"class_list":{"0":"post-3548","1":"product","2":"type-product","3":"status-publish","4":"has-post-thumbnail","6":"product_cat-otroski","7":"product_cat-poletje","8":"product_cat-copati","9":"product_cat-sportni","10":"product_cat-leguano","11":"product_cat-ozka-noga","12":"product_cat-srednje-siroka-noga","13":"product_cat-siroka-noga","14":"product_cat-izjemno-fleksibilen","16":"first","17":"instock","18":"shipping-taxable","19":"purchasable","20":"product-type-variable"},"_links":{"self":[{"href":"https:\/\/www.barefootfeeling.com\/de\/wp-json\/wp\/v2\/product\/3548","targetHints":{"allow":["GET"]}}],"collection":[{"href":"https:\/\/www.barefootfeeling.com\/de\/wp-json\/wp\/v2\/product"}],"about":[{"href":"https:\/\/www.barefootfeeling.com\/de\/wp-json\/wp\/v2\/types\/product"}],"replies":[{"embeddable":true,"href":"https:\/\/www.barefootfeeling.com\/de\/wp-json\/wp\/v2\/comments?post=3548"}],"wp:featuredmedia":[{"embeddable":true,"href":"https:\/\/www.barefootfeeling.com\/de\/wp-json\/wp\/v2\/media\/3558"}],"wp:attachment":[{"href":"https:\/\/www.barefootfeeling.com\/de\/wp-json\/wp\/v2\/media?parent=3548"}],"wp:term":[{"taxonomy":"product_brand","embeddable":true,"href":"https:\/\/www.barefootfeeling.com\/de\/wp-json\/wp\/v2\/product_brand?post=3548"},{"taxonomy":"product_cat","embeddable":true,"href":"https:\/\/www.barefootfeeling.com\/de\/wp-json\/wp\/v2\/product_cat?post=3548"},{"taxonomy":"product_tag","embeddable":true,"href":"https:\/\/www.barefootfeeling.com\/de\/wp-json\/wp\/v2\/product_tag?post=3548"}],"curies":[{"name":"wp","href":"https:\/\/api.w.org\/{rel}","templated":true}]}}