{"id":3539,"date":"2025-03-26T09:08:41","date_gmt":"2025-03-26T09:08:41","guid":{"rendered":"https:\/\/www.barefootfeeling.com\/?post_type=product&#038;p=3539"},"modified":"2026-04-29T08:48:04","modified_gmt":"2026-04-29T08:48:04","slug":"pokeboo-tread","status":"publish","type":"product","link":"https:\/\/www.barefootfeeling.com\/de\/produkt\/pokeboo-tread\/","title":{"rendered":"Pokeboo Tread- de\u017eni \u0161kornji &#8211; black"},"content":{"rendered":"<p><strong>Pokeboo Tread &#8211; bosonogi de\u017eni \u0161kornji<\/strong><\/p>\n<p><strong>Vodoodporni<\/strong><br \/>\nPokeboo de\u017eni \u0161kornji so narejeni iz naravne gume in imajo popolnoma vodoodporno zasnovo &#8211; zato so odli\u010dna izbira za vsak izziv na prostem.<\/p>\n<p><strong>Gumijasti<\/strong><br \/>\nGumijasti podplati zagotavljajo odli\u010den oprijem in prilagodljivost. Oja\u010dan zadnji del omogo\u010da uporabo na razli\u010dnih terenih. Tanek in izjemno fleksibilen podplat daje ob\u010dutek bosih nog.<\/p>\n<p><strong>Prakti\u010dni<\/strong><br \/>\nAm oberen Ende des Stiefels befindet sich ein Kordelzug, mit dem der Stiefel beim Tragen festgezogen werden kann, damit kein Wasser von oben eindringen kann.<\/p>\n<p><strong>Faltbar<\/strong><br \/>\n\u0160kornji se hitro in enostavno pospravijo v prilo\u017eeno torbico za prena\u0161anje, ki jo lahko kadarkoli vzamete s sabo &#8211; so namre\u010d zelo lahki &#8211; tehtajo le pribli\u017eno 500g.<\/p>\n<p><strong>Materiali<\/strong><\/p>\n<p><em>Zunanji<\/em>: naravna guma, sinteti\u010dna guma<\/p>\n<p><em>Notranjost<\/em>: najlon<\/p>\n<p><em>Vrvica<\/em>: najlon, naravna guma<\/p>\n<p>Narejeni na Tajskem.<\/p>\n<p>&nbsp;<\/p>\n<p><strong>Tabela velikosti<\/strong><\/p>\n<table class=\"product-sizing-table product-sizing-table-B\">\n<thead>\n<tr>\n<th class=\"col-size\">Gr\u00f6\u00dfe<\/th>\n<th class=\"col-width\">EUR<\/th>\n<th class=\"col-length\">cm<\/th>\n<\/tr>\n<\/thead>\n<tbody>\n<tr>\n<td class=\"col-size\">SS<\/td>\n<td class=\"col-width\" data-value=\"7\">35,5-36,5<\/td>\n<td class=\"col-length\" data-value=\"16,2\">22,5-23<\/td>\n<\/tr>\n<tr>\n<td class=\"col-size\">S<\/td>\n<td class=\"col-width\" data-value=\"7,1\">37-38<\/td>\n<td class=\"col-length\" data-value=\"16,8\">23,5-24<\/td>\n<\/tr>\n<tr>\n<td class=\"col-size\">M<\/td>\n<td class=\"col-width\" data-value=\"7,2\">38,5-39,5<\/td>\n<td class=\"col-length\" data-value=\"17,5\">24,5-25<\/td>\n<\/tr>\n<tr>\n<td class=\"col-size\">L<\/td>\n<td class=\"col-width\" data-value=\"7,4\">40-41<\/td>\n<td class=\"col-length\" data-value=\"18,3\">25,5-26<\/td>\n<\/tr>\n<tr>\n<td class=\"col-size\">LL<\/td>\n<td class=\"col-width\" data-value=\"7,5\">41,5-42,5<\/td>\n<td class=\"col-length\" data-value=\"18,9\">26,5-27<\/td>\n<\/tr>\n<tr>\n<td class=\"col-size\">3L<\/td>\n<td class=\"col-width\" data-value=\"7,7\">43-44<\/td>\n<td class=\"col-length\" data-value=\"19,6\">27,5-28<\/td>\n<\/tr>\n<tr>\n<td class=\"col-size\">4L<\/td>\n<td class=\"col-width\" data-value=\"7,9\">44,5-45,5<\/td>\n<td class=\"col-length\" data-value=\"20,2\">28,5-29<\/td>\n<\/tr>\n<tr>\n<td class=\"col-size\">5L<\/td>\n<td class=\"col-width\" data-value=\"8\">46-47<\/td>\n<td class=\"col-length\" data-value=\"20,9\">29,5-30<\/td>\n<\/tr>\n<\/tbody>\n<\/table>\n<p>&nbsp;<\/p>","protected":false},"excerpt":{"rendered":"<p>Pokeboo Tread so bosonogi de\u017eni \u0161kornji, ki zagotavljajo vrhunsko zmogljivost v mokrih razmerah. Trpe\u017een, okrepljen in nedrse\u010d gumijast podplat v modelih Tread ima \u0161e ve\u010d profila, s katerim nudi izjemen oprijem in stabilnost, zato so popolni za de\u017eevne dni. Ostanite suhi, varni in stopajte samozavestno z de\u017enimi \u0161kornji Pokeboo!<\/p>\n<p>&nbsp;<\/p>\n<h3><\/h3>","protected":false},"featured_media":3687,"comment_status":"open","ping_status":"closed","template":"","meta":[],"product_brand":[],"product_cat":[29,30,32,22,33,50,52,53],"product_tag":[],"class_list":{"0":"post-3539","1":"product","2":"type-product","3":"status-publish","4":"has-post-thumbnail","6":"product_cat-moski","7":"product_cat-zenski","8":"product_cat-unisex","9":"product_cat-visoki","10":"product_cat-za-dez","11":"product_cat-pokeboo","12":"product_cat-ozka-noga","13":"product_cat-srednje-siroka-noga","15":"first","16":"instock","17":"shipping-taxable","18":"purchasable","19":"product-type-variable"},"_links":{"self":[{"href":"https:\/\/www.barefootfeeling.com\/de\/wp-json\/wp\/v2\/product\/3539","targetHints":{"allow":["GET"]}}],"collection":[{"href":"https:\/\/www.barefootfeeling.com\/de\/wp-json\/wp\/v2\/product"}],"about":[{"href":"https:\/\/www.barefootfeeling.com\/de\/wp-json\/wp\/v2\/types\/product"}],"replies":[{"embeddable":true,"href":"https:\/\/www.barefootfeeling.com\/de\/wp-json\/wp\/v2\/comments?post=3539"}],"wp:featuredmedia":[{"embeddable":true,"href":"https:\/\/www.barefootfeeling.com\/de\/wp-json\/wp\/v2\/media\/3687"}],"wp:attachment":[{"href":"https:\/\/www.barefootfeeling.com\/de\/wp-json\/wp\/v2\/media?parent=3539"}],"wp:term":[{"taxonomy":"product_brand","embeddable":true,"href":"https:\/\/www.barefootfeeling.com\/de\/wp-json\/wp\/v2\/product_brand?post=3539"},{"taxonomy":"product_cat","embeddable":true,"href":"https:\/\/www.barefootfeeling.com\/de\/wp-json\/wp\/v2\/product_cat?post=3539"},{"taxonomy":"product_tag","embeddable":true,"href":"https:\/\/www.barefootfeeling.com\/de\/wp-json\/wp\/v2\/product_tag?post=3539"}],"curies":[{"name":"wp","href":"https:\/\/api.w.org\/{rel}","templated":true}]}}