{"id":3477,"date":"2025-01-22T10:04:59","date_gmt":"2025-01-22T10:04:59","guid":{"rendered":"https:\/\/www.barefootfeeling.com\/?post_type=product&#038;p=3477"},"modified":"2025-02-05T09:40:14","modified_gmt":"2025-02-05T09:40:14","slug":"leguano-galaxo-blue","status":"publish","type":"product","link":"https:\/\/www.barefootfeeling.com\/de\/produkt\/leguano-galaxo-blue\/","title":{"rendered":"Leguano Galaxo &#8211; blue"},"content":{"rendered":"<h4><strong>Leguano Galaxo \u2013 odrasli bosonogi \u010devlji<\/strong><\/h4>\n<p>&nbsp;<\/p>\n<p><strong>Materiali<\/strong><\/p>\n<p>Zunanji material: 100% poliamid (vodoodbojen in zra\u010den)<\/p>\n<p>Zunanji ovratnik: 100% poliester<\/p>\n<p>Podloga, polnilo, vlo\u017eek: 100% poliester<\/p>\n<p>Sohle: LIFOLIT\u00ae-lg<\/p>\n<p>&nbsp;<\/p>\n<p>Narejeni v Nem\u010diji.<\/p>\n<p>&nbsp;<\/p>\n<p><strong>Pflegehinweis<\/strong>: Bei 30 \u00b0C im W\u00e4schenetz waschen (Wollwaschgang oder Handw\u00e4sche). Wollwaschmittel, keinen Weichsp\u00fcler und kein Pulver verwenden. Separat oder mit \u00e4hnlichen Farben waschen. Nicht Trockner geeignet. Schn\u00fcrsenkel separat mit Handw\u00e4sche waschen. Eine regelm\u00e4\u00dfige Impr\u00e4gnierung sorgt daf\u00fcr, dass der Lotuseffekt aufrecht erhalten wird.<\/p>\n<h4><strong>Gr\u00f6\u00dfentabelle<\/strong><\/h4>\n<p>Obutev se zaradi mehkosti zgornjega materiala dobro prilega razli\u010dnim \u0161irinam stopala ampak jih glede na obliko spredaj priporo\u010damo za ozka srednje \u0161iroka stopala.<\/p>\n<table class=\"product-sizing-table product-sizing-table-B\">\n<thead>\n<tr>\n<th class=\"col-size\">Gr\u00f6\u00dfe<\/th>\n<th class=\"col-length\">Dol\u017eina<\/th>\n<\/tr>\n<\/thead>\n<tbody>\n<tr>\n<td class=\"col-size\">37<\/td>\n<td class=\"col-length\" data-value=\"23,1\">23,1<\/td>\n<\/tr>\n<tr>\n<td class=\"col-size\">38<\/td>\n<td class=\"col-length\" data-value=\"23,8\">23,8<\/td>\n<\/tr>\n<tr>\n<td class=\"col-size\">39<\/td>\n<td class=\"col-length\" data-value=\"24,4\">24,4<\/td>\n<\/tr>\n<tr>\n<td class=\"col-size\">40<\/td>\n<td class=\"col-length\" data-value=\"25\">25<\/td>\n<\/tr>\n<tr>\n<td class=\"col-size\">41<\/td>\n<td class=\"col-length\" data-value=\"25,7\">25,7<\/td>\n<\/tr>\n<tr>\n<td class=\"col-size\">42<\/td>\n<td class=\"col-length\" data-value=\"26,4\">26,4<\/td>\n<\/tr>\n<tr>\n<td class=\"col-size\">43<\/td>\n<td class=\"col-length\" data-value=\"27\">27<\/td>\n<\/tr>\n<tr>\n<td class=\"col-size\">44<\/td>\n<td class=\"col-length\" data-value=\"27,7\">27,7<\/td>\n<\/tr>\n<tr>\n<td class=\"col-size\">45<\/td>\n<td class=\"col-length\" data-value=\"28,4\">28,4<\/td>\n<\/tr>\n<tr>\n<td class=\"col-size\">46<\/td>\n<td class=\"col-length\" data-value=\"29\">29<\/td>\n<\/tr>\n<tr>\n<td class=\"col-size\">47<\/td>\n<td class=\"col-length\" data-value=\"29,7\">29,7<\/td>\n<\/tr>\n<tr>\n<td class=\"col-size\">48<\/td>\n<td class=\"col-length\" data-value=\"30,4\">30,4<\/td>\n<\/tr>\n<tr>\n<td class=\"col-size\">49<\/td>\n<td class=\"col-length\" data-value=\"31\">31<\/td>\n<\/tr>\n<\/tbody>\n<\/table>","protected":false},"excerpt":{"rendered":"<p>Odkrijte elegantne bosonoge pohodni\u0161ke in zimske nizke \u010devlje Galaxo blue znamke Leguano! Ta toplo podlo\u017een \u010develj nudi vse prednosti naravne bosonoge hoje tudi v hladnej\u0161ih mesecih. U\u017eivajte v svobodi prstov, pro\u017enih podplatih, odpornosti proti zdrsu, mo\u017enosti pranja in ro\u010dno izdelani kakovosti \u00bbMade in Germany\u00ab. Preizkusite in izkusite, kako bosonoga hoja z Galaxo blue krepi mi\u0161ice stopal in ohranja va\u0161a stopala prijetno topla.<\/p>\n<p>Sie haben Fragen? Unser Serviceteam steht Ihnen gerne zur Verf\u00fcgung. Sie erreichen uns \u00fcber info@barefootfeeling.com. <span style=\"color: #008000;\"><a style=\"color: #008000;\" href=\"mailto:info@barefootfeeling.com\" target=\"_blank\" rel=\"noopener noreferrer\"><strong>info@barefootfeeling.com<\/strong><\/a><\/span>, z veseljem vam bomo pomagali.<\/p>","protected":false},"featured_media":3492,"comment_status":"open","ping_status":"closed","template":"","meta":[],"product_brand":[],"product_cat":[28,29,30,17,20,16,25,18,19,51,52,53,55,56],"product_tag":[],"class_list":{"0":"post-3477","1":"product","2":"type-product","3":"status-publish","4":"has-post-thumbnail","6":"product_cat-spol","7":"product_cat-moski","8":"product_cat-zenski","9":"product_cat-letni-cas","10":"product_cat-zima","11":"product_cat-tip","12":"product_cat-sportni","13":"product_cat-znamka","14":"product_cat-leguano","15":"product_cat-sirina","16":"product_cat-ozka-noga","17":"product_cat-srednje-siroka-noga","18":"product_cat-podplat","19":"product_cat-izjemno-fleksibilen","21":"first","22":"onbackorder","23":"shipping-taxable","24":"purchasable","25":"product-type-variable"},"_links":{"self":[{"href":"https:\/\/www.barefootfeeling.com\/de\/wp-json\/wp\/v2\/product\/3477","targetHints":{"allow":["GET"]}}],"collection":[{"href":"https:\/\/www.barefootfeeling.com\/de\/wp-json\/wp\/v2\/product"}],"about":[{"href":"https:\/\/www.barefootfeeling.com\/de\/wp-json\/wp\/v2\/types\/product"}],"replies":[{"embeddable":true,"href":"https:\/\/www.barefootfeeling.com\/de\/wp-json\/wp\/v2\/comments?post=3477"}],"wp:featuredmedia":[{"embeddable":true,"href":"https:\/\/www.barefootfeeling.com\/de\/wp-json\/wp\/v2\/media\/3492"}],"wp:attachment":[{"href":"https:\/\/www.barefootfeeling.com\/de\/wp-json\/wp\/v2\/media?parent=3477"}],"wp:term":[{"taxonomy":"product_brand","embeddable":true,"href":"https:\/\/www.barefootfeeling.com\/de\/wp-json\/wp\/v2\/product_brand?post=3477"},{"taxonomy":"product_cat","embeddable":true,"href":"https:\/\/www.barefootfeeling.com\/de\/wp-json\/wp\/v2\/product_cat?post=3477"},{"taxonomy":"product_tag","embeddable":true,"href":"https:\/\/www.barefootfeeling.com\/de\/wp-json\/wp\/v2\/product_tag?post=3477"}],"curies":[{"name":"wp","href":"https:\/\/api.w.org\/{rel}","templated":true}]}}