{"id":3445,"date":"2025-01-22T09:43:40","date_gmt":"2025-01-22T09:43:40","guid":{"rendered":"https:\/\/www.barefootfeeling.com\/?post_type=product&#038;p=3445"},"modified":"2026-03-06T14:10:02","modified_gmt":"2026-03-06T14:10:02","slug":"leguano-flair-sand","status":"publish","type":"product","link":"https:\/\/www.barefootfeeling.com\/de\/produkt\/leguano-flair-sand\/","title":{"rendered":"Leguano Flair &#8211; sand"},"content":{"rendered":"<h4><strong>Leguano Flair \u2013 \u017eenska bosonoga obutev<\/strong><\/h4>\n<p>&nbsp;<\/p>\n<p><strong>Materiali<\/strong><\/p>\n<p>Zgornji material: 100 % poliester<\/p>\n<p>Notranji material: 51 % poliamid, 49 % poliuretan<\/p>\n<p>Podplat: Lifolit\u00ae-lg<\/p>\n<p>&nbsp;<\/p>\n<p>Narejeni v Nem\u010diji.<\/p>\n<p>&nbsp;<\/p>\n<p><strong>Pflegehinweis<\/strong>: Bei 30 \u00b0C im W\u00e4schenetz waschen (Wollwaschgang oder Handw\u00e4sche). Wollwaschmittel, keinen Weichsp\u00fcler und kein Pulver verwenden. Separat oder mit \u00e4hnlichen Farben waschen. Nicht Trockner geeignet. Schn\u00fcrsenkel separat mit Handw\u00e4sche waschen. Eine regelm\u00e4\u00dfige Impr\u00e4gnierung sorgt daf\u00fcr, dass der Lotuseffekt aufrecht erhalten wird.<\/p>\n<h4><strong>Gr\u00f6\u00dfentabelle<\/strong><\/h4>\n<p>Obutev se zaradi mehkosti zgornjega materiala dobro prilega razli\u010dnim \u0161irinam stopala ampak jih glede na obliko spredaj priporo\u010damo za ozka srednje \u0161iroka stopala.<\/p>\n<table class=\"product-sizing-table product-sizing-table-B\">\n<thead>\n<tr>\n<th class=\"col-size\">Gr\u00f6\u00dfe<\/th>\n<th class=\"col-length\">Dol\u017eina<\/th>\n<\/tr>\n<\/thead>\n<tbody>\n<tr>\n<td class=\"col-size\">36<\/td>\n<td class=\"col-length\" data-value=\"22,4\">22,4<\/td>\n<\/tr>\n<tr>\n<td class=\"col-size\">37<\/td>\n<td class=\"col-length\" data-value=\"23,1\">23,1<\/td>\n<\/tr>\n<tr>\n<td class=\"col-size\">38<\/td>\n<td class=\"col-length\" data-value=\"23,8\">23,8<\/td>\n<\/tr>\n<tr>\n<td class=\"col-size\">39<\/td>\n<td class=\"col-length\" data-value=\"24,4\">24,4<\/td>\n<\/tr>\n<tr>\n<td class=\"col-size\">40<\/td>\n<td class=\"col-length\" data-value=\"25\">25<\/td>\n<\/tr>\n<tr>\n<td class=\"col-size\">41<\/td>\n<td class=\"col-length\" data-value=\"25,7\">25,7<\/td>\n<\/tr>\n<tr>\n<td class=\"col-size\">42<\/td>\n<td class=\"col-length\" data-value=\"26,4\">26,4<\/td>\n<\/tr>\n<tr>\n<td class=\"col-size\">43<\/td>\n<td class=\"col-length\" data-value=\"27\">27<\/td>\n<\/tr>\n<tr>\n<td class=\"col-size\">44<\/td>\n<td class=\"col-length\" data-value=\"27,7\">27,7<\/td>\n<\/tr>\n<\/tbody>\n<\/table>","protected":false},"excerpt":{"rendered":"<p>Leguano Flair je \u017eenska bosonoga obutev, ki se hitro obuje, se ne\u017eno ugnezdi okoli stopala in s tipi\u010dnim leguano podplatom daje \u010dudovit ob\u010dutek bosih nog. Ker nimajo \u0161iva na peti, so \u0161e posebej udobni za no\u0161enje.<\/p>\n<p>Sie haben Fragen? Unser Serviceteam steht Ihnen gerne zur Verf\u00fcgung. Sie erreichen uns \u00fcber info@barefootfeeling.com. <span style=\"color: #008000;\"><a style=\"color: #008000;\" href=\"mailto:info@barefootfeeling.com\" target=\"_blank\" rel=\"noopener noreferrer\"><strong>info@barefootfeeling.com<\/strong><\/a><\/span>, z veseljem vam bomo pomagali.<\/p>","protected":false},"featured_media":3447,"comment_status":"open","ping_status":"closed","template":"","meta":[],"product_brand":[],"product_cat":[28,30,17,21,16,24,26,18,19,51,52,53,55,56],"product_tag":[],"class_list":{"0":"post-3445","1":"product","2":"type-product","3":"status-publish","4":"has-post-thumbnail","6":"product_cat-spol","7":"product_cat-zenski","8":"product_cat-letni-cas","9":"product_cat-poletje","10":"product_cat-tip","11":"product_cat-elegantni","12":"product_cat-sandali","13":"product_cat-znamka","14":"product_cat-leguano","15":"product_cat-sirina","16":"product_cat-ozka-noga","17":"product_cat-srednje-siroka-noga","18":"product_cat-podplat","19":"product_cat-izjemno-fleksibilen","21":"first","22":"instock","23":"shipping-taxable","24":"purchasable","25":"product-type-variable"},"_links":{"self":[{"href":"https:\/\/www.barefootfeeling.com\/de\/wp-json\/wp\/v2\/product\/3445","targetHints":{"allow":["GET"]}}],"collection":[{"href":"https:\/\/www.barefootfeeling.com\/de\/wp-json\/wp\/v2\/product"}],"about":[{"href":"https:\/\/www.barefootfeeling.com\/de\/wp-json\/wp\/v2\/types\/product"}],"replies":[{"embeddable":true,"href":"https:\/\/www.barefootfeeling.com\/de\/wp-json\/wp\/v2\/comments?post=3445"}],"wp:featuredmedia":[{"embeddable":true,"href":"https:\/\/www.barefootfeeling.com\/de\/wp-json\/wp\/v2\/media\/3447"}],"wp:attachment":[{"href":"https:\/\/www.barefootfeeling.com\/de\/wp-json\/wp\/v2\/media?parent=3445"}],"wp:term":[{"taxonomy":"product_brand","embeddable":true,"href":"https:\/\/www.barefootfeeling.com\/de\/wp-json\/wp\/v2\/product_brand?post=3445"},{"taxonomy":"product_cat","embeddable":true,"href":"https:\/\/www.barefootfeeling.com\/de\/wp-json\/wp\/v2\/product_cat?post=3445"},{"taxonomy":"product_tag","embeddable":true,"href":"https:\/\/www.barefootfeeling.com\/de\/wp-json\/wp\/v2\/product_tag?post=3445"}],"curies":[{"name":"wp","href":"https:\/\/api.w.org\/{rel}","templated":true}]}}