{"id":3406,"date":"2025-01-18T11:41:57","date_gmt":"2025-01-18T11:41:57","guid":{"rendered":"https:\/\/www.barefootfeeling.com\/?post_type=product&#038;p=3406"},"modified":"2025-02-05T09:32:54","modified_gmt":"2025-02-05T09:32:54","slug":"leguano-dean-mokka","status":"publish","type":"product","link":"https:\/\/www.barefootfeeling.com\/de\/produkt\/leguano-dean-mokka\/","title":{"rendered":"Leguano Dean &#8211; mokka"},"content":{"rendered":"<h4><strong>Leguano Dean\u2013 usnjeni elegantni bosonogi \u010devlji<\/strong><\/h4>\n<p>Primerni so za ozka in srednje \u0161iroka stopala.<\/p>\n<p><strong>Materiali<\/strong><\/p>\n<p>Zgornji material: 100% kakovostno goveje nubuk usnje, skrbno strojeno in ne\u017eno bru\u0161eno<\/p>\n<p>Notranji material in podloga: mehko usnje<\/p>\n<p>Sohle: LIFOLIT\u00ae-lg<\/p>\n<p>Izdelani v Nem\u010diji.<\/p>\n<p>&nbsp;<\/p>\n<p><strong>Pflegehinweise:<\/strong><\/p>\n<p>Mit einem weichen, feuchten Tuch abwischen und gut l\u00fcften. Das Leder muss atmen k\u00f6nnen. Regelm\u00e4\u00dfig mit Lederpflege behandeln.<\/p>\n<p>Pred prvim no\u0161enjem jih je potrebno impregnirati, redno negovati s sredstvom za nego usnja in po potrebi ponovno impregnirati.<\/p>\n<h4><strong>Gr\u00f6\u00dfentabelle<\/strong><\/h4>\n<table class=\"product-sizing-table product-sizing-table-B\">\n<thead>\n<tr>\n<th class=\"col-size\">Gr\u00f6\u00dfe<\/th>\n<th class=\"col-length\">Dol\u017eina<\/th>\n<\/tr>\n<\/thead>\n<tbody>\n<tr>\n<td class=\"col-size\">36<\/td>\n<td class=\"col-length\" data-value=\"22,9\">22,9<\/td>\n<\/tr>\n<tr>\n<td class=\"col-size\">37<\/td>\n<td class=\"col-length\" data-value=\"23,6\">23,6<\/td>\n<\/tr>\n<tr>\n<td class=\"col-size\">38<\/td>\n<td class=\"col-length\" data-value=\"24,3\">24,3<\/td>\n<\/tr>\n<tr>\n<td class=\"col-size\">39<\/td>\n<td class=\"col-length\" data-value=\"24,9\">24,9<\/td>\n<\/tr>\n<tr>\n<td class=\"col-size\">40<\/td>\n<td class=\"col-length\" data-value=\"25,6\">25,6<\/td>\n<\/tr>\n<tr>\n<td class=\"col-size\">41<\/td>\n<td class=\"col-length\" data-value=\"26,3\">26,3<\/td>\n<\/tr>\n<tr>\n<td class=\"col-size\">42<\/td>\n<td class=\"col-length\" data-value=\"26,9\">26,9<\/td>\n<\/tr>\n<tr>\n<td class=\"col-size\">43<\/td>\n<td class=\"col-length\" data-value=\"27,6\">27,6<\/td>\n<\/tr>\n<tr>\n<td class=\"col-size\">44<\/td>\n<td class=\"col-length\" data-value=\"28,3\">28,3<\/td>\n<\/tr>\n<tr>\n<td class=\"col-size\">45<\/td>\n<td class=\"col-length\" data-value=\"28,9\">28,9<\/td>\n<\/tr>\n<tr>\n<td class=\"col-size\">46<\/td>\n<td class=\"col-length\" data-value=\"29,6\">29,6<\/td>\n<\/tr>\n<tr>\n<td class=\"col-size\">47<\/td>\n<td class=\"col-length\" data-value=\"30,3\">30,3<\/td>\n<\/tr>\n<\/tbody>\n<\/table>","protected":false},"excerpt":{"rendered":"<p>Leguano Dean so \u010devlji iz izbranega nubuk usnja, ki so izredno mehki in udobni, njihov izgled pa je \u0161portno &#8211; eleganten. S klasi\u010dnim krojem nudijo maksimalno svobodo gibanja. Podplat se popolno prilega stopalom za izvrsten ob\u010dutek pri hoji. Podajo se tako k jeansu kot tudi k elegantnim obla\u010dilom. Proizvedeni so v Nem\u010diji.<\/p>\n<p>Zraven prejmete brezpla\u010den par nogavic.<\/p>\n<p>Sie haben Fragen? Unser Serviceteam steht Ihnen gerne zur Verf\u00fcgung. Sie erreichen uns \u00fcber info@barefootfeeling.com. <span style=\"color: #008000;\"><a style=\"color: #008000;\" href=\"mailto:info@barefootfeeling.com\" target=\"_blank\" rel=\"noopener noreferrer\"><strong>info@barefootfeeling.com<\/strong><\/a><\/span>, z veseljem vam bomo pomagali.<\/p>","protected":false},"featured_media":3421,"comment_status":"open","ping_status":"closed","template":"","meta":[],"product_brand":[],"product_cat":[29,30,32,24,19,52,53,56],"product_tag":[],"class_list":{"0":"post-3406","1":"product","2":"type-product","3":"status-publish","4":"has-post-thumbnail","6":"product_cat-moski","7":"product_cat-zenski","8":"product_cat-unisex","9":"product_cat-elegantni","10":"product_cat-leguano","11":"product_cat-ozka-noga","12":"product_cat-srednje-siroka-noga","13":"product_cat-izjemno-fleksibilen","15":"first","16":"onbackorder","17":"shipping-taxable","18":"purchasable","19":"product-type-variable"},"_links":{"self":[{"href":"https:\/\/www.barefootfeeling.com\/de\/wp-json\/wp\/v2\/product\/3406","targetHints":{"allow":["GET"]}}],"collection":[{"href":"https:\/\/www.barefootfeeling.com\/de\/wp-json\/wp\/v2\/product"}],"about":[{"href":"https:\/\/www.barefootfeeling.com\/de\/wp-json\/wp\/v2\/types\/product"}],"replies":[{"embeddable":true,"href":"https:\/\/www.barefootfeeling.com\/de\/wp-json\/wp\/v2\/comments?post=3406"}],"wp:featuredmedia":[{"embeddable":true,"href":"https:\/\/www.barefootfeeling.com\/de\/wp-json\/wp\/v2\/media\/3421"}],"wp:attachment":[{"href":"https:\/\/www.barefootfeeling.com\/de\/wp-json\/wp\/v2\/media?parent=3406"}],"wp:term":[{"taxonomy":"product_brand","embeddable":true,"href":"https:\/\/www.barefootfeeling.com\/de\/wp-json\/wp\/v2\/product_brand?post=3406"},{"taxonomy":"product_cat","embeddable":true,"href":"https:\/\/www.barefootfeeling.com\/de\/wp-json\/wp\/v2\/product_cat?post=3406"},{"taxonomy":"product_tag","embeddable":true,"href":"https:\/\/www.barefootfeeling.com\/de\/wp-json\/wp\/v2\/product_tag?post=3406"}],"curies":[{"name":"wp","href":"https:\/\/api.w.org\/{rel}","templated":true}]}}