{"id":3225,"date":"2024-11-20T10:28:25","date_gmt":"2024-11-20T10:28:25","guid":{"rendered":"https:\/\/www.barefootfeeling.com\/?post_type=product&#038;p=3225"},"modified":"2025-03-01T12:20:37","modified_gmt":"2025-03-01T12:20:37","slug":"nogavice-knitido-merino-wool-siva","status":"publish","type":"product","link":"https:\/\/www.barefootfeeling.com\/de\/produkt\/nogavice-knitido-merino-wool-siva\/","title":{"rendered":"Nogavice Knitido Merino Wool &#8211; siva"},"content":{"rendered":"<h4><strong>Nogavice na prste Knitido Merino Wool &#8211; Merino Cashmere Home Socks<\/strong><\/h4>\n<p><strong>Material:<\/strong><br \/>\n61% volna, 29% najlon, 6% akril, 2% ka\u0161mir, 1% elastan, 1% poliester<\/p>\n<p>Pflegehinweise:<br \/>\nPralno v pralnem stroju do 30\u00b0C pri ne\u017enem programu. Niso primerne za su\u0161enje v su\u0161ilnem stroju, niti za likanje.<\/p>\n<p>Narejene na Japonskem.<\/p>\n<p><strong>Knitido Merino Wool nogavice na prste:<\/strong><\/p>\n<ul>\n<li>edinstven ob\u010dutek pri no\u0161enju &#8211; vsestransko dobro po\u010dutje za va\u0161a stopala<\/li>\n<li>prijetno udobje, ki se ne\u017eno prilega telesu<\/li>\n<li>ohranja va\u0161e noge tople, suhe in \u010diste brez srbenja zahvaljujo\u010d naravnim lastnostim merino volne<\/li>\n<li>s klasi\u010dnim norve\u0161kim vzorcem<\/li>\n<li>videti so naravnost odli\u010dno in se dobro kombinirajo z va\u0161imi jesensko-zimskimi opravami<\/li>\n<\/ul>\n<p>Nogavice so srednje debele in se v zimskem \u010devlju ne obrabijo preve\u010d.<\/p>","protected":false},"excerpt":{"rendered":"<p>Nogavice Knitido Merino Wool Merino Cashmere so klasi\u010dne zimske nogavice. Ka\u0161mir in merino spadata med tako imenovane plemenite volne in s tem med najbolj dragocena naravna vlakna. Taka volna ne srbi, zagotavlja odli\u010dno toploto, dobro vpija vlago brez ob\u010dutka mokrote in deluje kot zaviralec vonjav.<\/p>","protected":false},"featured_media":3177,"comment_status":"open","ping_status":"closed","template":"","meta":[],"product_brand":[],"product_cat":[28,29,30,32,17,20,79,80],"product_tag":[],"class_list":{"0":"post-3225","1":"product","2":"type-product","3":"status-publish","4":"has-post-thumbnail","6":"product_cat-spol","7":"product_cat-moski","8":"product_cat-zenski","9":"product_cat-unisex","10":"product_cat-letni-cas","11":"product_cat-zima","12":"product_cat-nogavice","13":"product_cat-knitido","15":"first","16":"instock","17":"shipping-taxable","18":"purchasable","19":"product-type-variable"},"_links":{"self":[{"href":"https:\/\/www.barefootfeeling.com\/de\/wp-json\/wp\/v2\/product\/3225","targetHints":{"allow":["GET"]}}],"collection":[{"href":"https:\/\/www.barefootfeeling.com\/de\/wp-json\/wp\/v2\/product"}],"about":[{"href":"https:\/\/www.barefootfeeling.com\/de\/wp-json\/wp\/v2\/types\/product"}],"replies":[{"embeddable":true,"href":"https:\/\/www.barefootfeeling.com\/de\/wp-json\/wp\/v2\/comments?post=3225"}],"wp:featuredmedia":[{"embeddable":true,"href":"https:\/\/www.barefootfeeling.com\/de\/wp-json\/wp\/v2\/media\/3177"}],"wp:attachment":[{"href":"https:\/\/www.barefootfeeling.com\/de\/wp-json\/wp\/v2\/media?parent=3225"}],"wp:term":[{"taxonomy":"product_brand","embeddable":true,"href":"https:\/\/www.barefootfeeling.com\/de\/wp-json\/wp\/v2\/product_brand?post=3225"},{"taxonomy":"product_cat","embeddable":true,"href":"https:\/\/www.barefootfeeling.com\/de\/wp-json\/wp\/v2\/product_cat?post=3225"},{"taxonomy":"product_tag","embeddable":true,"href":"https:\/\/www.barefootfeeling.com\/de\/wp-json\/wp\/v2\/product_tag?post=3225"}],"curies":[{"name":"wp","href":"https:\/\/api.w.org\/{rel}","templated":true}]}}