{"id":3202,"date":"2024-11-20T09:59:12","date_gmt":"2024-11-20T09:59:12","guid":{"rendered":"https:\/\/www.barefootfeeling.com\/?post_type=product&#038;p=3202"},"modified":"2025-04-11T14:15:00","modified_gmt":"2025-04-11T14:15:00","slug":"nogavice-knitido-essentials-midi-modra","status":"publish","type":"product","link":"https:\/\/www.barefootfeeling.com\/de\/produkt\/nogavice-knitido-essentials-midi-modra\/","title":{"rendered":"Nogavice Knitido Essentials Midi"},"content":{"rendered":"<h4><strong>Nogavice na prste Knitido Essentials Midi<\/strong><\/h4>\n<p><strong>Material:<\/strong><br \/>\n85% bomba\u017e, 13% najlon, 1% poliester, 1% elastan<\/p>\n<p>Narejene na Japonskem.<\/p>\n<p>&nbsp;<\/p>\n<p><strong>Knitido Essentials bomba\u017ene nogavice na prste<\/strong><\/p>\n<ul>\n<li>so zra\u010dne in higienske: nogavice na prste zagotavljajo uravnote\u017eeno klimo stopal<\/li>\n<li>ne dra\u017eijo: brez\u0161ivni zaklju\u010dek na prstih, izdelana peta in natan\u010dno prileganje<\/li>\n<li>ko\u017ei prijazne zaradi visokega dele\u017ea mehkega bomba\u017ea<\/li>\n<li>unisex: primerne za mo\u0161ke in \u017eenske v velikostih 35-38, 39-42 in 43-46<\/li>\n<\/ul>\n<p>&nbsp;<\/p>\n<p><strong>Pflegehinweise:<\/strong><br \/>\nLahko se perejo v pralnem stroju do 60\u00b0C. Niso primerne za su\u0161enje v su\u0161ilnem stroju, niti za likanje.<\/p>","protected":false},"excerpt":{"rendered":"<p>Vsestranske bomba\u017ene nogavice Knitido Essentials Midi, v razli\u010dnih velikostih in barvah. Mehak bomba\u017e je primeren za vsako vreme, brez\u0161ivni zaklju\u010dek prstov pa naredi ob\u010dutek no\u0161enja neprekosljiv.<\/p>","protected":false},"featured_media":3212,"comment_status":"open","ping_status":"closed","template":"","meta":[],"product_brand":[],"product_cat":[28,29,30,32,17,21,20,79,80],"product_tag":[],"class_list":{"0":"post-3202","1":"product","2":"type-product","3":"status-publish","4":"has-post-thumbnail","6":"product_cat-spol","7":"product_cat-moski","8":"product_cat-zenski","9":"product_cat-unisex","10":"product_cat-letni-cas","11":"product_cat-poletje","12":"product_cat-zima","13":"product_cat-nogavice","14":"product_cat-knitido","16":"first","17":"instock","18":"shipping-taxable","19":"purchasable","20":"product-type-variable"},"_links":{"self":[{"href":"https:\/\/www.barefootfeeling.com\/de\/wp-json\/wp\/v2\/product\/3202","targetHints":{"allow":["GET"]}}],"collection":[{"href":"https:\/\/www.barefootfeeling.com\/de\/wp-json\/wp\/v2\/product"}],"about":[{"href":"https:\/\/www.barefootfeeling.com\/de\/wp-json\/wp\/v2\/types\/product"}],"replies":[{"embeddable":true,"href":"https:\/\/www.barefootfeeling.com\/de\/wp-json\/wp\/v2\/comments?post=3202"}],"wp:featuredmedia":[{"embeddable":true,"href":"https:\/\/www.barefootfeeling.com\/de\/wp-json\/wp\/v2\/media\/3212"}],"wp:attachment":[{"href":"https:\/\/www.barefootfeeling.com\/de\/wp-json\/wp\/v2\/media?parent=3202"}],"wp:term":[{"taxonomy":"product_brand","embeddable":true,"href":"https:\/\/www.barefootfeeling.com\/de\/wp-json\/wp\/v2\/product_brand?post=3202"},{"taxonomy":"product_cat","embeddable":true,"href":"https:\/\/www.barefootfeeling.com\/de\/wp-json\/wp\/v2\/product_cat?post=3202"},{"taxonomy":"product_tag","embeddable":true,"href":"https:\/\/www.barefootfeeling.com\/de\/wp-json\/wp\/v2\/product_tag?post=3202"}],"curies":[{"name":"wp","href":"https:\/\/api.w.org\/{rel}","templated":true}]}}