{"id":3187,"date":"2024-11-13T10:38:19","date_gmt":"2024-11-13T10:38:19","guid":{"rendered":"https:\/\/www.barefootfeeling.com\/?post_type=product&#038;p=3187"},"modified":"2025-09-02T12:39:37","modified_gmt":"2025-09-02T12:39:37","slug":"nogavice-knitido-essentials-sneaker-bela","status":"publish","type":"product","link":"https:\/\/www.barefootfeeling.com\/de\/produkt\/nogavice-knitido-essentials-sneaker-bela\/","title":{"rendered":"Nogavice Knitido Essentials Sneaker &#8211; bela"},"content":{"rendered":"<h4><strong>Nogavice na prste Knitido Essentials Sneaker<\/strong><\/h4>\n<p>&nbsp;<\/p>\n<p><strong>Material:<\/strong><br \/>\n85% bomba\u017e, 12% najlon, 2% poliester, 1% elastan<\/p>\n<p>Narejene na Japonskem.<\/p>\n<p>&nbsp;<\/p>\n<p><strong>Nogavice na prste Knitido Essentials Sneaker<\/strong><\/p>\n<ul>\n<li>unisex: primerne za mo\u0161ke in \u017eenske v velikostih 35-38, 39-42 in 43-46<\/li>\n<li>udobne za no\u0161enje brez dra\u017eenja zaradi brez\u0161ivne obdelave prstov, oblikovane pete in natan\u010dnega prileganja<\/li>\n<li>natan\u010dno prileganje z oporo na nartu in pleteno peto<\/li>\n<li>zra\u010dne in higienske: spodbuja uravnote\u017eeno klimo stopal, ve\u017ee znoj med prsti, prepre\u010duje nastanek mehurjev<\/li>\n<\/ul>\n<p><strong>Pflegehinweise:<\/strong><br \/>\nLahko se perejo v pralnem stroju do 60\u00b0C. Niso primerne za su\u0161enje v su\u0161ilnem stroju, niti za likanje.<\/p>\n<p>&nbsp;<\/p>","protected":false},"excerpt":{"rendered":"<p>Nogavice Essentials Sneaker<br \/>\n\u017delite preizkusiti Knitido nogavice za prste, pa ne veste, kje za\u010deti? Nogavice Essentials Sneaker so idealen za\u010detni model: narejene so iz visokokakovostnega bomba\u017ea, so mehke in udobne. Na voljo v ve\u010dih barvah, ki ustrezajo vsakemu videzu.<\/p>","protected":false},"featured_media":3168,"comment_status":"open","ping_status":"closed","template":"","meta":[],"product_brand":[],"product_cat":[28,29,30,32,17,21,20,79,80],"product_tag":[],"class_list":{"0":"post-3187","1":"product","2":"type-product","3":"status-publish","4":"has-post-thumbnail","6":"product_cat-spol","7":"product_cat-moski","8":"product_cat-zenski","9":"product_cat-unisex","10":"product_cat-letni-cas","11":"product_cat-poletje","12":"product_cat-zima","13":"product_cat-nogavice","14":"product_cat-knitido","16":"first","17":"instock","18":"shipping-taxable","19":"purchasable","20":"product-type-variable"},"_links":{"self":[{"href":"https:\/\/www.barefootfeeling.com\/de\/wp-json\/wp\/v2\/product\/3187","targetHints":{"allow":["GET"]}}],"collection":[{"href":"https:\/\/www.barefootfeeling.com\/de\/wp-json\/wp\/v2\/product"}],"about":[{"href":"https:\/\/www.barefootfeeling.com\/de\/wp-json\/wp\/v2\/types\/product"}],"replies":[{"embeddable":true,"href":"https:\/\/www.barefootfeeling.com\/de\/wp-json\/wp\/v2\/comments?post=3187"}],"wp:featuredmedia":[{"embeddable":true,"href":"https:\/\/www.barefootfeeling.com\/de\/wp-json\/wp\/v2\/media\/3168"}],"wp:attachment":[{"href":"https:\/\/www.barefootfeeling.com\/de\/wp-json\/wp\/v2\/media?parent=3187"}],"wp:term":[{"taxonomy":"product_brand","embeddable":true,"href":"https:\/\/www.barefootfeeling.com\/de\/wp-json\/wp\/v2\/product_brand?post=3187"},{"taxonomy":"product_cat","embeddable":true,"href":"https:\/\/www.barefootfeeling.com\/de\/wp-json\/wp\/v2\/product_cat?post=3187"},{"taxonomy":"product_tag","embeddable":true,"href":"https:\/\/www.barefootfeeling.com\/de\/wp-json\/wp\/v2\/product_tag?post=3187"}],"curies":[{"name":"wp","href":"https:\/\/api.w.org\/{rel}","templated":true}]}}