{"id":3181,"date":"2024-11-13T10:22:24","date_gmt":"2024-11-13T10:22:24","guid":{"rendered":"https:\/\/www.barefootfeeling.com\/?post_type=product&#038;p=3181"},"modified":"2025-08-22T15:46:06","modified_gmt":"2025-08-22T15:46:06","slug":"nogavice-knitido-essentials-cotton-no-show-crna","status":"publish","type":"product","link":"https:\/\/www.barefootfeeling.com\/de\/produkt\/nogavice-knitido-essentials-cotton-no-show-crna\/","title":{"rendered":"Nogavice Knitido Essentials Cotton No Show &#8211; \u010drna"},"content":{"rendered":"<h4><strong>Nogavice na prste Knitido Essentials Cotton No Show<\/strong><\/h4>\n<p>&nbsp;<\/p>\n<p><strong>Material:<\/strong><\/p>\n<p>80% bomba\u017e, 13% najlon, 4% poliester, 3% elastan<\/p>\n<p>Narejene na Japonskem.<\/p>\n<p>&nbsp;<\/p>\n<p><strong>Nogavice Knitido Essentials No Show<\/strong><br \/>\n&#8211; nevidne v supergah in zaprtih \u010devljih<br \/>\n&#8211; imajo dober oprijem na nartu<br \/>\n&#8211; so brez\u0161ivne in se udobno prilegajo<br \/>\n&#8211; ABS v notranjosti pete, da nogavica ne zdrsne<br \/>\n&#8211; narejene iz mehkega bomba\u017ea, ki ga ko\u017ea dobro prena\u0161a<\/p>\n<p><strong>Pflegehinweise:<\/strong><br \/>\nLahko se perejo v pralnem stroju do 60\u00b0C. Niso primerne za su\u0161enje v su\u0161ilnem stroju, niti za likanje.<\/p>","protected":false},"excerpt":{"rendered":"<p>Nevidni v \u010devljih \u2013 zanj in zanjo<br \/>\nV vsaki garderobi se najde par \u010devljev, ki preprosto ne gredo skupaj s \u0161portnimi nogavicami. Za to lahko uporabite Knitido\u00ae No Show: lahke bomba\u017ene nogavice \u0161\u010ditijo va\u0161a stopala in jih ohranjajo hladna in suha.<br \/>\nZaradi brez\u0161ivnega zaklju\u010dka in natan\u010dnega prileganja, ki prepre\u010duje drsenje, so te nogavice nepogre\u0161ljiva poletna oprema tako za mo\u0161ke kot za \u017eenske.<\/p>","protected":false},"featured_media":3173,"comment_status":"open","ping_status":"closed","template":"","meta":[],"product_brand":[],"product_cat":[28,29,30,32,17,21,20,79,80],"product_tag":[],"class_list":{"0":"post-3181","1":"product","2":"type-product","3":"status-publish","4":"has-post-thumbnail","6":"product_cat-spol","7":"product_cat-moski","8":"product_cat-zenski","9":"product_cat-unisex","10":"product_cat-letni-cas","11":"product_cat-poletje","12":"product_cat-zima","13":"product_cat-nogavice","14":"product_cat-knitido","16":"first","17":"instock","18":"shipping-taxable","19":"purchasable","20":"product-type-variable"},"_links":{"self":[{"href":"https:\/\/www.barefootfeeling.com\/de\/wp-json\/wp\/v2\/product\/3181","targetHints":{"allow":["GET"]}}],"collection":[{"href":"https:\/\/www.barefootfeeling.com\/de\/wp-json\/wp\/v2\/product"}],"about":[{"href":"https:\/\/www.barefootfeeling.com\/de\/wp-json\/wp\/v2\/types\/product"}],"replies":[{"embeddable":true,"href":"https:\/\/www.barefootfeeling.com\/de\/wp-json\/wp\/v2\/comments?post=3181"}],"wp:featuredmedia":[{"embeddable":true,"href":"https:\/\/www.barefootfeeling.com\/de\/wp-json\/wp\/v2\/media\/3173"}],"wp:attachment":[{"href":"https:\/\/www.barefootfeeling.com\/de\/wp-json\/wp\/v2\/media?parent=3181"}],"wp:term":[{"taxonomy":"product_brand","embeddable":true,"href":"https:\/\/www.barefootfeeling.com\/de\/wp-json\/wp\/v2\/product_brand?post=3181"},{"taxonomy":"product_cat","embeddable":true,"href":"https:\/\/www.barefootfeeling.com\/de\/wp-json\/wp\/v2\/product_cat?post=3181"},{"taxonomy":"product_tag","embeddable":true,"href":"https:\/\/www.barefootfeeling.com\/de\/wp-json\/wp\/v2\/product_tag?post=3181"}],"curies":[{"name":"wp","href":"https:\/\/api.w.org\/{rel}","templated":true}]}}