{"id":3161,"date":"2024-11-13T09:51:46","date_gmt":"2024-11-13T09:51:46","guid":{"rendered":"https:\/\/www.barefootfeeling.com\/?post_type=product&#038;p=3161"},"modified":"2025-06-12T11:37:33","modified_gmt":"2025-06-12T11:37:33","slug":"nogavice-knitido-hallux-valgus","status":"publish","type":"product","link":"https:\/\/www.barefootfeeling.com\/de\/produkt\/nogavice-knitido-hallux-valgus\/","title":{"rendered":"Nogavice Knitido Hallux Valgus"},"content":{"rendered":"<h4><strong>Kompresijski trakovi Knitido Hallux Valgus<\/strong><\/h4>\n<p><strong>Material:<\/strong><\/p>\n<p>69% najlon, 19% poliester, 12% elastan<\/p>\n<p>Izdelani na Japonskem.<\/p>\n<p><strong>Kako delujejo Knitido Dr. Foot Hallux Valgus kompresijski trakovi?<\/strong><br \/>\nMo\u010dna kompresija povzro\u010di razbremenitev sklepa no\u017enega palca, to pa vodi do sprostitve srednje kosti stopala in stranskih mi\u0161ic nog, vklju\u010dno s kitami.<\/p>\n<p><strong>Pflegehinweise:<\/strong><br \/>\nLahko se perejo v pralnem stroju do 60\u00b0C. Niso primerne za su\u0161enje v su\u0161ilnem stroju, niti za likanje.<\/p>","protected":false},"excerpt":{"rendered":"<p>Knitido Dr. Foot Hallux-Valgus Compression trakovi z mo\u010dnim kompresijskim u\u010dinkom v celotnem predelu prednjega dela stopala proti ukrivljenemu polo\u017eaju no\u017enega palca.<\/p>\n<p>Kompresijske trakove lahko nosite neopazno skrite pod obi\u010dajnimi nogavicami, primerni pa so tudi za sandale ali drugo obutev.<\/p>","protected":false},"featured_media":3176,"comment_status":"open","ping_status":"closed","template":"","meta":[],"product_brand":[],"product_cat":[28,29,30,32,17,21,20,80],"product_tag":[],"class_list":{"0":"post-3161","1":"product","2":"type-product","3":"status-publish","4":"has-post-thumbnail","6":"product_cat-spol","7":"product_cat-moski","8":"product_cat-zenski","9":"product_cat-unisex","10":"product_cat-letni-cas","11":"product_cat-poletje","12":"product_cat-zima","13":"product_cat-knitido","15":"first","16":"instock","17":"shipping-taxable","18":"purchasable","19":"product-type-variable"},"_links":{"self":[{"href":"https:\/\/www.barefootfeeling.com\/de\/wp-json\/wp\/v2\/product\/3161","targetHints":{"allow":["GET"]}}],"collection":[{"href":"https:\/\/www.barefootfeeling.com\/de\/wp-json\/wp\/v2\/product"}],"about":[{"href":"https:\/\/www.barefootfeeling.com\/de\/wp-json\/wp\/v2\/types\/product"}],"replies":[{"embeddable":true,"href":"https:\/\/www.barefootfeeling.com\/de\/wp-json\/wp\/v2\/comments?post=3161"}],"wp:featuredmedia":[{"embeddable":true,"href":"https:\/\/www.barefootfeeling.com\/de\/wp-json\/wp\/v2\/media\/3176"}],"wp:attachment":[{"href":"https:\/\/www.barefootfeeling.com\/de\/wp-json\/wp\/v2\/media?parent=3161"}],"wp:term":[{"taxonomy":"product_brand","embeddable":true,"href":"https:\/\/www.barefootfeeling.com\/de\/wp-json\/wp\/v2\/product_brand?post=3161"},{"taxonomy":"product_cat","embeddable":true,"href":"https:\/\/www.barefootfeeling.com\/de\/wp-json\/wp\/v2\/product_cat?post=3161"},{"taxonomy":"product_tag","embeddable":true,"href":"https:\/\/www.barefootfeeling.com\/de\/wp-json\/wp\/v2\/product_tag?post=3161"}],"curies":[{"name":"wp","href":"https:\/\/api.w.org\/{rel}","templated":true}]}}