{"id":3086,"date":"2024-10-23T08:34:17","date_gmt":"2024-10-23T08:34:17","guid":{"rendered":"https:\/\/www.barefootfeeling.com\/?post_type=product&#038;p=3086"},"modified":"2026-01-27T15:59:09","modified_gmt":"2026-01-27T15:59:09","slug":"tikki-ziggy-gingerbread","status":"publish","type":"product","link":"https:\/\/www.barefootfeeling.com\/de\/produkt\/tikki-ziggy-gingerbread\/","title":{"rendered":"Tikki Ziggy Gingerbread"},"content":{"rendered":"<h4><strong>Tikki Ziggy &#8211; bosonogi copati za otroke in odrasle<\/strong><\/h4>\n<p>&nbsp;<\/p>\n<p><strong>Materiali<\/strong><\/p>\n<p>Topla polstena volna (90% volna, 10% poliester)<\/p>\n<p>Podplat: TPU guma<\/p>\n<p>Vlo\u017eek: polstena volna<\/p>\n<p>&nbsp;<\/p>\n<p>Izjemno lahki, tehtajo le okoli 90 g.<\/p>\n<h4><strong>Gr\u00f6\u00dfentabelle<\/strong><\/h4>\n<table class=\"product-sizing-table product-sizing-table-B\">\n<thead>\n<tr>\n<th class=\"col-size\">Gr\u00f6\u00dfe<\/th>\n<th class=\"col-width\">\u0160irina<\/th>\n<th class=\"col-length\">Dol\u017eina<\/th>\n<\/tr>\n<\/thead>\n<tbody>\n<tr>\n<td class=\"col-size\">21<\/td>\n<td class=\"col-width\" data-value=\"6,3\">6,3<\/td>\n<td class=\"col-length\" data-value=\"14,3\">14,3<\/td>\n<\/tr>\n<tr>\n<td class=\"col-size\">22<\/td>\n<td class=\"col-width\" data-value=\"6,2\">6,2<\/td>\n<td class=\"col-length\" data-value=\"15,2\">15,2<\/td>\n<\/tr>\n<tr>\n<td class=\"col-size\">23<\/td>\n<td class=\"col-width\" data-value=\"6,7\">6,7<\/td>\n<td class=\"col-length\" data-value=\"15,8\">15,8<\/td>\n<\/tr>\n<tr>\n<td class=\"col-size\">24<\/td>\n<td class=\"col-width\" data-value=\"6,9\">6,9<\/td>\n<td class=\"col-length\" data-value=\"16\">16<\/td>\n<\/tr>\n<tr>\n<td class=\"col-size\">25<\/td>\n<td class=\"col-width\" data-value=\"7,1\">7,1<\/td>\n<td class=\"col-length\" data-value=\"16,7\">16,7<\/td>\n<\/tr>\n<tr>\n<td class=\"col-size\">26<\/td>\n<td class=\"col-width\" data-value=\"7,3\">7,3<\/td>\n<td class=\"col-length\" data-value=\"17,3\">17,3<\/td>\n<\/tr>\n<tr>\n<td class=\"col-size\">27<\/td>\n<td class=\"col-width\" data-value=\"7,5\">7,5<\/td>\n<td class=\"col-length\" data-value=\"18\">18<\/td>\n<\/tr>\n<tr>\n<td class=\"col-size\">28<\/td>\n<td class=\"col-width\" data-value=\"7,7\">7,7<\/td>\n<td class=\"col-length\" data-value=\"18,6\">18,6<\/td>\n<\/tr>\n<tr>\n<td class=\"col-size\">29<\/td>\n<td class=\"col-width\" data-value=\"7,9\">7,9<\/td>\n<td class=\"col-length\" data-value=\"19,3\">19,3<\/td>\n<\/tr>\n<tr>\n<td class=\"col-size\">30<\/td>\n<td class=\"col-width\" data-value=\"8,1\">8,1<\/td>\n<td class=\"col-length\" data-value=\"20,2\">20,2<\/td>\n<\/tr>\n<tr>\n<td class=\"col-size\">31<\/td>\n<td class=\"col-width\" data-value=\"8,3\">8,3<\/td>\n<td class=\"col-length\" data-value=\"20,8\">20,8<\/td>\n<\/tr>\n<tr>\n<td class=\"col-size\">32<\/td>\n<td class=\"col-width\" data-value=\"8,5\">8,5<\/td>\n<td class=\"col-length\" data-value=\"21,4\">21,4<\/td>\n<\/tr>\n<tr>\n<td class=\"col-size\">33<\/td>\n<td class=\"col-width\" data-value=\"8\">8<\/td>\n<td class=\"col-length\" data-value=\"22,1\">22,5<\/td>\n<\/tr>\n<tr>\n<td class=\"col-size\">34<\/td>\n<td class=\"col-width\" data-value=\"8,2\">8,2<\/td>\n<td class=\"col-length\" data-value=\"22,6\">22,6<\/td>\n<\/tr>\n<tr>\n<td class=\"col-size\">35<\/td>\n<td class=\"col-width\" data-value=\"8,4\">8,4<\/td>\n<td class=\"col-length\" data-value=\"23,5\">23,5<\/td>\n<\/tr>\n<tr>\n<td class=\"col-size\">36<\/td>\n<td class=\"col-width\" data-value=\"8,4\">8,4<\/td>\n<td class=\"col-length\" data-value=\"24,2\">24,2<\/td>\n<\/tr>\n<tr>\n<td class=\"col-size\">37<\/td>\n<td class=\"col-width\" data-value=\"8,5\">8,5<\/td>\n<td class=\"col-length\" data-value=\"24,6\">24,6<\/td>\n<\/tr>\n<tr>\n<td class=\"col-size\">38<\/td>\n<td class=\"col-width\" data-value=\"8,7\">8,7<\/td>\n<td class=\"col-length\" data-value=\"25,2\">25,2<\/td>\n<\/tr>\n<tr>\n<td class=\"col-size\">39<\/td>\n<td class=\"col-width\" data-value=\"8,8\">8,8<\/td>\n<td class=\"col-length\" data-value=\"26,2\">26,2<\/td>\n<\/tr>\n<tr>\n<td class=\"col-size\">40<\/td>\n<td class=\"col-width\" data-value=\"9,3\">9,3<\/td>\n<td class=\"col-length\" data-value=\"26,8\">26,8<\/td>\n<\/tr>\n<tr>\n<td class=\"col-size\">41<\/td>\n<td class=\"col-width\" data-value=\"9,8\">9,8<\/td>\n<td class=\"col-length\" data-value=\"27,6\">27,6<\/td>\n<\/tr>\n<tr>\n<td class=\"col-size\">42<\/td>\n<td class=\"col-width\" data-value=\"10,2\">10,2<\/td>\n<td class=\"col-length\" data-value=\"28,3\">28,3<\/td>\n<\/tr>\n<tr>\n<td class=\"col-size\">43<\/td>\n<td class=\"col-width\" data-value=\"10,4\">10,4<\/td>\n<td class=\"col-length\" data-value=\"29\">29<\/td>\n<\/tr>\n<tr>\n<td class=\"col-size\">44<\/td>\n<td class=\"col-width\" data-value=\"10,5\">10,5<\/td>\n<td class=\"col-length\" data-value=\"29,6\">29,6<\/td>\n<\/tr>\n<\/tbody>\n<\/table>","protected":false},"excerpt":{"rendered":"<p>Bosonogi copati Ziggy vam nudijo maksimalno udobje in varnost, hkrati pa omogo\u010dajo pravilen in naraven razvoj stopal. So izjemno lahki, upogljivi ter odporni na trganje in made\u017ee. V na\u0161ih Ziggyjih lahko u\u017eiva vsa dru\u017eina, bodisi doma, na plesnem te\u010daju ali v vrtcu. Samo zvijte jih, pospravite v \u017eep in pripravljeni ste! Zaradi velcro traku in gumijastega podplata vam na\u0161i \u010devlji Ziggy zagotavljajo potreben oprijem, da se lahko brezskrbno zabavate.<\/p>\n<p>&nbsp;<\/p>\n<p>&nbsp;<\/p>","protected":false},"featured_media":3087,"comment_status":"open","ping_status":"closed","template":"","meta":[],"product_brand":[],"product_cat":[29,30,31,21,20,23,57,52,53,56],"product_tag":[],"class_list":{"0":"post-3086","1":"product","2":"type-product","3":"status-publish","4":"has-post-thumbnail","6":"product_cat-moski","7":"product_cat-zenski","8":"product_cat-otroski","9":"product_cat-poletje","10":"product_cat-zima","11":"product_cat-copati","12":"product_cat-tikki","13":"product_cat-ozka-noga","14":"product_cat-srednje-siroka-noga","15":"product_cat-izjemno-fleksibilen","17":"first","18":"instock","19":"sale","20":"shipping-taxable","21":"purchasable","22":"product-type-variable"},"_links":{"self":[{"href":"https:\/\/www.barefootfeeling.com\/de\/wp-json\/wp\/v2\/product\/3086","targetHints":{"allow":["GET"]}}],"collection":[{"href":"https:\/\/www.barefootfeeling.com\/de\/wp-json\/wp\/v2\/product"}],"about":[{"href":"https:\/\/www.barefootfeeling.com\/de\/wp-json\/wp\/v2\/types\/product"}],"replies":[{"embeddable":true,"href":"https:\/\/www.barefootfeeling.com\/de\/wp-json\/wp\/v2\/comments?post=3086"}],"wp:featuredmedia":[{"embeddable":true,"href":"https:\/\/www.barefootfeeling.com\/de\/wp-json\/wp\/v2\/media\/3087"}],"wp:attachment":[{"href":"https:\/\/www.barefootfeeling.com\/de\/wp-json\/wp\/v2\/media?parent=3086"}],"wp:term":[{"taxonomy":"product_brand","embeddable":true,"href":"https:\/\/www.barefootfeeling.com\/de\/wp-json\/wp\/v2\/product_brand?post=3086"},{"taxonomy":"product_cat","embeddable":true,"href":"https:\/\/www.barefootfeeling.com\/de\/wp-json\/wp\/v2\/product_cat?post=3086"},{"taxonomy":"product_tag","embeddable":true,"href":"https:\/\/www.barefootfeeling.com\/de\/wp-json\/wp\/v2\/product_tag?post=3086"}],"curies":[{"name":"wp","href":"https:\/\/api.w.org\/{rel}","templated":true}]}}