{"id":2945,"date":"2024-09-24T10:51:04","date_gmt":"2024-09-24T10:51:04","guid":{"rendered":"https:\/\/www.barefootfeeling.com\/?post_type=product&#038;p=2945"},"modified":"2026-01-27T16:21:26","modified_gmt":"2026-01-27T16:21:26","slug":"be-lenka-snowfox-kids-black","status":"publish","type":"product","link":"https:\/\/www.barefootfeeling.com\/de\/produkt\/be-lenka-snowfox-kids-black\/","title":{"rendered":"Be Lenka Snowfox Kids &#8211; black"},"content":{"rendered":"<h4><b>Otro\u0161ki zimski bosonogi \u010devlji Be Lenka Snowfox<\/b><\/h4>\n<p><strong>Material:<\/strong><\/p>\n<p><em>Zgornji del<\/em>: Vrhnji del: Tekstil, iverna plo\u0161\u010da in nubuk usnje (vodoodbojno)<br \/>\n<em>Podloga<\/em>: Vrhnji del: volna in tekstil<br \/>\n<em>Vlo\u017eek<\/em>: (odstranljiv): lateks, merino volna in aluminijasta folija.<br \/>\n<em>Podplat<\/em>: guma (sestavljena iz 10 % recikliranih ostankov podplata)<br \/>\nRo\u010dno izdelano na Portugalskem<\/p>\n<p><strong>Specifikacije:<\/strong><\/p>\n<ul>\n<li>Vodoodbojna membrana med podlogo in zgornjim delom zadr\u017euje vlago<\/li>\n<li>Nubuk usnje (vodoodbojno) na prstih \u0161\u010diti pred praskami in vsakodnevno obrabo<\/li>\n<li>Domiselne vezalke, dopolnjene z zama\u0161kom, poskrbijo za odli\u010dno prileganje<\/li>\n<li>Vlo\u017eek, opremljen z aluminijastim slojem, prepre\u010duje prodiranje mraza v \u010develj<\/li>\n<li>Redno nana\u0161anje vodoodpornega spreja izbolj\u0161a vodoodbojnost in olaj\u0161a vzdr\u017eevanje \u010devljev<\/li>\n<li>Podplat KidsComfort s svojimi \u017elebi\u010di zagotavlja odli\u010dno stabilnost in nadzor koraka med vsakodnevnim gibanjem<\/li>\n<li>Posnema hojo z bosimi nogami, tako kot si je zamislila narava<\/li>\n<\/ul>\n<p><strong>Eigenschaften von Barfu\u00dfschuhen:<\/strong><\/p>\n<ul>\n<li>Breite Zehenpartie<\/li>\n<li>Pro\u017een podplat<\/li>\n<li>Raven podplat od pete do prstov, ki podpira pravilno telesno dr\u017eo<\/li>\n<li>So lahki<\/li>\n<\/ul>\n<h4><strong>Gr\u00f6\u00dfentabelle<\/strong><\/h4>\n<table class=\"product-sizing-table product-sizing-table-B\">\n<thead>\n<tr>\n<th class=\"col-size\">Gr\u00f6\u00dfe<\/th>\n<th class=\"col-width\">\u0160irina<\/th>\n<th class=\"col-length\">Dol\u017eina<\/th>\n<\/tr>\n<\/thead>\n<tbody>\n<tr>\n<td class=\"col-size\">25<\/td>\n<td class=\"col-width\" data-value=\"7\">7<\/td>\n<td class=\"col-length\" data-value=\"16,2\">16,2<\/td>\n<\/tr>\n<tr>\n<td class=\"col-size\">26<\/td>\n<td class=\"col-width\" data-value=\"7,1\">7,1<\/td>\n<td class=\"col-length\" data-value=\"16,8\">16,8<\/td>\n<\/tr>\n<tr>\n<td class=\"col-size\">27<\/td>\n<td class=\"col-width\" data-value=\"7,2\">7,2<\/td>\n<td class=\"col-length\" data-value=\"17,5\">17,5<\/td>\n<\/tr>\n<tr>\n<td class=\"col-size\">28<\/td>\n<td class=\"col-width\" data-value=\"7,4\">7,4<\/td>\n<td class=\"col-length\" data-value=\"18,3\">18,3<\/td>\n<\/tr>\n<tr>\n<td class=\"col-size\">29<\/td>\n<td class=\"col-width\" data-value=\"7,5\">7,5<\/td>\n<td class=\"col-length\" data-value=\"18,9\">18,9<\/td>\n<\/tr>\n<tr>\n<td class=\"col-size\">30<\/td>\n<td class=\"col-width\" data-value=\"7,7\">7,7<\/td>\n<td class=\"col-length\" data-value=\"19,6\">19,6<\/td>\n<\/tr>\n<tr>\n<td class=\"col-size\">31<\/td>\n<td class=\"col-width\" data-value=\"7,9\">7,9<\/td>\n<td class=\"col-length\" data-value=\"20,2\">20,2<\/td>\n<\/tr>\n<tr>\n<td class=\"col-size\">32<\/td>\n<td class=\"col-width\" data-value=\"8\">8<\/td>\n<td class=\"col-length\" data-value=\"20,9\">20,9<\/td>\n<\/tr>\n<tr>\n<td class=\"col-size\">33<\/td>\n<td class=\"col-width\" data-value=\"8,1\">8,1<\/td>\n<td class=\"col-length\" data-value=\"21,5\">21,5<\/td>\n<\/tr>\n<tr>\n<td class=\"col-size\">34<\/td>\n<td class=\"col-width\" data-value=\"8,3\">8,3<\/td>\n<td class=\"col-length\" data-value=\"22,1\">22,1<\/td>\n<\/tr>\n<tr>\n<td class=\"col-size\">35<\/td>\n<td class=\"col-width\" data-value=\"8,5\">8,5<\/td>\n<td class=\"col-length\" data-value=\"22,8\">22,8<\/td>\n<\/tr>\n<\/tbody>\n<\/table>\n<p>Pri izbiri velikosti \u010devljev je treba poleg tabele velikosti \u010devljev upo\u0161tevati tudi druge vidike (fiziologijo stopala &#8211; obliko, \u0161irino prstov, stopalo in druge), ki lahko vplivajo na to, kako se bo \u010develj prilegal va\u0161emu stopalu.<\/p>\n<p>Tabela velikosti navaja notranjo dol\u017eino in \u0161irino \u010devljev v centimetrih.<\/p>\n<p>Pri izbiri velikosti upo\u0161tevajte, da izolacija nekoliko zmanj\u0161a prostor v notranjosti \u010devlja.<\/p>\n<p>Priporo\u010damo, da celotni dol\u017eini otrokovega stopala dodate dodatnih 0,5 cm, s \u010dimer boste dobili idealno velikost \u010devlja za va\u0161ega otroka<\/p>\n<p>&nbsp;<\/p>","protected":false},"excerpt":{"rendered":"<p>Otro\u0161ka bosonoga obutev Be Lenka Snowfox je prakti\u010dna obutev, ki zagotavlja \u010dudovito udobje tudi v najhladnej\u0161em delu leta. Ti visokokakovostni bosonogi \u010devlji imajo membrano in snemljiv volneni vlo\u017eek z aluminijastim izolacijskim slojem proti mrazu. Vodoodporni nubuk na konici prstov \u0161\u010diti pred obrabo. Elasti\u010dne vrvice, ki se zapirajo z zama\u0161ki, poskrbijo, da se copati kot rokavica prilegajo stopalom va\u0161ih najmlaj\u0161ih.<\/p>\n<p>Be Lenka Snowfox 2.0 bodo poskrbeli, da bodo majhne noge tople in prijetne zaradi merino volne in volnene podloge.<\/p>\n<p><strong>Pri izbiri velikosti upo\u0161tevajte, da izolacija nekoliko zmanj\u0161a prostor v notranjosti \u010devlja.<\/strong><\/p>","protected":false},"featured_media":2957,"comment_status":"open","ping_status":"closed","template":"","meta":[],"product_brand":[],"product_cat":[31,20,22,36,53,54],"product_tag":[],"class_list":{"0":"post-2945","1":"product","2":"type-product","3":"status-publish","4":"has-post-thumbnail","6":"product_cat-otroski","7":"product_cat-zima","8":"product_cat-visoki","9":"product_cat-belenka","10":"product_cat-srednje-siroka-noga","11":"product_cat-siroka-noga","13":"first","14":"instock","15":"sale","16":"shipping-taxable","17":"purchasable","18":"product-type-variable"},"_links":{"self":[{"href":"https:\/\/www.barefootfeeling.com\/de\/wp-json\/wp\/v2\/product\/2945","targetHints":{"allow":["GET"]}}],"collection":[{"href":"https:\/\/www.barefootfeeling.com\/de\/wp-json\/wp\/v2\/product"}],"about":[{"href":"https:\/\/www.barefootfeeling.com\/de\/wp-json\/wp\/v2\/types\/product"}],"replies":[{"embeddable":true,"href":"https:\/\/www.barefootfeeling.com\/de\/wp-json\/wp\/v2\/comments?post=2945"}],"wp:featuredmedia":[{"embeddable":true,"href":"https:\/\/www.barefootfeeling.com\/de\/wp-json\/wp\/v2\/media\/2957"}],"wp:attachment":[{"href":"https:\/\/www.barefootfeeling.com\/de\/wp-json\/wp\/v2\/media?parent=2945"}],"wp:term":[{"taxonomy":"product_brand","embeddable":true,"href":"https:\/\/www.barefootfeeling.com\/de\/wp-json\/wp\/v2\/product_brand?post=2945"},{"taxonomy":"product_cat","embeddable":true,"href":"https:\/\/www.barefootfeeling.com\/de\/wp-json\/wp\/v2\/product_cat?post=2945"},{"taxonomy":"product_tag","embeddable":true,"href":"https:\/\/www.barefootfeeling.com\/de\/wp-json\/wp\/v2\/product_tag?post=2945"}],"curies":[{"name":"wp","href":"https:\/\/api.w.org\/{rel}","templated":true}]}}