{"id":2907,"date":"2024-09-24T10:35:46","date_gmt":"2024-09-24T10:35:46","guid":{"rendered":"https:\/\/www.barefootfeeling.com\/?post_type=product&#038;p=2907"},"modified":"2026-01-27T16:19:39","modified_gmt":"2026-01-27T16:19:39","slug":"be-lenka-winter-kids-chocolate","status":"publish","type":"product","link":"https:\/\/www.barefootfeeling.com\/de\/produkt\/be-lenka-winter-kids-chocolate\/","title":{"rendered":"Be Lenka Winter Kids &#8211; chocolate"},"content":{"rendered":"<div>\n<h4><strong>Otro\u0161ki zimski bosonogi \u010devlji Be Lenka Winter<\/strong><\/h4>\n<p><strong>Material:<\/strong><\/p>\n<p>Zgornji del: usnje<br \/>\nPodloga: Merino volna (vodoodbojna membrana)<br \/>\nVlo\u017eek: (Merino, alu folija, lateks)<br \/>\nPodplat: KidsUltraGrip (TR)<br \/>\nHergestellt in Portugal<\/p>\n<p><strong>Specifikacije:<\/strong><\/p>\n<\/div>\n<ul>\n<li>Posnemajo ob\u010dutek bosonoge hoje<\/li>\n<li>Volnena podloga s termoregulacijskimi lastnostmi \u0161\u010diti stopala pred mrazom<\/li>\n<li>Oblikovan oprijem KidsComfort Grip zagotavlja odli\u010dno stabilnost in popoln nadzor nad hojo<\/li>\n<li>Enostavno obuvanje in sezuvanje zaradi elasti\u010dnih trakov namesto klasi\u010dnih vezalk<\/li>\n<li>Vezen jezik zagotavlja, da v \u010develj ne pride umazanija<\/li>\n<li>Odsevni elementi za bolj\u0161o vidljivost<\/li>\n<li>Prostoren predel za prste zagotavlja naravno in neovirano gibanje prstov<\/li>\n<\/ul>\n<p><strong>Eigenschaften von Barfu\u00dfschuhen:<\/strong><\/p>\n<ul>\n<li>Breite Zehenpartie<\/li>\n<li>Pro\u017een podplat<\/li>\n<li>Raven podplat od pete do prstov, ki podpira pravilno telesno dr\u017eo<\/li>\n<li>So lahki<\/li>\n<\/ul>\n<h4><strong>Gr\u00f6\u00dfentabelle<\/strong><\/h4>\n<table class=\"product-sizing-table product-sizing-table-B\">\n<thead>\n<tr>\n<th class=\"col-size\">Gr\u00f6\u00dfe<\/th>\n<th class=\"col-width\">\u0160irina<\/th>\n<th class=\"col-length\">Dol\u017eina<\/th>\n<\/tr>\n<\/thead>\n<tbody>\n<tr>\n<td class=\"col-size\">25<\/td>\n<td class=\"col-width\" data-value=\"6,9\">6,9<\/td>\n<td class=\"col-length\" data-value=\"16,7\">16,7<\/td>\n<\/tr>\n<tr>\n<td class=\"col-size\">26<\/td>\n<td class=\"col-width\" data-value=\"7,1\">7,1<\/td>\n<td class=\"col-length\" data-value=\"17,4\">17,4<\/td>\n<\/tr>\n<tr>\n<td class=\"col-size\">27<\/td>\n<td class=\"col-width\" data-value=\"7,2\">7,2<\/td>\n<td class=\"col-length\" data-value=\"18,1\">18,1<\/td>\n<\/tr>\n<tr>\n<td class=\"col-size\">28<\/td>\n<td class=\"col-width\" data-value=\"7,4\">7,4<\/td>\n<td class=\"col-length\" data-value=\"18,8\">18,8<\/td>\n<\/tr>\n<tr>\n<td class=\"col-size\">29<\/td>\n<td class=\"col-width\" data-value=\"7,5\">7,5<\/td>\n<td class=\"col-length\" data-value=\"19,5\">19,5<\/td>\n<\/tr>\n<tr>\n<td class=\"col-size\">30<\/td>\n<td class=\"col-width\" data-value=\"7,7\">7,7<\/td>\n<td class=\"col-length\" data-value=\"20,1\">20,1<\/td>\n<\/tr>\n<tr>\n<td class=\"col-size\">31<\/td>\n<td class=\"col-width\" data-value=\"7,9\">7,9<\/td>\n<td class=\"col-length\" data-value=\"20,8\">20,8<\/td>\n<\/tr>\n<tr>\n<td class=\"col-size\">32<\/td>\n<td class=\"col-width\" data-value=\"8,1\">8,1<\/td>\n<td class=\"col-length\" data-value=\"21,5\">21,5<\/td>\n<\/tr>\n<tr>\n<td class=\"col-size\">33<\/td>\n<td class=\"col-width\" data-value=\"8,2\">8,2<\/td>\n<td class=\"col-length\" data-value=\"22,2\">22,2<\/td>\n<\/tr>\n<tr>\n<td class=\"col-size\">34<\/td>\n<td class=\"col-width\" data-value=\"8,4\">8,4<\/td>\n<td class=\"col-length\" data-value=\"22,9\">22,9<\/td>\n<\/tr>\n<tr>\n<td class=\"col-size\">35<\/td>\n<td class=\"col-width\" data-value=\"8,6\">8,6<\/td>\n<td class=\"col-length\" data-value=\"23,5\">23,5<\/td>\n<\/tr>\n<tr>\n<td class=\"col-size\">36<\/td>\n<td class=\"col-width\" data-value=\"9,0\">9,0<\/td>\n<td class=\"col-length\" data-value=\"24,0\">24,0<\/td>\n<\/tr>\n<tr>\n<td class=\"col-size\">37<\/td>\n<td class=\"col-width\" data-value=\"9,3\">9,3<\/td>\n<td class=\"col-length\" data-value=\"24,6\">24,6<\/td>\n<\/tr>\n<tr>\n<td class=\"col-size\">38<\/td>\n<td class=\"col-width\" data-value=\"9,4\">9,4<\/td>\n<td class=\"col-length\" data-value=\"25,4\">25,4<\/td>\n<\/tr>\n<\/tbody>\n<\/table>","protected":false},"excerpt":{"rendered":"<p>Eden izmed najbolj priljubljenih modelov med odraslimi je zdaj na voljo tudi v razli\u010dici za otroke. Be Lenka Winter Kids v \u010dokoladni barvi so izjemno topli zimski bosonogi \u010devlji zaradi podloge iz merino volne. Posebna membrana in vrhunsko usnje zagotavljata odli\u010dne vodoodbojne lastnosti. Kljunast jezik poskrbi, da v \u010devlje ne pride umazanija, poleg tega pa jih je zelo enostavno obuti in sezuti. Model za otroke je dopolnjen z odsevnimi elementi. En model za vse &#8211; u\u017eivajte v zimi v \u010devljih Be Lenka Winter.<\/p>\n<p><strong>Pri izbiri velikosti upo\u0161tevajte, da podloga nekoliko zmanj\u0161a prostor v notranjosti \u010devlja.<\/strong><\/p>","protected":false},"featured_media":2908,"comment_status":"open","ping_status":"closed","template":"","meta":[],"product_brand":[],"product_cat":[31,20,22,36,53,54],"product_tag":[],"class_list":{"0":"post-2907","1":"product","2":"type-product","3":"status-publish","4":"has-post-thumbnail","6":"product_cat-otroski","7":"product_cat-zima","8":"product_cat-visoki","9":"product_cat-belenka","10":"product_cat-srednje-siroka-noga","11":"product_cat-siroka-noga","13":"first","14":"instock","15":"sale","16":"shipping-taxable","17":"purchasable","18":"product-type-variable"},"_links":{"self":[{"href":"https:\/\/www.barefootfeeling.com\/de\/wp-json\/wp\/v2\/product\/2907","targetHints":{"allow":["GET"]}}],"collection":[{"href":"https:\/\/www.barefootfeeling.com\/de\/wp-json\/wp\/v2\/product"}],"about":[{"href":"https:\/\/www.barefootfeeling.com\/de\/wp-json\/wp\/v2\/types\/product"}],"replies":[{"embeddable":true,"href":"https:\/\/www.barefootfeeling.com\/de\/wp-json\/wp\/v2\/comments?post=2907"}],"wp:featuredmedia":[{"embeddable":true,"href":"https:\/\/www.barefootfeeling.com\/de\/wp-json\/wp\/v2\/media\/2908"}],"wp:attachment":[{"href":"https:\/\/www.barefootfeeling.com\/de\/wp-json\/wp\/v2\/media?parent=2907"}],"wp:term":[{"taxonomy":"product_brand","embeddable":true,"href":"https:\/\/www.barefootfeeling.com\/de\/wp-json\/wp\/v2\/product_brand?post=2907"},{"taxonomy":"product_cat","embeddable":true,"href":"https:\/\/www.barefootfeeling.com\/de\/wp-json\/wp\/v2\/product_cat?post=2907"},{"taxonomy":"product_tag","embeddable":true,"href":"https:\/\/www.barefootfeeling.com\/de\/wp-json\/wp\/v2\/product_tag?post=2907"}],"curies":[{"name":"wp","href":"https:\/\/api.w.org\/{rel}","templated":true}]}}