{"id":2861,"date":"2024-09-14T13:29:08","date_gmt":"2024-09-14T13:29:08","guid":{"rendered":"https:\/\/www.barefootfeeling.com\/?post_type=product&#038;p=2861"},"modified":"2026-04-21T15:44:11","modified_gmt":"2026-04-21T15:44:11","slug":"arcticedge-all-black","status":"publish","type":"product","link":"https:\/\/www.barefootfeeling.com\/de\/produkt\/arcticedge-all-black\/","title":{"rendered":"Be Lenka ArcticEdge all black"},"content":{"rendered":"<p><strong>Materiali<\/strong><\/p>\n<p><em>Zgornji del<\/em>: Tekstil + PU + TPU<br \/>\n<em>Podloga<\/em>: flis \/ vodoodbojna zra\u010dna membrana \/ Primaloft<br \/>\n<em>Vlo\u017eek<\/em>: PU + flis (odstranljiv)<br \/>\n<em>Podplat<\/em>: guma + EVA (ThermoGrip Neo)<br \/>\nHergestellt in Vietnam<\/p>\n<ul>\n<li>Technisches Obermaterial aus strapazierf\u00e4higem Ripstop + TPU + PU Material.<\/li>\n<li>Vodoodbojna dihajo\u010da membrana in odli\u010dne izolacijske lastnosti (vsak par obutve opravi test vodoodpornosti)<\/li>\n<li>ThermoGrip Neo Universal-Winterlaufsohle mit rutschfestem Profil und ausgezeichneter Flexibilit\u00e4t.<\/li>\n<li>Primaloft-Futter und -Au\u00dfensohle kombinieren Leichtigkeit, hervorragende W\u00e4rmeeigenschaften und Wasserfestigkeit.<\/li>\n<li>Strapazierf\u00e4hige Sohle im Zehenbereich.<\/li>\n<\/ul>\n<p><strong>Eigenschaften von Barfu\u00dfschuhen:<\/strong><\/p>\n<p>Sohle: flexible Sohle<br \/>\nZero Drop: eben von der Ferse bis zu den Zehen, unterst\u00fctzt die richtige K\u00f6rperhaltung.<br \/>\nBreite Zehenpartie in Form eines Fu\u00dfes.<br \/>\nLahki &#8211; nizka te\u017ea<\/p>\n<p><strong>Tabela velikosti<\/strong><\/p>\n<p>&nbsp;<\/p>","protected":false},"excerpt":{"rendered":"<p>Be Lenka \u010devlji za bosonogo hojo so zasnovani tako, da popolnoma posnemajo ob\u010dutek bosonoge hoje. Be Lenka Arctic Edge so vsestranski vodoodporni bosonogi \u010devlji z odli\u010dnimi izolacijskimi lastnostmi in novim podplatom ThermoGrip Neo v \u010drni barvi. Ne skrbite, da bi se vam v teh gle\u017enjarjih iz veganskih materialov zmo\u010dila stopala. Poleg tega u\u017eivajte v odli\u010dnem toplotnem udobju zaradi tehnologije Primaloft. Pametno zasnovan oprijem bo prepre\u010dil, da bi vam \u010devlji zdrsnili tudi na razgibanem terenu. Odpornost proti obrabi pa zagotavlja zgornji del, izdelan iz najnovej\u0161ih tehni\u010dnih materialov.<\/p>","protected":false},"featured_media":2879,"comment_status":"closed","ping_status":"closed","template":"","meta":[],"product_brand":[],"product_cat":[29,30,32,20,22,33,36,53,54],"product_tag":[],"class_list":{"0":"post-2861","1":"product","2":"type-product","3":"status-publish","4":"has-post-thumbnail","6":"product_cat-moski","7":"product_cat-zenski","8":"product_cat-unisex","9":"product_cat-zima","10":"product_cat-visoki","11":"product_cat-za-dez","12":"product_cat-belenka","13":"product_cat-srednje-siroka-noga","14":"product_cat-siroka-noga","16":"first","17":"instock","18":"shipping-taxable","19":"purchasable","20":"product-type-variable"},"_links":{"self":[{"href":"https:\/\/www.barefootfeeling.com\/de\/wp-json\/wp\/v2\/product\/2861","targetHints":{"allow":["GET"]}}],"collection":[{"href":"https:\/\/www.barefootfeeling.com\/de\/wp-json\/wp\/v2\/product"}],"about":[{"href":"https:\/\/www.barefootfeeling.com\/de\/wp-json\/wp\/v2\/types\/product"}],"replies":[{"embeddable":true,"href":"https:\/\/www.barefootfeeling.com\/de\/wp-json\/wp\/v2\/comments?post=2861"}],"wp:featuredmedia":[{"embeddable":true,"href":"https:\/\/www.barefootfeeling.com\/de\/wp-json\/wp\/v2\/media\/2879"}],"wp:attachment":[{"href":"https:\/\/www.barefootfeeling.com\/de\/wp-json\/wp\/v2\/media?parent=2861"}],"wp:term":[{"taxonomy":"product_brand","embeddable":true,"href":"https:\/\/www.barefootfeeling.com\/de\/wp-json\/wp\/v2\/product_brand?post=2861"},{"taxonomy":"product_cat","embeddable":true,"href":"https:\/\/www.barefootfeeling.com\/de\/wp-json\/wp\/v2\/product_cat?post=2861"},{"taxonomy":"product_tag","embeddable":true,"href":"https:\/\/www.barefootfeeling.com\/de\/wp-json\/wp\/v2\/product_tag?post=2861"}],"curies":[{"name":"wp","href":"https:\/\/api.w.org\/{rel}","templated":true}]}}