{"id":2684,"date":"2024-07-27T09:13:39","date_gmt":"2024-07-27T09:13:39","guid":{"rendered":"https:\/\/www.barefootfeeling.com\/?post_type=product&#038;p=2684"},"modified":"2024-09-25T08:39:07","modified_gmt":"2024-09-25T08:39:07","slug":"be-lenka-joy-gelato-pink","status":"publish","type":"product","link":"https:\/\/www.barefootfeeling.com\/de\/produkt\/be-lenka-joy-gelato-pink\/","title":{"rendered":"Be Lenka Gelato &#8211; pink"},"content":{"rendered":"<h4><b>Otro\u0161ki bosonogi \u010devlji Be Lenka Gelato<\/b><\/h4>\n<p><strong>Material:<\/strong><br \/>\nObermaterial: Leder (Nappa + Nubuk)<br \/>\nInnenfutter: Textil<br \/>\nEinlegesohle: recyceltes PU + Textil (herausnehmbar)<br \/>\nSohle: TR (KidsUltraGrip)<br \/>\nIzdelani na Portugalskem<\/p>\n<p><strong>Specifikacije<\/strong><\/p>\n<ul>\n<li>BeLenka \u010devlji za bosonogo hojo popolnoma posnemajo ob\u010dutek bosih nog<\/li>\n<li>\u0161ivan podplat z dvignjenim blatnikom<\/li>\n<li>podplat KidsUltraGrip za otro\u0161ke modele zagotavlja popoln oprijem in ponuja igrivo obliko oprijema<\/li>\n<li>odsevni logotipi Be Lenka za ve\u010djo varnost<\/li>\n<li>enostavno obuvanje in sezuvanje (zapenjanje na kavelj\u010dek in zanko + elasti\u010dni trakovi)<\/li>\n<\/ul>\n<p><strong>Eigenschaften von Barfu\u00dfschuhen:<\/strong><\/p>\n<ul>\n<li>Breite Zehenpartie<\/li>\n<li>Pro\u017een podplat<\/li>\n<li>Raven podplat od pete do prstov, ki podpira pravilno telesno dr\u017eo<\/li>\n<li>So lahki<\/li>\n<\/ul>\n<p><strong>Tabela velikosti<\/strong><\/p>\n<table class=\"product-sizing-table product-sizing-table-B\">\n<thead>\n<tr>\n<th class=\"col-size\">Gr\u00f6\u00dfe<\/th>\n<th class=\"col-width\">\u0160irina<\/th>\n<th class=\"col-length\">Dol\u017eina<\/th>\n<\/tr>\n<\/thead>\n<tbody>\n<tr>\n<td class=\"col-size\">25<\/td>\n<td class=\"col-width\" data-value=\"7\">6,9<\/td>\n<td class=\"col-length\" data-value=\"16,2\">16,7<\/td>\n<\/tr>\n<tr>\n<td class=\"col-size\">26<\/td>\n<td class=\"col-width\" data-value=\"7,1\">7,1<\/td>\n<td class=\"col-length\" data-value=\"16,8\">17,4<\/td>\n<\/tr>\n<tr>\n<td class=\"col-size\">27<\/td>\n<td class=\"col-width\" data-value=\"7,2\">7,2<\/td>\n<td class=\"col-length\" data-value=\"17,5\">18,1<\/td>\n<\/tr>\n<tr>\n<td class=\"col-size\">28<\/td>\n<td class=\"col-width\" data-value=\"7,4\">7,4<\/td>\n<td class=\"col-length\" data-value=\"18,3\">18,8<\/td>\n<\/tr>\n<tr>\n<td class=\"col-size\">29<\/td>\n<td class=\"col-width\" data-value=\"7,5\">7,5<\/td>\n<td class=\"col-length\" data-value=\"18,9\">19,5<\/td>\n<\/tr>\n<tr>\n<td class=\"col-size\">30<\/td>\n<td class=\"col-width\" data-value=\"7,7\">7,7<\/td>\n<td class=\"col-length\" data-value=\"19,6\">20,1<\/td>\n<\/tr>\n<tr>\n<td class=\"col-size\">31<\/td>\n<td class=\"col-width\" data-value=\"7,9\">7,9<\/td>\n<td class=\"col-length\" data-value=\"20,2\">20,8<\/td>\n<\/tr>\n<tr>\n<td class=\"col-size\">32<\/td>\n<td class=\"col-width\" data-value=\"8\">8,1<\/td>\n<td class=\"col-length\" data-value=\"20,9\">21,5<\/td>\n<\/tr>\n<tr>\n<td class=\"col-size\">33<\/td>\n<td class=\"col-width\" data-value=\"8,1\">8,2<\/td>\n<td class=\"col-length\" data-value=\"21,5\">22,2<\/td>\n<\/tr>\n<tr>\n<td class=\"col-size\">34<\/td>\n<td class=\"col-width\" data-value=\"8,3\">8,4<\/td>\n<td class=\"col-length\" data-value=\"22,1\">22,9<\/td>\n<\/tr>\n<tr>\n<td class=\"col-size\">35<\/td>\n<td class=\"col-width\" data-value=\"8,5\">8,6<\/td>\n<td class=\"col-length\" data-value=\"22,8\">23,5<\/td>\n<\/tr>\n<\/tbody>\n<\/table>\n<p>&nbsp;<\/p>","protected":false},"excerpt":{"rendered":"<p>Die Be Lenka Gelato Kinder-Barfu\u00dfschuhe in Rosa sind perfekt f\u00fcr die kleinsten Eisliebhaber, die f\u00fcr jedes Abenteuer bereit sind. Diese einzigartigen Schuhe sind aus zwei Arten von hochwertigem Leder gefertigt. Die Kinder werden das Design lieben, das von der schmelzenden Eiscreme inspiriert ist, die so typisch f\u00fcr hei\u00dfe Sommertage ist. Dank des Klettverschlusses und der Gummiriemen sind die Schuhe leicht zu tragen. Die flexible Sohle ist gen\u00e4ht, was die Haltbarkeit der Schuhe erh\u00f6ht. Ihre Kinder werden diese Schuhe lieben und Sie werden begeistert sein, wie praktisch sie sind.<\/p>","protected":false},"featured_media":2696,"comment_status":"open","ping_status":"closed","template":"","meta":[],"product_brand":[],"product_cat":[31,36],"product_tag":[],"class_list":{"0":"post-2684","1":"product","2":"type-product","3":"status-publish","4":"has-post-thumbnail","6":"product_cat-otroski","7":"product_cat-belenka","9":"first","10":"instock","11":"shipping-taxable","12":"purchasable","13":"product-type-variable"},"_links":{"self":[{"href":"https:\/\/www.barefootfeeling.com\/de\/wp-json\/wp\/v2\/product\/2684","targetHints":{"allow":["GET"]}}],"collection":[{"href":"https:\/\/www.barefootfeeling.com\/de\/wp-json\/wp\/v2\/product"}],"about":[{"href":"https:\/\/www.barefootfeeling.com\/de\/wp-json\/wp\/v2\/types\/product"}],"replies":[{"embeddable":true,"href":"https:\/\/www.barefootfeeling.com\/de\/wp-json\/wp\/v2\/comments?post=2684"}],"wp:featuredmedia":[{"embeddable":true,"href":"https:\/\/www.barefootfeeling.com\/de\/wp-json\/wp\/v2\/media\/2696"}],"wp:attachment":[{"href":"https:\/\/www.barefootfeeling.com\/de\/wp-json\/wp\/v2\/media?parent=2684"}],"wp:term":[{"taxonomy":"product_brand","embeddable":true,"href":"https:\/\/www.barefootfeeling.com\/de\/wp-json\/wp\/v2\/product_brand?post=2684"},{"taxonomy":"product_cat","embeddable":true,"href":"https:\/\/www.barefootfeeling.com\/de\/wp-json\/wp\/v2\/product_cat?post=2684"},{"taxonomy":"product_tag","embeddable":true,"href":"https:\/\/www.barefootfeeling.com\/de\/wp-json\/wp\/v2\/product_tag?post=2684"}],"curies":[{"name":"wp","href":"https:\/\/api.w.org\/{rel}","templated":true}]}}