{"id":2612,"date":"2024-07-25T15:58:46","date_gmt":"2024-07-25T15:58:46","guid":{"rendered":"https:\/\/www.barefootfeeling.com\/?post_type=product&#038;p=2612"},"modified":"2025-09-12T16:11:10","modified_gmt":"2025-09-12T16:11:10","slug":"belenka-bounce","status":"publish","type":"product","link":"https:\/\/www.barefootfeeling.com\/de\/produkt\/belenka-bounce\/","title":{"rendered":"Be Lenka Bounce"},"content":{"rendered":"<h4><strong>Otro\u0161ki bosonogi \u010devlji Be Lenka Bounce<\/strong><\/h4>\n<p><strong>Material:<\/strong><\/p>\n<p>Obermaterial: Leder (Nappa)<br \/>\nInnenfutter: Leder + Textil<br \/>\nEinlegesohle: recyceltes PU + Textil (herausnehmbar)<br \/>\nSohle: TR (KidsUltraGrip)<br \/>\nHergestellt in Portugal<\/p>\n<p><strong>Specifikacije:<\/strong><\/p>\n<ul>\n<li>Na\u0161i \u010devlji za bosonogo hojo popolnoma posnemajo ob\u010dutek bosih nog<\/li>\n<li>Gen\u00e4hte Sohle f\u00fcr l\u00e4ngere Lebensdauer<\/li>\n<li>Universelle Schuhe f\u00fcr besondere Anl\u00e4sse<\/li>\n<li>KidsUltraGrip-Laufsohle f\u00fcr Kindermodelle sorgt f\u00fcr perfekten Halt und bietet ein spielerisches Griffdesign<\/li>\n<li>Einfaches Anziehen dank Klettverschluss<\/li>\n<li>Leichtes Schuhwerk aus hochwertigem Nappaleder<\/li>\n<li>Gepr\u00e4gtes \u201eBe\u201c-Logo auf der Zunge und Klettverschluss<\/li>\n<li>Herausnehmbare, feuchtigkeitsableitende Einlage<\/li>\n<\/ul>\n<p><strong>Eigenschaften von Barfu\u00dfschuhen:<\/strong><\/p>\n<ul>\n<li>Breite Zehenpartie<\/li>\n<li>Pro\u017een podplat<\/li>\n<li>Raven podplat od pete do prstov, ki podpira pravilno telesno dr\u017eo<\/li>\n<li>So lahki<\/li>\n<\/ul>\n<table class=\"product-sizing-table product-sizing-table-B\">\n<thead>\n<tr>\n<th class=\"col-size\">Gr\u00f6\u00dfe<\/th>\n<th class=\"col-width\">\u0160irina<\/th>\n<th class=\"col-length\">Dol\u017eina<\/th>\n<\/tr>\n<\/thead>\n<tbody>\n<tr>\n<td class=\"col-size\">25<\/td>\n<td class=\"col-width\" data-value=\"6,9\">6,9<\/td>\n<td class=\"col-length\" data-value=\"16,7\">16,7<\/td>\n<\/tr>\n<tr>\n<td class=\"col-size\">26<\/td>\n<td class=\"col-width\" data-value=\"7,1\">7,1<\/td>\n<td class=\"col-length\" data-value=\"17,4\">17,4<\/td>\n<\/tr>\n<tr>\n<td class=\"col-size\">27<\/td>\n<td class=\"col-width\" data-value=\"7,2\">7,2<\/td>\n<td class=\"col-length\" data-value=\"18,1\">18,1<\/td>\n<\/tr>\n<tr>\n<td class=\"col-size\">28<\/td>\n<td class=\"col-width\" data-value=\"7,4\">7,4<\/td>\n<td class=\"col-length\" data-value=\"18,8\">18,8<\/td>\n<\/tr>\n<tr>\n<td class=\"col-size\">29<\/td>\n<td class=\"col-width\" data-value=\"7,5\">7,5<\/td>\n<td class=\"col-length\" data-value=\"19,5\">19,5<\/td>\n<\/tr>\n<tr>\n<td class=\"col-size\">30<\/td>\n<td class=\"col-width\" data-value=\"7,7\">7,7<\/td>\n<td class=\"col-length\" data-value=\"20,1\">20,1<\/td>\n<\/tr>\n<tr>\n<td class=\"col-size\">31<\/td>\n<td class=\"col-width\" data-value=\"7,9\">7,9<\/td>\n<td class=\"col-length\" data-value=\"20,8\">20,8<\/td>\n<\/tr>\n<tr>\n<td class=\"col-size\">32<\/td>\n<td class=\"col-width\" data-value=\"8,1\">8,1<\/td>\n<td class=\"col-length\" data-value=\"21,5\">21,5<\/td>\n<\/tr>\n<tr>\n<td class=\"col-size\">33<\/td>\n<td class=\"col-width\" data-value=\"8,2\">8,2<\/td>\n<td class=\"col-length\" data-value=\"22,2\">22,2<\/td>\n<\/tr>\n<tr>\n<td class=\"col-size\">34<\/td>\n<td class=\"col-width\" data-value=\"8,4\">8,4<\/td>\n<td class=\"col-length\" data-value=\"22,9\">22,9<\/td>\n<\/tr>\n<tr>\n<td class=\"col-size\">35<\/td>\n<td class=\"col-width\" data-value=\"8,6\">8,6<\/td>\n<td class=\"col-length\" data-value=\"23,5\">23,5<\/td>\n<\/tr>\n<\/tbody>\n<\/table>","protected":false},"excerpt":{"rendered":"<p>I\u0161\u010dete elegantne in udobne bosonoge \u010devlje za otroke? Be Lenka Bounce bo poskrbel za vas. Model Bounce je nastal po navdihu priljubljenega modela za odrasle, Cityscape. Zaradi minimalisti\u010dne zasnove lahko ta model zlahka kombinirate s katero koli obleko, tudi elegantno. Be Lenka modeli za otroke so zasnovani tako, da so enostavni za uporabo in model Bounce ni nobena izjema. Opremljen je z zapenjanjem na je\u017eka za enostavno natikanje in snemanje.<\/p>","protected":false},"featured_media":2614,"comment_status":"open","ping_status":"closed","template":"","meta":[],"product_brand":[],"product_cat":[31,36],"product_tag":[],"class_list":{"0":"post-2612","1":"product","2":"type-product","3":"status-publish","4":"has-post-thumbnail","6":"product_cat-otroski","7":"product_cat-belenka","9":"first","10":"instock","11":"shipping-taxable","12":"purchasable","13":"product-type-variable"},"_links":{"self":[{"href":"https:\/\/www.barefootfeeling.com\/de\/wp-json\/wp\/v2\/product\/2612","targetHints":{"allow":["GET"]}}],"collection":[{"href":"https:\/\/www.barefootfeeling.com\/de\/wp-json\/wp\/v2\/product"}],"about":[{"href":"https:\/\/www.barefootfeeling.com\/de\/wp-json\/wp\/v2\/types\/product"}],"replies":[{"embeddable":true,"href":"https:\/\/www.barefootfeeling.com\/de\/wp-json\/wp\/v2\/comments?post=2612"}],"wp:featuredmedia":[{"embeddable":true,"href":"https:\/\/www.barefootfeeling.com\/de\/wp-json\/wp\/v2\/media\/2614"}],"wp:attachment":[{"href":"https:\/\/www.barefootfeeling.com\/de\/wp-json\/wp\/v2\/media?parent=2612"}],"wp:term":[{"taxonomy":"product_brand","embeddable":true,"href":"https:\/\/www.barefootfeeling.com\/de\/wp-json\/wp\/v2\/product_brand?post=2612"},{"taxonomy":"product_cat","embeddable":true,"href":"https:\/\/www.barefootfeeling.com\/de\/wp-json\/wp\/v2\/product_cat?post=2612"},{"taxonomy":"product_tag","embeddable":true,"href":"https:\/\/www.barefootfeeling.com\/de\/wp-json\/wp\/v2\/product_tag?post=2612"}],"curies":[{"name":"wp","href":"https:\/\/api.w.org\/{rel}","templated":true}]}}