{"id":2519,"date":"2024-06-11T15:27:40","date_gmt":"2024-06-11T15:27:40","guid":{"rendered":"https:\/\/www.barefootfeeling.com\/?post_type=product&#038;p=2519"},"modified":"2024-10-30T10:53:49","modified_gmt":"2024-10-30T10:53:49","slug":"leguanito-scippo-forester","status":"publish","type":"product","link":"https:\/\/www.barefootfeeling.com\/de\/produkt\/leguanito-scippo-forester\/","title":{"rendered":"Leguanito Scippo &#8211; forester"},"content":{"rendered":"<h4><strong>Leguanito Scippo \u2013 otro\u0161ki bosonogi \u010devlji<\/strong><\/h4>\n<p>Primerni so za ozka do srednje \u0161iroka stopala<\/p>\n<p><strong>Materiali<\/strong><\/p>\n<p>Zgornji material: 100% poliester<\/p>\n<p>Podloga: 75% poliamid, 25%poliester<\/p>\n<p>Nosilec podplata: 80% ov\u010dja volna, 20% poliester<\/p>\n<p>Sohle: LIFOLIT\u00ae-lg<\/p>\n<p>Das Anziehen ist dank des Klettverschlusses f\u00fcr die Kleinen im Handumdrehen m\u00f6glich (bis Gr\u00f6\u00dfe 28). F\u00fcr die gr\u00f6\u00dferen Kinder sind die Schuhe zus\u00e4tzlich mit einem Schn\u00fcrverschluss versehen.<\/p>\n<p>Narejeni v Nem\u010diji.<\/p>\n<p><strong>Pflegehinweis<\/strong>: Bei 30 \u00b0C im W\u00e4schenetz waschen (Wollwaschgang oder Handw\u00e4sche). Wollwaschmittel, keinen Weichsp\u00fcler und kein Pulver verwenden. Separat oder mit \u00e4hnlichen Farben waschen. Nicht Trockner geeignet. Schn\u00fcrsenkel separat mit Handw\u00e4sche waschen. Eine regelm\u00e4\u00dfige Impr\u00e4gnierung sorgt daf\u00fcr, dass der Lotuseffekt aufrecht erhalten wird.<\/p>\n<h4><strong>Gr\u00f6\u00dfentabelle<\/strong><\/h4>\n<table class=\"product-sizing-table product-sizing-table-B\">\n<thead>\n<tr>\n<th class=\"col-size\">Gr\u00f6\u00dfe<\/th>\n<th class=\"col-length\">Dol\u017eina<\/th>\n<\/tr>\n<\/thead>\n<tbody>\n<tr>\n<td class=\"col-size\">25<\/td>\n<td class=\"col-length\" data-value=\"16,0\">16,0<\/td>\n<\/tr>\n<tr>\n<td class=\"col-size\">26<\/td>\n<td class=\"col-length\" data-value=\"16,7\">16,7<\/td>\n<\/tr>\n<tr>\n<td class=\"col-size\">27<\/td>\n<td class=\"col-length\" data-value=\"17,3\">17,3<\/td>\n<\/tr>\n<tr>\n<td class=\"col-size\">28<\/td>\n<td class=\"col-length\" data-value=\"18,0\">18,0<\/td>\n<\/tr>\n<tr>\n<td class=\"col-size\">29<\/td>\n<td class=\"col-length\" data-value=\"18,7\">18,7<\/td>\n<\/tr>\n<tr>\n<td class=\"col-size\">30<\/td>\n<td class=\"col-length\" data-value=\"19,3\">19,3<\/td>\n<\/tr>\n<tr>\n<td class=\"col-size\">31<\/td>\n<td class=\"col-length\" data-value=\"20,0\">20,0<\/td>\n<\/tr>\n<tr>\n<td class=\"col-size\">32<\/td>\n<td class=\"col-length\" data-value=\"20,7\">20,7<\/td>\n<\/tr>\n<tr>\n<td class=\"col-size\">33<\/td>\n<td class=\"col-length\" data-value=\"21,3\">21,3<\/td>\n<\/tr>\n<tr>\n<td class=\"col-size\">34<\/td>\n<td class=\"col-length\" data-value=\"22\">22<\/td>\n<\/tr>\n<\/tbody>\n<\/table>\n<p>&nbsp;<\/p>","protected":false},"excerpt":{"rendered":"<p>Primerni so za pustolov\u0161\u010dine od prvih korakov naprej. Ponujajo za\u0161\u010dito, ne da bi omejevali svobodo gibanja malih stopal. Na ta na\u010din se optimalno spodbuja naraven na\u010din hoje. So super udobni, izjemno pro\u017eni in imajo podplat, odporen na obremenitve. Zgornji material je vodoodbojen in trpe\u017een.<\/p>\n<p>Sie haben Fragen? Unser Serviceteam steht Ihnen gerne zur Verf\u00fcgung. Sie erreichen uns \u00fcber info@barefootfeeling.com. <span style=\"color: #008000;\"><a style=\"color: #008000;\" href=\"mailto:info@barefootfeeling.com\" target=\"_blank\" rel=\"noopener noreferrer\"><strong>info@barefootfeeling.com<\/strong><\/a><\/span>, z veseljem vam bomo pomagali.<\/p>","protected":false},"featured_media":2491,"comment_status":"open","ping_status":"closed","template":"","meta":[],"product_brand":[],"product_cat":[31,22,19,52,53,56],"product_tag":[],"class_list":{"0":"post-2519","1":"product","2":"type-product","3":"status-publish","4":"has-post-thumbnail","6":"product_cat-otroski","7":"product_cat-visoki","8":"product_cat-leguano","9":"product_cat-ozka-noga","10":"product_cat-srednje-siroka-noga","11":"product_cat-izjemno-fleksibilen","13":"first","14":"onbackorder","15":"shipping-taxable","16":"purchasable","17":"product-type-variable"},"_links":{"self":[{"href":"https:\/\/www.barefootfeeling.com\/de\/wp-json\/wp\/v2\/product\/2519","targetHints":{"allow":["GET"]}}],"collection":[{"href":"https:\/\/www.barefootfeeling.com\/de\/wp-json\/wp\/v2\/product"}],"about":[{"href":"https:\/\/www.barefootfeeling.com\/de\/wp-json\/wp\/v2\/types\/product"}],"replies":[{"embeddable":true,"href":"https:\/\/www.barefootfeeling.com\/de\/wp-json\/wp\/v2\/comments?post=2519"}],"wp:featuredmedia":[{"embeddable":true,"href":"https:\/\/www.barefootfeeling.com\/de\/wp-json\/wp\/v2\/media\/2491"}],"wp:attachment":[{"href":"https:\/\/www.barefootfeeling.com\/de\/wp-json\/wp\/v2\/media?parent=2519"}],"wp:term":[{"taxonomy":"product_brand","embeddable":true,"href":"https:\/\/www.barefootfeeling.com\/de\/wp-json\/wp\/v2\/product_brand?post=2519"},{"taxonomy":"product_cat","embeddable":true,"href":"https:\/\/www.barefootfeeling.com\/de\/wp-json\/wp\/v2\/product_cat?post=2519"},{"taxonomy":"product_tag","embeddable":true,"href":"https:\/\/www.barefootfeeling.com\/de\/wp-json\/wp\/v2\/product_tag?post=2519"}],"curies":[{"name":"wp","href":"https:\/\/api.w.org\/{rel}","templated":true}]}}