{"id":2359,"date":"2024-06-10T15:12:26","date_gmt":"2024-06-10T15:12:26","guid":{"rendered":"https:\/\/www.barefootfeeling.com\/?post_type=product&#038;p=2359"},"modified":"2025-08-01T11:52:30","modified_gmt":"2025-08-01T11:52:30","slug":"kosmo-crna","status":"publish","type":"product","link":"https:\/\/www.barefootfeeling.com\/de\/produkt\/kosmo-crna\/","title":{"rendered":"Leguano Kosmo &#8211; \u010drna"},"content":{"rendered":"<h4><strong>Leguano Kosmo \u2013 odrasli bosonogi zimski \u010devlji<\/strong><\/h4>\n<p>&nbsp;<\/p>\n<p><strong>Materiali<\/strong><\/p>\n<p>Zgornji material: 100 % poliamid<\/p>\n<p>Notranji material: 100 % poliester<\/p>\n<p>Nosilec podloge: 100 % poliester<\/p>\n<p>Sohle: LIFOLIT\u00ae-lg<\/p>\n<p>Izdelani v Nem\u010diji.<\/p>\n<p>Sie k\u00f6nnen auch mit einem Textilimpr\u00e4gniermittel impr\u00e4gniert werden (z. B.: <span style=\"color: #008000;\"><em><a style=\"color: #008000;\" href=\"https:\/\/www.leguano.si\/izdelek\/nikwax-impregnacija-za-tkanino-in-usnje-125ml\/\" target=\"_blank\" rel=\"noopener noreferrer\">Nikwax<\/a><\/em><\/span>), so dass nicht einmal Wasser an sie herankommt.<\/p>\n<p>&nbsp;<\/p>\n<h4><strong>Gr\u00f6\u00dfentabelle<\/strong><\/h4>\n<p>Obutev se zaradi mehkosti zgornjega materiala dobro prilega razli\u010dnim \u0161irinam stopala ampak jih glede na obliko spredaj priporo\u010damo za ozka srednje \u0161iroka stopala.<\/p>\n<table class=\"product-sizing-table product-sizing-table-B\">\n<thead>\n<tr>\n<th class=\"col-size\">Gr\u00f6\u00dfe<\/th>\n<th class=\"col-length\">Dol\u017eina<\/th>\n<\/tr>\n<\/thead>\n<tbody>\n<tr>\n<td class=\"col-size\">36<\/td>\n<td class=\"col-length\" data-value=\"22,9\">22,9<\/td>\n<\/tr>\n<tr>\n<td class=\"col-size\">37<\/td>\n<td class=\"col-length\" data-value=\"23,6\">23,6<\/td>\n<\/tr>\n<tr>\n<td class=\"col-size\">38<\/td>\n<td class=\"col-length\" data-value=\"24,3\">24,3<\/td>\n<\/tr>\n<tr>\n<td class=\"col-size\">39<\/td>\n<td class=\"col-length\" data-value=\"24,9\">24,9<\/td>\n<\/tr>\n<tr>\n<td class=\"col-size\">40<\/td>\n<td class=\"col-length\" data-value=\"25,6\">25,6<\/td>\n<\/tr>\n<tr>\n<td class=\"col-size\">41<\/td>\n<td class=\"col-length\" data-value=\"26,3\">26,3<\/td>\n<\/tr>\n<tr>\n<td class=\"col-size\">42<\/td>\n<td class=\"col-length\" data-value=\"26,9\">26,9<\/td>\n<\/tr>\n<tr>\n<td class=\"col-size\">43<\/td>\n<td class=\"col-length\" data-value=\"27,6\">27,6<\/td>\n<\/tr>\n<tr>\n<td class=\"col-size\">44<\/td>\n<td class=\"col-length\" data-value=\"28,3\">28,3<\/td>\n<\/tr>\n<tr>\n<td class=\"col-size\">45<\/td>\n<td class=\"col-length\" data-value=\"28,9\">28,9<\/td>\n<\/tr>\n<tr>\n<td class=\"col-size\">46<\/td>\n<td class=\"col-length\" data-value=\"29,6\">29,6<\/td>\n<\/tr>\n<tr>\n<td class=\"col-size\">47<\/td>\n<td class=\"col-length\" data-value=\"30,3\">30,3<\/td>\n<\/tr>\n<\/tbody>\n<\/table>","protected":false},"excerpt":{"rendered":"<p>Leguano Kosmo so zimski bosonogi \u010devlji, ki pristojijo skoraj vsaki opravi in so ob aktivnem gibanju primerni tudi za mrzle dni. Idealni so za zimske sprehode v snegu, izlete za vikend ali za vsakdan. Opremljeni so s skrbno v\u0161itim leguano logom, ki jim daje lastno identiteto. Imajo podlogo, ki skupaj z gibanjem poskrbi za aktivna stopala in tople noge. Leguano bosonogi \u010devlji se popolnoma prilegajo stopalom in z njimi se vam ni treba odpovedati svobodi prstov in bosonogemu ob\u010dutku.<\/p>\n<p>Sie haben Fragen? Unser Serviceteam steht Ihnen gerne zur Verf\u00fcgung. Sie erreichen uns \u00fcber info@barefootfeeling.com. <span style=\"color: #008000;\"><a style=\"color: #008000;\" href=\"mailto:info@barefootfeeling.com\" target=\"_blank\" rel=\"noopener noreferrer\"><strong>info@barefootfeeling.com<\/strong><\/a><\/span>, z veseljem vam bomo pomagali.<\/p>","protected":false},"featured_media":2402,"comment_status":"open","ping_status":"closed","template":"","meta":[],"product_brand":[],"product_cat":[29,30,32,20,22,19,52,53,56],"product_tag":[],"class_list":{"0":"post-2359","1":"product","2":"type-product","3":"status-publish","4":"has-post-thumbnail","6":"product_cat-moski","7":"product_cat-zenski","8":"product_cat-unisex","9":"product_cat-zima","10":"product_cat-visoki","11":"product_cat-leguano","12":"product_cat-ozka-noga","13":"product_cat-srednje-siroka-noga","14":"product_cat-izjemno-fleksibilen","16":"first","17":"onbackorder","18":"shipping-taxable","19":"purchasable","20":"product-type-variable"},"_links":{"self":[{"href":"https:\/\/www.barefootfeeling.com\/de\/wp-json\/wp\/v2\/product\/2359","targetHints":{"allow":["GET"]}}],"collection":[{"href":"https:\/\/www.barefootfeeling.com\/de\/wp-json\/wp\/v2\/product"}],"about":[{"href":"https:\/\/www.barefootfeeling.com\/de\/wp-json\/wp\/v2\/types\/product"}],"replies":[{"embeddable":true,"href":"https:\/\/www.barefootfeeling.com\/de\/wp-json\/wp\/v2\/comments?post=2359"}],"wp:featuredmedia":[{"embeddable":true,"href":"https:\/\/www.barefootfeeling.com\/de\/wp-json\/wp\/v2\/media\/2402"}],"wp:attachment":[{"href":"https:\/\/www.barefootfeeling.com\/de\/wp-json\/wp\/v2\/media?parent=2359"}],"wp:term":[{"taxonomy":"product_brand","embeddable":true,"href":"https:\/\/www.barefootfeeling.com\/de\/wp-json\/wp\/v2\/product_brand?post=2359"},{"taxonomy":"product_cat","embeddable":true,"href":"https:\/\/www.barefootfeeling.com\/de\/wp-json\/wp\/v2\/product_cat?post=2359"},{"taxonomy":"product_tag","embeddable":true,"href":"https:\/\/www.barefootfeeling.com\/de\/wp-json\/wp\/v2\/product_tag?post=2359"}],"curies":[{"name":"wp","href":"https:\/\/api.w.org\/{rel}","templated":true}]}}