{"id":2341,"date":"2024-06-10T15:15:03","date_gmt":"2024-06-10T15:15:03","guid":{"rendered":"https:\/\/www.barefootfeeling.com\/?post_type=product&#038;p=2341"},"modified":"2026-01-27T16:57:18","modified_gmt":"2026-01-27T16:57:18","slug":"leguano-icebare","status":"publish","type":"product","link":"https:\/\/www.barefootfeeling.com\/de\/produkt\/leguano-icebare\/","title":{"rendered":"Leguano Icebare"},"content":{"rendered":"<h4><strong>Leguano Icebare \u2013 odrasli bosonogi zimski \u010devlji<\/strong><\/h4>\n<p>&nbsp;<\/p>\n<p><strong>Materiali<\/strong><\/p>\n<p>Zgornji material: 40 % poliuretan, 60% poliester<\/p>\n<p>Podloga: 100 % poliester<\/p>\n<p>Podplat: 100 % LIFOLIT\u00ae-lg<\/p>\n<p>Izdelani v Nem\u010diji.<\/p>\n<p>Sie k\u00f6nnen auch mit einem Textilimpr\u00e4gniermittel impr\u00e4gniert werden (z. B.: <span style=\"color: #008000;\"><em><a style=\"color: #008000;\" href=\"https:\/\/www.leguano.si\/izdelek\/nikwax-impregnacija-za-tkanino-in-usnje-125ml\/\" target=\"_blank\" rel=\"noopener noreferrer\">Nikwax<\/a><\/em><\/span>), tako da jim tudi voda ne pride do \u017eivega.<\/p>\n<h4><span style=\"font-size: 20px;\"><strong>Wie w\u00e4hle ich die richtige Gr\u00f6\u00dfe?<\/strong><\/span><\/h4>\n<p>Aufgrund der speziellen Schnittf\u00fchrung empfehlen wir, dieses Modell eine Schuhnummer gr\u00f6\u00dfer auszuw\u00e4hlen.<\/p>\n<h4><strong>Gr\u00f6\u00dfentabelle<\/strong><\/h4>\n<p>Obutev se zaradi mehkosti zgornjega materiala dobro prilega razli\u010dnim \u0161irinam stopala ampak jih glede na obliko spredaj priporo\u010damo za ozka srednje \u0161iroka stopala.<\/p>\n<table class=\"product-sizing-table product-sizing-table-B\">\n<thead>\n<tr>\n<th class=\"col-size\">Gr\u00f6\u00dfe<\/th>\n<th class=\"col-length\">Dol\u017eina<\/th>\n<\/tr>\n<\/thead>\n<tbody>\n<tr>\n<td class=\"col-size\">36<\/td>\n<td class=\"col-length\" data-value=\"22,6\">22,6<\/td>\n<\/tr>\n<tr>\n<td class=\"col-size\">37<\/td>\n<td class=\"col-length\" data-value=\"23,3\">23,3<\/td>\n<\/tr>\n<tr>\n<td class=\"col-size\">38<\/td>\n<td class=\"col-length\" data-value=\"24,0\">24,0<\/td>\n<\/tr>\n<tr>\n<td class=\"col-size\">39<\/td>\n<td class=\"col-length\" data-value=\"24,6\">24,6<\/td>\n<\/tr>\n<tr>\n<td class=\"col-size\">40<\/td>\n<td class=\"col-length\" data-value=\"25,3\">25,3<\/td>\n<\/tr>\n<tr>\n<td class=\"col-size\">41<\/td>\n<td class=\"col-length\" data-value=\"26,0\">26,0<\/td>\n<\/tr>\n<tr>\n<td class=\"col-size\">42<\/td>\n<td class=\"col-length\" data-value=\"26,6\">26,6<\/td>\n<\/tr>\n<tr>\n<td class=\"col-size\">43<\/td>\n<td class=\"col-length\" data-value=\"27,3\">27,3<\/td>\n<\/tr>\n<tr>\n<td class=\"col-size\">44<\/td>\n<td class=\"col-length\" data-value=\"28,0\">28,0<\/td>\n<\/tr>\n<tr>\n<td class=\"col-size\">45<\/td>\n<td class=\"col-length\" data-value=\"28,6\">28,6<\/td>\n<\/tr>\n<tr>\n<td class=\"col-size\">46<\/td>\n<td class=\"col-length\" data-value=\"29,3\">29,3<\/td>\n<\/tr>\n<tr>\n<td class=\"col-size\">47<\/td>\n<td class=\"col-length\" data-value=\"30,0\">30,0<\/td>\n<\/tr>\n<\/tbody>\n<\/table>","protected":false},"excerpt":{"rendered":"<p>Bosonogi \u010devlji Leguano Icebare so \u010devlji z izgledom, ki pristoji skoraj vsaki opravi in so ob aktivnem gibanju primerni tudi za mrzle dni. Idealni so za zimske sprehode v snegu, izlete za vikend ali za vsakdan. Imajo podlogo, ki skupaj z gibanjem poskrbi za aktivna stopala in tople noge. Leguano bosonogi \u010devlji se popolnoma prilegajo stopalom in z njimi se vam ni treba odpovedati svobodi prstov in bosonogemu ob\u010dutku.<\/p>\n<h4><span style=\"font-size: 16px;\"><strong>Hinweis:<\/strong><\/span><\/h4>\n<p>Aufgrund der speziellen Schnittf\u00fchrung empfehlen wir, dieses Modell eine Schuhnummer gr\u00f6\u00dfer auszuw\u00e4hlen.<\/p>\n<p>Sie haben Fragen? Unser Serviceteam steht Ihnen gerne zur Verf\u00fcgung. Sie erreichen uns \u00fcber info@barefootfeeling.com. <a href=\"mailto:info@barefootfeeling.com\" target=\"_blank\" rel=\"noopener noreferrer\"><strong>info@barefootfeeling.com<\/strong><\/a>, z veseljem vam bomo pomagali.<\/p>","protected":false},"featured_media":2343,"comment_status":"open","ping_status":"closed","template":"","meta":[],"product_brand":[],"product_cat":[29,30,32,20,22,19,52,53,56],"product_tag":[],"class_list":{"0":"post-2341","1":"product","2":"type-product","3":"status-publish","4":"has-post-thumbnail","6":"product_cat-moski","7":"product_cat-zenski","8":"product_cat-unisex","9":"product_cat-zima","10":"product_cat-visoki","11":"product_cat-leguano","12":"product_cat-ozka-noga","13":"product_cat-srednje-siroka-noga","14":"product_cat-izjemno-fleksibilen","16":"first","17":"instock","18":"sale","19":"shipping-taxable","20":"purchasable","21":"product-type-variable"},"_links":{"self":[{"href":"https:\/\/www.barefootfeeling.com\/de\/wp-json\/wp\/v2\/product\/2341","targetHints":{"allow":["GET"]}}],"collection":[{"href":"https:\/\/www.barefootfeeling.com\/de\/wp-json\/wp\/v2\/product"}],"about":[{"href":"https:\/\/www.barefootfeeling.com\/de\/wp-json\/wp\/v2\/types\/product"}],"replies":[{"embeddable":true,"href":"https:\/\/www.barefootfeeling.com\/de\/wp-json\/wp\/v2\/comments?post=2341"}],"wp:featuredmedia":[{"embeddable":true,"href":"https:\/\/www.barefootfeeling.com\/de\/wp-json\/wp\/v2\/media\/2343"}],"wp:attachment":[{"href":"https:\/\/www.barefootfeeling.com\/de\/wp-json\/wp\/v2\/media?parent=2341"}],"wp:term":[{"taxonomy":"product_brand","embeddable":true,"href":"https:\/\/www.barefootfeeling.com\/de\/wp-json\/wp\/v2\/product_brand?post=2341"},{"taxonomy":"product_cat","embeddable":true,"href":"https:\/\/www.barefootfeeling.com\/de\/wp-json\/wp\/v2\/product_cat?post=2341"},{"taxonomy":"product_tag","embeddable":true,"href":"https:\/\/www.barefootfeeling.com\/de\/wp-json\/wp\/v2\/product_tag?post=2341"}],"curies":[{"name":"wp","href":"https:\/\/api.w.org\/{rel}","templated":true}]}}