{"id":2220,"date":"2024-06-04T16:09:26","date_gmt":"2024-06-04T16:09:26","guid":{"rendered":"https:\/\/www.barefootfeeling.com\/?post_type=product&#038;p=2220"},"modified":"2025-04-29T15:21:14","modified_gmt":"2025-04-29T15:21:14","slug":"leguano-score-grey","status":"publish","type":"product","link":"https:\/\/www.barefootfeeling.com\/de\/produkt\/leguano-score-grey\/","title":{"rendered":"Leguano Score &#8211; grey"},"content":{"rendered":"<h4><strong>Leguano Score \u2013 odrasli bosonogi \u010devlji<\/strong><\/h4>\n<p>&nbsp;<\/p>\n<p><strong>Materiali<\/strong><\/p>\n<p>Zgornji material: 100 % poliester<\/p>\n<p>Notranji material: 51 % poliamid, 49 % poliuretan<\/p>\n<p>Podplat: Lifolit\u00ae-lg<\/p>\n<p>&nbsp;<\/p>\n<p><strong>Pflegehinweis<\/strong>: Bei 30 \u00b0C im W\u00e4schenetz waschen (Wollwaschgang oder Handw\u00e4sche). Wollwaschmittel, keinen Weichsp\u00fcler und kein Pulver verwenden. Separat oder mit \u00e4hnlichen Farben waschen. Nicht Trockner geeignet. Schn\u00fcrsenkel separat mit Handw\u00e4sche waschen. Eine regelm\u00e4\u00dfige Impr\u00e4gnierung sorgt daf\u00fcr, dass der Lotuseffekt aufrecht erhalten wird.<\/p>\n<h4><strong>Gr\u00f6\u00dfentabelle<\/strong><\/h4>\n<p>Obutev se zaradi mehkosti zgornjega materiala dobro prilega razli\u010dnim \u0161irinam stopala ampak jih glede na obliko spredaj priporo\u010damo za srednje \u0161iroka in \u0161iroka stopala.<\/p>\n<table class=\"product-sizing-table product-sizing-table-B\">\n<thead>\n<tr>\n<th class=\"col-size\">Gr\u00f6\u00dfe<\/th>\n<th class=\"col-length\">Dol\u017eina<\/th>\n<\/tr>\n<\/thead>\n<tbody>\n<tr>\n<td class=\"col-size\">35<\/td>\n<td class=\"col-length\" data-value=\"22,2\">22,2<\/td>\n<\/tr>\n<tr>\n<td class=\"col-size\">36<\/td>\n<td class=\"col-length\" data-value=\"22,5\">22,5<\/td>\n<\/tr>\n<tr>\n<td class=\"col-size\">37<\/td>\n<td class=\"col-length\" data-value=\"23,4\">23,4<\/td>\n<\/tr>\n<tr>\n<td class=\"col-size\">38<\/td>\n<td class=\"col-length\" data-value=\"23,9\">23,9<\/td>\n<\/tr>\n<tr>\n<td class=\"col-size\">39<\/td>\n<td class=\"col-length\" data-value=\"24,5\">24,5<\/td>\n<\/tr>\n<tr>\n<td class=\"col-size\">40<\/td>\n<td class=\"col-length\" data-value=\"25,2\">25,2<\/td>\n<\/tr>\n<tr>\n<td class=\"col-size\">41<\/td>\n<td class=\"col-length\" data-value=\"25,9\">25,9<\/td>\n<\/tr>\n<tr>\n<td class=\"col-size\">42<\/td>\n<td class=\"col-length\" data-value=\"26,5\">26,5<\/td>\n<\/tr>\n<tr>\n<td class=\"col-size\">43<\/td>\n<td class=\"col-length\" data-value=\"27,2\">27,2<\/td>\n<\/tr>\n<tr>\n<td class=\"col-size\">44<\/td>\n<td class=\"col-length\" data-value=\"27,9\">27,9<\/td>\n<\/tr>\n<tr>\n<td class=\"col-size\">45<\/td>\n<td class=\"col-length\" data-value=\"28,5\">28,5<\/td>\n<\/tr>\n<tr>\n<td class=\"col-size\">46<\/td>\n<td class=\"col-length\" data-value=\"29,2\">29,2<\/td>\n<\/tr>\n<tr>\n<td class=\"col-size\">47<\/td>\n<td class=\"col-length\" data-value=\"29,9\">29,9<\/td>\n<\/tr>\n<\/tbody>\n<\/table>","protected":false},"excerpt":{"rendered":"<p>Izkusite popoln ob\u010dutek bosih nog z modnimi bosonogimi \u010devlji Leguano Score, ki so primerni za vsako prilo\u017enost. Ne glede na to, ali se sprehajate po mestu, v naravi, delate v pisarni, ti \u010devlji va\u0161im stopalom omogo\u010dajo, da dihajo in se svobodno gibljejo. Tanek podplat se prilagodi vsaki povr\u0161ini in vam z vsakim korakom daje prijeten \u010dutni odziv. Zaradi robustnega zgornjega materiala je copat resni\u010dno vsestranski, njegov kroj pa omogo\u010da hitro obuvanje in sezuvanje, ter zagotavlja popolno prileganje tudi ozkim stopalom. \u0160portno elegantni bosonogi \u010devlji Leguano Score se pona\u0161ajo z materialom ki diha, zato so idealni spremljevalci v toplej\u0161ih dneh.<\/p>\n<p>\u010cevlji niso primerni za nizek nart.<\/p>\n<p>Sie haben Fragen? Unser Serviceteam steht Ihnen gerne zur Verf\u00fcgung. Sie erreichen uns \u00fcber info@barefootfeeling.com. <span style=\"color: #008000;\"><strong><a style=\"color: #008000;\" href=\"mailto:info@barefootfeeling.com\" target=\"_blank\" rel=\"noopener noreferrer\">info@barefootfeeling.com<\/a><\/strong><\/span>, z veseljem vam bomo pomagali.<\/p>","protected":false},"featured_media":2221,"comment_status":"open","ping_status":"closed","template":"","meta":[],"product_brand":[],"product_cat":[28,29,30,32,17,21,16,24,25,18,19,51,53,54,55,56],"product_tag":[],"class_list":{"0":"post-2220","1":"product","2":"type-product","3":"status-publish","4":"has-post-thumbnail","6":"product_cat-spol","7":"product_cat-moski","8":"product_cat-zenski","9":"product_cat-unisex","10":"product_cat-letni-cas","11":"product_cat-poletje","12":"product_cat-tip","13":"product_cat-elegantni","14":"product_cat-sportni","15":"product_cat-znamka","16":"product_cat-leguano","17":"product_cat-sirina","18":"product_cat-srednje-siroka-noga","19":"product_cat-siroka-noga","20":"product_cat-podplat","21":"product_cat-izjemno-fleksibilen","23":"first","24":"instock","25":"shipping-taxable","26":"purchasable","27":"product-type-variable"},"_links":{"self":[{"href":"https:\/\/www.barefootfeeling.com\/de\/wp-json\/wp\/v2\/product\/2220","targetHints":{"allow":["GET"]}}],"collection":[{"href":"https:\/\/www.barefootfeeling.com\/de\/wp-json\/wp\/v2\/product"}],"about":[{"href":"https:\/\/www.barefootfeeling.com\/de\/wp-json\/wp\/v2\/types\/product"}],"replies":[{"embeddable":true,"href":"https:\/\/www.barefootfeeling.com\/de\/wp-json\/wp\/v2\/comments?post=2220"}],"wp:featuredmedia":[{"embeddable":true,"href":"https:\/\/www.barefootfeeling.com\/de\/wp-json\/wp\/v2\/media\/2221"}],"wp:attachment":[{"href":"https:\/\/www.barefootfeeling.com\/de\/wp-json\/wp\/v2\/media?parent=2220"}],"wp:term":[{"taxonomy":"product_brand","embeddable":true,"href":"https:\/\/www.barefootfeeling.com\/de\/wp-json\/wp\/v2\/product_brand?post=2220"},{"taxonomy":"product_cat","embeddable":true,"href":"https:\/\/www.barefootfeeling.com\/de\/wp-json\/wp\/v2\/product_cat?post=2220"},{"taxonomy":"product_tag","embeddable":true,"href":"https:\/\/www.barefootfeeling.com\/de\/wp-json\/wp\/v2\/product_tag?post=2220"}],"curies":[{"name":"wp","href":"https:\/\/api.w.org\/{rel}","templated":true}]}}