{"id":2095,"date":"2024-06-01T10:52:23","date_gmt":"2024-06-01T10:52:23","guid":{"rendered":"https:\/\/www.barefootfeeling.com\/?post_type=product&#038;p=2095"},"modified":"2025-04-28T12:57:48","modified_gmt":"2025-04-28T12:57:48","slug":"leguano-juno-sailor","status":"publish","type":"product","link":"https:\/\/www.barefootfeeling.com\/de\/produkt\/leguano-juno-sailor\/","title":{"rendered":"Leguano Juno &#8211; sailor modra"},"content":{"rendered":"<h3><strong>Leguano Juno &#8211; odrasli bosonogi \u010devlji<\/strong><\/h3>\n<p>Primerni so za ozka in srednje \u0161iroka stopala.<\/p>\n<p>&nbsp;<\/p>\n<p><strong>Material<\/strong><\/p>\n<p>Zgornji material: 100 % Poliester<\/p>\n<p>Obroba: 60% poliester, 40% poliurethan<\/p>\n<p>Innensohle: 51 % Polyamid, 49 % Polyurethan. Sohle: LIFOLIT-Ig<\/p>\n<p>Podplat: Lifolit\u00ae-lg<\/p>\n<p>Izdelani v Nem\u010diji.<\/p>\n<p><strong>Waschanleitung: <\/strong>Bei 30 \u00b0C im W\u00e4schenetz waschen (Schonwaschgang). Feinwaschmittel, keinen Weichsp\u00fcler und kein Pulver verwenden. Separat oder mit \u00e4hnlichen Farben waschen. Nicht Trockner geeignet. Schn\u00fcrsenkel separat mit Handw\u00e4sche waschen.<\/p>\n<h4><strong>Gr\u00f6\u00dfentabelle<\/strong><\/h4>\n<p>Obutev se zaradi mehkosti zgornjega materiala dobro prilega razli\u010dnim \u0161irinam stopala ampak jih glede na obliko spredaj priporo\u010damo za ozka srednje \u0161iroka stopala.<\/p>\n<table class=\"product-sizing-table product-sizing-table-B\">\n<thead>\n<tr>\n<th class=\"col-size\">Gr\u00f6\u00dfe<\/th>\n<th class=\"col-length\">Dol\u017eina<\/th>\n<\/tr>\n<\/thead>\n<tbody>\n<tr>\n<td class=\"col-size\">35<\/td>\n<td class=\"col-length\" data-value=\"22,2\">22,2<\/td>\n<\/tr>\n<tr>\n<td class=\"col-size\">36<\/td>\n<td class=\"col-length\" data-value=\"22,5\">22,5<\/td>\n<\/tr>\n<tr>\n<td class=\"col-size\">37<\/td>\n<td class=\"col-length\" data-value=\"23,4\">23,4<\/td>\n<\/tr>\n<tr>\n<td class=\"col-size\">38<\/td>\n<td class=\"col-length\" data-value=\"23,9\">23,9<\/td>\n<\/tr>\n<tr>\n<td class=\"col-size\">39<\/td>\n<td class=\"col-length\" data-value=\"24,5\">24,5<\/td>\n<\/tr>\n<tr>\n<td class=\"col-size\">40<\/td>\n<td class=\"col-length\" data-value=\"25,2\">25,2<\/td>\n<\/tr>\n<tr>\n<td class=\"col-size\">41<\/td>\n<td class=\"col-length\" data-value=\"25,9\">25,9<\/td>\n<\/tr>\n<tr>\n<td class=\"col-size\">42<\/td>\n<td class=\"col-length\" data-value=\"26,5\">26,5<\/td>\n<\/tr>\n<tr>\n<td class=\"col-size\">43<\/td>\n<td class=\"col-length\" data-value=\"27,2\">27,2<\/td>\n<\/tr>\n<tr>\n<td class=\"col-size\">44<\/td>\n<td class=\"col-length\" data-value=\"27,9\">27,9<\/td>\n<\/tr>\n<tr>\n<td class=\"col-size\">45<\/td>\n<td class=\"col-length\" data-value=\"28,5\">28,5<\/td>\n<\/tr>\n<tr>\n<td class=\"col-size\">46<\/td>\n<td class=\"col-length\" data-value=\"29,2\">29,2<\/td>\n<\/tr>\n<tr>\n<td class=\"col-size\">47<\/td>\n<td class=\"col-length\" data-value=\"29,9\">29,9<\/td>\n<\/tr>\n<\/tbody>\n<\/table>","protected":false},"excerpt":{"rendered":"<p>Model Juno je \u0161ik, eleganten in hkrati \u0161porten: popolna me\u0161anica elegantnega poslovnega \u010devlja in vsakdanjega obuvala. Ta enodelni pleteni \u010develj je v kombinaciji z enotno \u010drno vezalko videti kot \u0161portni copat. Z modelom Juno stopala do\u017eivijo svobodo, ki jo potrebujejo, da so mo\u010dna in samozavestna.<\/p>\n<p>&nbsp;<\/p>\n<p>Sie haben Fragen? Unser Serviceteam steht Ihnen gerne zur Verf\u00fcgung. Sie erreichen uns \u00fcber info@barefootfeeling.com. <span style=\"color: #008000;\"><strong><a style=\"color: #008000;\" href=\"mailto:info@barefootfeeling.com\" target=\"_blank\" rel=\"noopener noreferrer\">info@barefootfeeling.com<\/a><\/strong><\/span>, z veseljem vam bomo pomagali.<\/p>","protected":false},"featured_media":2065,"comment_status":"open","ping_status":"closed","template":"","meta":[],"product_brand":[],"product_cat":[29,30,32,21,24,25,19,52,53,56],"product_tag":[],"class_list":{"0":"post-2095","1":"product","2":"type-product","3":"status-publish","4":"has-post-thumbnail","6":"product_cat-moski","7":"product_cat-zenski","8":"product_cat-unisex","9":"product_cat-poletje","10":"product_cat-elegantni","11":"product_cat-sportni","12":"product_cat-leguano","13":"product_cat-ozka-noga","14":"product_cat-srednje-siroka-noga","15":"product_cat-izjemno-fleksibilen","17":"first","18":"onbackorder","19":"shipping-taxable","20":"purchasable","21":"product-type-variable"},"_links":{"self":[{"href":"https:\/\/www.barefootfeeling.com\/de\/wp-json\/wp\/v2\/product\/2095","targetHints":{"allow":["GET"]}}],"collection":[{"href":"https:\/\/www.barefootfeeling.com\/de\/wp-json\/wp\/v2\/product"}],"about":[{"href":"https:\/\/www.barefootfeeling.com\/de\/wp-json\/wp\/v2\/types\/product"}],"replies":[{"embeddable":true,"href":"https:\/\/www.barefootfeeling.com\/de\/wp-json\/wp\/v2\/comments?post=2095"}],"wp:featuredmedia":[{"embeddable":true,"href":"https:\/\/www.barefootfeeling.com\/de\/wp-json\/wp\/v2\/media\/2065"}],"wp:attachment":[{"href":"https:\/\/www.barefootfeeling.com\/de\/wp-json\/wp\/v2\/media?parent=2095"}],"wp:term":[{"taxonomy":"product_brand","embeddable":true,"href":"https:\/\/www.barefootfeeling.com\/de\/wp-json\/wp\/v2\/product_brand?post=2095"},{"taxonomy":"product_cat","embeddable":true,"href":"https:\/\/www.barefootfeeling.com\/de\/wp-json\/wp\/v2\/product_cat?post=2095"},{"taxonomy":"product_tag","embeddable":true,"href":"https:\/\/www.barefootfeeling.com\/de\/wp-json\/wp\/v2\/product_tag?post=2095"}],"curies":[{"name":"wp","href":"https:\/\/api.w.org\/{rel}","templated":true}]}}