{"id":2040,"date":"2024-06-01T09:21:22","date_gmt":"2024-06-01T09:21:22","guid":{"rendered":"https:\/\/www.barefootfeeling.com\/?post_type=product&#038;p=2040"},"modified":"2025-06-17T14:29:45","modified_gmt":"2025-06-17T14:29:45","slug":"leguano-jara-bordeaux","status":"publish","type":"product","link":"https:\/\/www.barefootfeeling.com\/de\/produkt\/leguano-jara-bordeaux\/","title":{"rendered":"Leguano Jara &#8211; bordeaux"},"content":{"rendered":"<h3><strong>Sandali Leguano Jara &#8211; \u017eenski bosonogi sandali<\/strong><\/h3>\n<p>&nbsp;<\/p>\n<p><strong>Materiali<\/strong><\/p>\n<p>Zgornji material: 95% poliester 5% PU<\/p>\n<p>Je\u017eek: 100% poliamid<\/p>\n<p>Nosilec podplata: 50% poliamid, 50% poliuretan<\/p>\n<p>Sohle: LIFOLIT\u00ae-lg<\/p>\n<p>Izdelani v Nem\u010diji.<\/p>\n<p><strong>Pflegehinweis<\/strong>: Za redno \u010di\u0161\u010denje zgornjega dela obrisati z namiljeno vla\u017eno krpo. Lahko se tudi perejo v pralnem stroju, s programom za ro\u010dno pranje in z malo teko\u010dega detergenta, pri 30 stopinjah C. Je\u017eek je pri tem potrebno zapeti!<\/p>\n<p>&nbsp;<\/p>\n<h4><strong>Gr\u00f6\u00dfentabelle<\/strong><\/h4>\n<p>Obutev se zaradi mehkosti zgornjega materiala dobro prilega razli\u010dnim \u0161irinam stopala ampak jih glede na obliko spredaj priporo\u010damo za ozka srednje \u0161iroka stopala.<\/p>\n<table class=\"product-sizing-table product-sizing-table-B\">\n<thead>\n<tr>\n<th class=\"col-size\">Gr\u00f6\u00dfe<\/th>\n<th class=\"col-length\">Dol\u017eina<\/th>\n<\/tr>\n<\/thead>\n<tbody>\n<tr>\n<td class=\"col-size\">36<\/td>\n<td class=\"col-length\" data-value=\"23,2\">23,2<\/td>\n<\/tr>\n<tr>\n<td class=\"col-size\">37<\/td>\n<td class=\"col-length\" data-value=\"23,9\">23,9<\/td>\n<\/tr>\n<tr>\n<td class=\"col-size\">38<\/td>\n<td class=\"col-length\" data-value=\"24,6\">24,6<\/td>\n<\/tr>\n<tr>\n<td class=\"col-size\">39<\/td>\n<td class=\"col-length\" data-value=\"25,2\">25,2<\/td>\n<\/tr>\n<tr>\n<td class=\"col-size\">40<\/td>\n<td class=\"col-length\" data-value=\"25,8\">25,8<\/td>\n<\/tr>\n<tr>\n<td class=\"col-size\">41<\/td>\n<td class=\"col-length\" data-value=\"26,5\">26,5<\/td>\n<\/tr>\n<tr>\n<td class=\"col-size\">42<\/td>\n<td class=\"col-length\" data-value=\"27,2\">27,2<\/td>\n<\/tr>\n<tr>\n<td class=\"col-size\">43<\/td>\n<td class=\"col-length\" data-value=\"27,8\">27,8<\/td>\n<\/tr>\n<tr>\n<td class=\"col-size\">44<\/td>\n<td class=\"col-length\" data-value=\"28,5\">28,5<\/td>\n<\/tr>\n<\/tbody>\n<\/table>\n<p>&nbsp;<\/p>\n<p>&nbsp;<\/p>","protected":false},"excerpt":{"rendered":"<p>\u017denski bosonogi sandali Jara, ki ponujajo udobje Leguano \u010devljev, ki ste za vajeni, tudi v vro\u010dih poletnih dneh. \u0160irok pa\u0161\u010dek je nastavljiv z je\u017ekom, da se lahko popolnoma prilagodi stopalu. Tako kot vsa na\u0161a obutev, so tudi sandali udobni, lahki in mehki, za pravi bosonogi ob\u010dutek.<\/p>\n<p>&nbsp;<\/p>\n<p>Sie haben Fragen? Unser Serviceteam steht Ihnen gerne zur Verf\u00fcgung. Sie erreichen uns \u00fcber info@barefootfeeling.com.\u00a0<a href=\"mailto:info@barefootfeeling.com\" target=\"_blank\" rel=\"noopener noreferrer\"><strong>info@barefootfeeling.com<\/strong><\/a>, z veseljem vam bomo pomagali.<\/p>","protected":false},"featured_media":2037,"comment_status":"open","ping_status":"closed","template":"","meta":[],"product_brand":[],"product_cat":[30,21,24,26,19,52,53,56],"product_tag":[],"class_list":{"0":"post-2040","1":"product","2":"type-product","3":"status-publish","4":"has-post-thumbnail","6":"product_cat-zenski","7":"product_cat-poletje","8":"product_cat-elegantni","9":"product_cat-sandali","10":"product_cat-leguano","11":"product_cat-ozka-noga","12":"product_cat-srednje-siroka-noga","13":"product_cat-izjemno-fleksibilen","15":"first","16":"onbackorder","17":"shipping-taxable","18":"purchasable","19":"product-type-variable"},"_links":{"self":[{"href":"https:\/\/www.barefootfeeling.com\/de\/wp-json\/wp\/v2\/product\/2040","targetHints":{"allow":["GET"]}}],"collection":[{"href":"https:\/\/www.barefootfeeling.com\/de\/wp-json\/wp\/v2\/product"}],"about":[{"href":"https:\/\/www.barefootfeeling.com\/de\/wp-json\/wp\/v2\/types\/product"}],"replies":[{"embeddable":true,"href":"https:\/\/www.barefootfeeling.com\/de\/wp-json\/wp\/v2\/comments?post=2040"}],"wp:featuredmedia":[{"embeddable":true,"href":"https:\/\/www.barefootfeeling.com\/de\/wp-json\/wp\/v2\/media\/2037"}],"wp:attachment":[{"href":"https:\/\/www.barefootfeeling.com\/de\/wp-json\/wp\/v2\/media?parent=2040"}],"wp:term":[{"taxonomy":"product_brand","embeddable":true,"href":"https:\/\/www.barefootfeeling.com\/de\/wp-json\/wp\/v2\/product_brand?post=2040"},{"taxonomy":"product_cat","embeddable":true,"href":"https:\/\/www.barefootfeeling.com\/de\/wp-json\/wp\/v2\/product_cat?post=2040"},{"taxonomy":"product_tag","embeddable":true,"href":"https:\/\/www.barefootfeeling.com\/de\/wp-json\/wp\/v2\/product_tag?post=2040"}],"curies":[{"name":"wp","href":"https:\/\/api.w.org\/{rel}","templated":true}]}}