{"id":1996,"date":"2024-06-01T08:38:15","date_gmt":"2024-06-01T08:38:15","guid":{"rendered":"https:\/\/www.barefootfeeling.com\/?post_type=product&#038;p=1996"},"modified":"2026-05-05T14:56:33","modified_gmt":"2026-05-05T14:56:33","slug":"leguano-ballerina-pink","status":"publish","type":"product","link":"https:\/\/www.barefootfeeling.com\/de\/produkt\/leguano-ballerina-pink\/","title":{"rendered":"Leguano Ballerina &#8211; pink"},"content":{"rendered":"<h4><strong>Leguano Ballerina &#8211; odrasla bosonoga obutev<\/strong><\/h4>\n<p>&nbsp;<\/p>\n<p><strong>Materiali<\/strong><\/p>\n<p>Zgornji material: 38% viskoza, 60% poliamid, 2% elastan<\/p>\n<p>Podplat LIFOLIT\u00ae-lg<\/p>\n<p>Izdelani v Nem\u010diji.<\/p>\n<p><strong>Pflegehinweis<\/strong>: Bei 30 \u00b0C im W\u00e4schenetz waschen (Wollwaschgang oder Handw\u00e4sche). Wollwaschmittel, keinen Weichsp\u00fcler und kein Pulver verwenden. Separat oder mit \u00e4hnlichen Farben waschen. Nicht Trockner geeignet. Schn\u00fcrsenkel separat mit Handw\u00e4sche waschen. Eine regelm\u00e4\u00dfige Impr\u00e4gnierung sorgt daf\u00fcr, dass der Lotuseffekt aufrecht erhalten wird.<\/p>\n<p>&nbsp;<\/p>\n<h4><strong>Gr\u00f6\u00dfentabelle<\/strong><\/h4>\n<p>Obutev se zaradi mehkosti zgornjega materiala dobro prilega razli\u010dnim \u0161irinam stopala.<\/p>\n<table class=\"product-sizing-table product-sizing-table-B\">\n<thead>\n<tr>\n<th class=\"col-size\">Gr\u00f6\u00dfe<\/th>\n<th class=\"col-length\">Dol\u017eina<\/th>\n<\/tr>\n<\/thead>\n<tbody>\n<tr>\n<td class=\"col-size\">XS<\/td>\n<td class=\"col-length\" data-value=\"22\">22<\/td>\n<\/tr>\n<tr>\n<td class=\"col-size\">S<\/td>\n<td class=\"col-length\" data-value=\"23,5\">23,5<\/td>\n<\/tr>\n<tr>\n<td class=\"col-size\">M<\/td>\n<td class=\"col-length\" data-value=\"25\">25<\/td>\n<\/tr>\n<tr>\n<td class=\"col-size\">L<\/td>\n<td class=\"col-length\" data-value=\"26,5\">26,5<\/td>\n<\/tr>\n<tr>\n<td class=\"col-size\">XL<\/td>\n<td class=\"col-length\" data-value=\"28\">28<\/td>\n<\/tr>\n<tr>\n<td class=\"col-size\">XXL<\/td>\n<td class=\"col-length\" data-value=\"29,5\">29,5<\/td>\n<\/tr>\n<tr>\n<td class=\"col-size\">XXL<\/td>\n<td class=\"col-length\" data-value=\"30,5\">30,5<\/td>\n<\/tr>\n<\/tbody>\n<\/table>\n<p>&nbsp;<\/p>\n<p><strong>Wie w\u00e4hle ich die richtige Gr\u00f6\u00dfe?<\/strong><\/p>\n<p>Dieses Modell f\u00e4llt eine Nummer kleiner aus als \u00fcblich, also eine Nummer gr\u00f6\u00dfer bestellen.<\/p>\n<p>Na primer: pri stopalu \u0161tevilka <strong>39<\/strong>, je najve\u010dkrat prava \u00a0velikost <strong>M <\/strong>(40-41),<\/p>\n<p>pri \u0161tevilki <strong>38<\/strong>, praviloma velikost <strong>S <\/strong>(38-39).<\/p>\n<p>\u010ce ste \u0161e vedno v dvomih, nas pokli\u010dite in z veseljem vam bomo svetovali.<\/p>\n<p>&nbsp;<\/p>","protected":false},"excerpt":{"rendered":"<p>Leguano Ballerina se elegantno prilegajo na \u017eenska stopala. Lahko jih nosite k svoji najljub\u0161i obleki ali k jeans hla\u010dam. So tudi super priro\u010dni, saj \u010de jih zvijemo skupaj, zasedejo zelo malo prostora v torbici.<\/p>\n<p>Leguano Ballerina imajo podplat, ki je primeren za zunanje okolje, lahko pa se nosijo tudi v notranjih prostorih kot copati.<\/p>\n<p>&nbsp;<\/p>\n<p>Sie haben Fragen? Unser Serviceteam steht Ihnen gerne zur Verf\u00fcgung. Sie erreichen uns \u00fcber info@barefootfeeling.com. <span style=\"color: #008000;\"><a style=\"color: #008000;\" href=\"mailto:info@barefootfeeling.com\" target=\"_blank\" rel=\"noopener noreferrer\"><strong>info@barefootfeeling.com<\/strong><\/a><\/span>, z veseljem vam bomo pomagali.<\/p>","protected":false},"featured_media":1976,"comment_status":"open","ping_status":"closed","template":"","meta":[],"product_brand":[],"product_cat":[30,21,27,23,24,25,19,52,53,54,56],"product_tag":[],"class_list":{"0":"post-1996","1":"product","2":"type-product","3":"status-publish","4":"has-post-thumbnail","6":"product_cat-zenski","7":"product_cat-poletje","8":"product_cat-balerinke","9":"product_cat-copati","10":"product_cat-elegantni","11":"product_cat-sportni","12":"product_cat-leguano","13":"product_cat-ozka-noga","14":"product_cat-srednje-siroka-noga","15":"product_cat-siroka-noga","16":"product_cat-izjemno-fleksibilen","18":"first","19":"instock","20":"shipping-taxable","21":"purchasable","22":"product-type-variable"},"_links":{"self":[{"href":"https:\/\/www.barefootfeeling.com\/de\/wp-json\/wp\/v2\/product\/1996","targetHints":{"allow":["GET"]}}],"collection":[{"href":"https:\/\/www.barefootfeeling.com\/de\/wp-json\/wp\/v2\/product"}],"about":[{"href":"https:\/\/www.barefootfeeling.com\/de\/wp-json\/wp\/v2\/types\/product"}],"replies":[{"embeddable":true,"href":"https:\/\/www.barefootfeeling.com\/de\/wp-json\/wp\/v2\/comments?post=1996"}],"wp:featuredmedia":[{"embeddable":true,"href":"https:\/\/www.barefootfeeling.com\/de\/wp-json\/wp\/v2\/media\/1976"}],"wp:attachment":[{"href":"https:\/\/www.barefootfeeling.com\/de\/wp-json\/wp\/v2\/media?parent=1996"}],"wp:term":[{"taxonomy":"product_brand","embeddable":true,"href":"https:\/\/www.barefootfeeling.com\/de\/wp-json\/wp\/v2\/product_brand?post=1996"},{"taxonomy":"product_cat","embeddable":true,"href":"https:\/\/www.barefootfeeling.com\/de\/wp-json\/wp\/v2\/product_cat?post=1996"},{"taxonomy":"product_tag","embeddable":true,"href":"https:\/\/www.barefootfeeling.com\/de\/wp-json\/wp\/v2\/product_tag?post=1996"}],"curies":[{"name":"wp","href":"https:\/\/api.w.org\/{rel}","templated":true}]}}