{"id":1842,"date":"2024-05-27T15:20:45","date_gmt":"2024-05-27T15:20:45","guid":{"rendered":"https:\/\/www.barefootfeeling.com\/?post_type=product&#038;p=1842"},"modified":"2026-01-27T16:10:25","modified_gmt":"2026-01-27T16:10:25","slug":"leguano-husky","status":"publish","type":"product","link":"https:\/\/www.barefootfeeling.com\/de\/produkt\/leguano-husky\/","title":{"rendered":"Leguano Husky"},"content":{"rendered":"<h3><strong>Leguano Husky &#8211; zimski odrasli bosonogi \u010devlji<\/strong><\/h3>\n<p>&nbsp;<\/p>\n<p><strong>Material<\/strong><\/p>\n<p>Zgornji material: 60 % poliuretan (diha in je vodoodbojen), 40% poliester<\/p>\n<p>Obloga pete in jezik, podloga: 100 % poliester<\/p>\n<p>Sohle: LIFOLIT\u00ae-lg<\/p>\n<p>Narejeni v Nem\u010diji.<\/p>\n<h4><strong>Gr\u00f6\u00dfentabelle<\/strong><\/h4>\n<p>Obutev se zaradi mehkosti zgornjega materiala dobro prilega razli\u010dnim \u0161irinam stopala ampak jih glede na obliko spredaj priporo\u010damo za srednje \u0161iroka in \u0161iroka stopala.<\/p>\n<table class=\"product-sizing-table product-sizing-table-B\">\n<thead>\n<tr>\n<th class=\"col-size\">Gr\u00f6\u00dfe<\/th>\n<th class=\"col-length\">Dol\u017eina<\/th>\n<\/tr>\n<\/thead>\n<tbody>\n<tr>\n<td class=\"col-size\">36<\/td>\n<td class=\"col-length\" data-value=\"22,9\">22,9<\/td>\n<\/tr>\n<tr>\n<td class=\"col-size\">37<\/td>\n<td class=\"col-length\" data-value=\"23,6\">23,6<\/td>\n<\/tr>\n<tr>\n<td class=\"col-size\">38<\/td>\n<td class=\"col-length\" data-value=\"24,3\">24,3<\/td>\n<\/tr>\n<tr>\n<td class=\"col-size\">39<\/td>\n<td class=\"col-length\" data-value=\"24,9\">24,9<\/td>\n<\/tr>\n<tr>\n<td class=\"col-size\">40<\/td>\n<td class=\"col-length\" data-value=\"25,6\">25,6<\/td>\n<\/tr>\n<tr>\n<td class=\"col-size\">41<\/td>\n<td class=\"col-length\" data-value=\"26,3\">26,3<\/td>\n<\/tr>\n<tr>\n<td class=\"col-size\">42<\/td>\n<td class=\"col-length\" data-value=\"26,9\">26,9<\/td>\n<\/tr>\n<tr>\n<td class=\"col-size\">43<\/td>\n<td class=\"col-length\" data-value=\"27,6\">27,6<\/td>\n<\/tr>\n<tr>\n<td class=\"col-size\">44<\/td>\n<td class=\"col-length\" data-value=\"28,3\">28,3<\/td>\n<\/tr>\n<tr>\n<td class=\"col-size\">45<\/td>\n<td class=\"col-length\" data-value=\"28,9\">28,9<\/td>\n<\/tr>\n<tr>\n<td class=\"col-size\">46<\/td>\n<td class=\"col-length\" data-value=\"29,6\">29,6<\/td>\n<\/tr>\n<tr>\n<td class=\"col-size\">47<\/td>\n<td class=\"col-length\" data-value=\"30,3\">30,3<\/td>\n<\/tr>\n<\/tbody>\n<\/table>\n<p><strong>Wie w\u00e4hle ich die richtige Gr\u00f6\u00dfe?<\/strong><\/p>\n<p>Pri tem modelu so zaradi debelej\u0161e podloge odstopanja pri velikosti. Sploh, \u010de jih \u017eelite nositi z debelej\u0161imi nogavicami, priporo\u010damo da naro\u010dite eno \u0161tevilko ve\u010djo velikost.<\/p>","protected":false},"excerpt":{"rendered":"<p><span style=\"font-family: georgia, palatino, serif; font-size: 16px;\">Leguano Husky so zimski bosonogi \u010devlji, ki so ob aktivnem gibanju primerni tudi za mrzle dni. Idealni so za zimske sprehode v snegu, izlete za vikend ali za vsakdan. Nudijo povsem naraven ob\u010dutek bosih nog kljub zimi, senzori\u010dne povratne informacije in prijetno toploto v enem. Zaradi tople notranje podloge, materiala, ki odbija vodo, ter izjemno prilagodljivega in nedrse\u010dega podplata je \u0161e posebej primeren za hladne dni.<\/span><\/p>\n<p>Sie k\u00f6nnen auch mit einem Textilimpr\u00e4gniermittel impr\u00e4gniert werden (z. B.: <span style=\"color: #008000;\"><em><a style=\"color: #008000;\" href=\"https:\/\/www.leguano.si\/izdelek\/nikwax-impregnacija-za-tkanino-in-usnje-125ml\/\" target=\"_blank\" rel=\"noopener noreferrer\">Nikwax<\/a><\/em><\/span>), so dass nicht einmal Wasser an sie herankommt.<\/p>\n<p>&nbsp;<\/p>\n<p>Sie haben Fragen? Unser Serviceteam steht Ihnen gerne zur Verf\u00fcgung. Sie erreichen uns \u00fcber info@barefootfeeling.com. <a href=\"mailto:info@barefootfeeling.com\" target=\"_blank\" rel=\"noopener noreferrer\"><strong>info@barefootfeeling.com<\/strong><\/a>, z veseljem vam bomo pomagali.<\/p>","protected":false},"featured_media":1843,"comment_status":"open","ping_status":"closed","template":"","meta":[],"product_brand":[],"product_cat":[28,29,30,32,17,20,22,18,19,53,54,56],"product_tag":[],"class_list":{"0":"post-1842","1":"product","2":"type-product","3":"status-publish","4":"has-post-thumbnail","6":"product_cat-spol","7":"product_cat-moski","8":"product_cat-zenski","9":"product_cat-unisex","10":"product_cat-letni-cas","11":"product_cat-zima","12":"product_cat-visoki","13":"product_cat-znamka","14":"product_cat-leguano","15":"product_cat-srednje-siroka-noga","16":"product_cat-siroka-noga","17":"product_cat-izjemno-fleksibilen","19":"first","20":"instock","21":"sale","22":"shipping-taxable","23":"purchasable","24":"product-type-variable"},"_links":{"self":[{"href":"https:\/\/www.barefootfeeling.com\/de\/wp-json\/wp\/v2\/product\/1842","targetHints":{"allow":["GET"]}}],"collection":[{"href":"https:\/\/www.barefootfeeling.com\/de\/wp-json\/wp\/v2\/product"}],"about":[{"href":"https:\/\/www.barefootfeeling.com\/de\/wp-json\/wp\/v2\/types\/product"}],"replies":[{"embeddable":true,"href":"https:\/\/www.barefootfeeling.com\/de\/wp-json\/wp\/v2\/comments?post=1842"}],"wp:featuredmedia":[{"embeddable":true,"href":"https:\/\/www.barefootfeeling.com\/de\/wp-json\/wp\/v2\/media\/1843"}],"wp:attachment":[{"href":"https:\/\/www.barefootfeeling.com\/de\/wp-json\/wp\/v2\/media?parent=1842"}],"wp:term":[{"taxonomy":"product_brand","embeddable":true,"href":"https:\/\/www.barefootfeeling.com\/de\/wp-json\/wp\/v2\/product_brand?post=1842"},{"taxonomy":"product_cat","embeddable":true,"href":"https:\/\/www.barefootfeeling.com\/de\/wp-json\/wp\/v2\/product_cat?post=1842"},{"taxonomy":"product_tag","embeddable":true,"href":"https:\/\/www.barefootfeeling.com\/de\/wp-json\/wp\/v2\/product_tag?post=1842"}],"curies":[{"name":"wp","href":"https:\/\/api.w.org\/{rel}","templated":true}]}}