{"id":2844,"date":"2024-09-12T08:17:37","date_gmt":"2024-09-12T08:17:37","guid":{"rendered":"https:\/\/www.barefootfeeling.com\/?page_id=2844"},"modified":"2024-10-30T11:06:33","modified_gmt":"2024-10-30T11:06:33","slug":"o-nas","status":"publish","type":"page","link":"https:\/\/www.barefootfeeling.com\/de\/o-nas\/","title":{"rendered":"\u00dcber uns"},"content":{"rendered":"<p>Z bosonogimi \u010devlji Leguano sva se prvi\u010d sre\u010dala poleti 2015, ko sva bila na dopustu na vzhodnem morju v Nem\u010diji.<\/p>\n\n\n\n<p>Ko sva se sprehajala po promenadi je najino pozornost vzbudila trgovina Leguano. Nisva vedela, kako naj si razlagava izraz \u201dbosonogi \u010devlji\u201d, zato sva \u0161la noter in postavila prodajalki veliko vpra\u0161anj.<\/p>\n\n\n\n<p>Najprej sva bila skepti\u010dna (o ideji, da hodi\u0161 bos medtem ko nosi\u0161 \u010devlje). Ampak ko sva jih preizkusila, sva bila navdu\u0161ena nad ob\u010dutkom bosih nog, ki so ga \u010devlji dajali. Prodajalka naju je pou\u010dila, kako morava hoditi v najinih novih \u010devljih. Svetovala nama je, da \u010de se ho\u010deva izognit bole\u010dinam v mi\u0161icah, morava bosonoge \u010devlje uvesti postopoma, da se stopala po\u010dasi navadijo. <\/p>\n\n\n\n<p>Tako navdu\u0161ena sva bila nad ob\u010dutkom in svobodo v \u010devljih \u010devlji Leguano, da nisva \u017eelela nositi nobenih drugih \u010devljev ve\u010d. Seveda sva imela na za\u010detku bole\u010dine v mi\u0161icah in tako videla, kako neutrjena so bila najina stopala vsa ta leta. Ampak mi\u0161ice so se kmalu navadile novih izzivov. Opazila sva, kako se je izbolj\u0161ala najina telesna dr\u017ea, tako pri hoji, kot tudi pri sedenju. Tek je dobil popolnoma novo dimenzijo, te\u010di s svobodnimi stopali je bilo veliko bolj zabavno, zdelo se je, kot da bi letala po stezi.<\/p>\n\n\n\n<p>V enem letu in pol sva z Leguano \u010devlji do\u017eivela veliko lepih izku\u0161enj, kot na primer izlete v hribe, plavanje v potoku, tek in sprehodi v gozdu. S svojimi pozitivnimi u\u010dinki so naju resni\u010dno prepri\u010dali, zato sva se leta 2016 odlo\u010dila, da jih pripeljeva tudi v Slovenijo. Zdaj smo raz\u0161irili na\u0161 nabor bosonogih \u010devljev in v ponudbo dodali tudi druge znamke bosonoge obutve.<\/p>\n\n\n\n<p>\u017deliva deliti najino navdu\u0161enje in ljudem pomagati re\u0161iti ali prepre\u010diti marsikatere te\u017eave. \u0160e posebej pomembno se nama zdi to pri otrocih, saj se jim stopala \u0161e razvijajo in bosonogi \u010devlji so edina primerna obutev za zdrav razvoj otro\u0161kih stopal.<\/p>\n\n\n\n<p><em>Julia in Dejan<\/em><\/p>","protected":false},"excerpt":{"rendered":"<p>Z bosonogimi \u010devlji Leguano sva se prvi\u010d sre\u010dala poleti 2015, ko sva bila na dopustu na vzhodnem morju v Nem\u010diji. Ko sva se sprehajala po promenadi je najino pozornost vzbudila trgovina Leguano. Nisva vedela, kako naj si razlagava izraz \u201dbosonogi \u010devlji\u201d, zato sva \u0161la noter in postavila prodajalki veliko vpra\u0161anj. Najprej sva bila skepti\u010dna (o [&hellip;]<\/p>","protected":false},"author":1,"featured_media":0,"parent":0,"menu_order":0,"comment_status":"closed","ping_status":"closed","template":"","meta":{"footnotes":""},"class_list":["post-2844","page","type-page","status-publish","hentry"],"_links":{"self":[{"href":"https:\/\/www.barefootfeeling.com\/de\/wp-json\/wp\/v2\/pages\/2844","targetHints":{"allow":["GET"]}}],"collection":[{"href":"https:\/\/www.barefootfeeling.com\/de\/wp-json\/wp\/v2\/pages"}],"about":[{"href":"https:\/\/www.barefootfeeling.com\/de\/wp-json\/wp\/v2\/types\/page"}],"author":[{"embeddable":true,"href":"https:\/\/www.barefootfeeling.com\/de\/wp-json\/wp\/v2\/users\/1"}],"replies":[{"embeddable":true,"href":"https:\/\/www.barefootfeeling.com\/de\/wp-json\/wp\/v2\/comments?post=2844"}],"version-history":[{"count":2,"href":"https:\/\/www.barefootfeeling.com\/de\/wp-json\/wp\/v2\/pages\/2844\/revisions"}],"predecessor-version":[{"id":3148,"href":"https:\/\/www.barefootfeeling.com\/de\/wp-json\/wp\/v2\/pages\/2844\/revisions\/3148"}],"wp:attachment":[{"href":"https:\/\/www.barefootfeeling.com\/de\/wp-json\/wp\/v2\/media?parent=2844"}],"curies":[{"name":"wp","href":"https:\/\/api.w.org\/{rel}","templated":true}]}}